{"id":419,"date":"2020-04-24T18:31:36","date_gmt":"2020-04-24T18:31:36","guid":{"rendered":"http:\/\/matchamoya.cz\/?post_type=product&#038;p=419"},"modified":"2026-04-14T02:19:59","modified_gmt":"2026-04-14T02:19:59","slug":"zeleny-caj-bio-kukicha-ze-stonku-a-vetvicek-cajovniku-60g-moya","status":"publish","type":"product","link":"https:\/\/matchamoya.cz\/en\/shop\/tradicni-japonske-listove-zelene-caje\/zeleny-caj-bio-kukicha-ze-stonku-a-vetvicek-cajovniku-60g-moya\/","title":{"rendered":"Zelen\u00fd \u010daj BIO KUKICHA ze stonk\u016f a v\u011btvi\u010dek \u010dajovn\u00edku 60g &#8211; Moya"},"content":{"rendered":"<h1>MOYA KUKICHA: \u010cAJ, JAKO \u017d\u00c1DN\u00dd JIN\u00dd, VYROBEN\u00dd ZE STONK\u016e A V\u011aTVI\u010cEK \u010cAJOVN\u00cdKU<\/h1>\n<p>Kukicha je sv\u011btle st\u00ednovan\u00fd \u010daj, kter\u00fd m\u00e1 jemn\u011b o\u0159echovou chu\u0165 s n\u00e1dechem medov\u00e9 chuti a umami. Byl vynalezen v Japonsku, kde m\u00edstn\u00ed farm\u00e1\u0159i po prodeji cenn\u011bj\u0161\u00edch list\u016f a pupen\u016f va\u0159ili sv\u016fj vlastn\u00ed \u010daj ze zb\u00fdvaj\u00edc\u00edch stonk\u016f a v\u011btvi\u010dek. V japon\u0161tin\u011b \u201ekuki\u201c znamen\u00e1 \u201ev\u011btvi\u010dka\u201c a \u201echa\u201c znamen\u00e1 \u201e\u010daj\u201c. Moya Kukicha poch\u00e1z\u00ed z ekologick\u00e9ho p\u011bstov\u00e1n\u00ed na ostrov\u011b Kj\u00fa\u0161\u00fa a d\u00edky jemn\u00e9mu pra\u017een\u00ed m\u00e1 zvl\u00e1\u0161tn\u00ed, m\u00edrn\u00e9 siln\u011bj\u0161\u00ed aroma. Proto se kukicha \u010dasto pou\u017e\u00edv\u00e1 k p\u0159\u00edprav\u011b studen\u00e9ho \u010daje.<\/p>\n<p>Ve stonc\u00edch nedoch\u00e1z\u00ed k fotosynt\u00e9ze, kter\u00e1 sni\u017euje obsah theaninu a zvy\u0161uje obsah t\u0159\u00edslovin, a proto kukicha obsahuje vysok\u00fd pod\u00edl t\u00e9to relaxa\u010dn\u00ed slou\u010deniny a m\u00e1 n\u00edzkou hladinu kofeinu. Kukicha je pova\u017eov\u00e1n za makrobiotick\u00fd \u010daj pro sv\u00e9 alkaliza\u010dn\u00ed vlastnosti a vysok\u00fd obsah v\u00e1pn\u00edku. Mohou ho p\u00edt d\u011bti, t\u011bhotn\u00e9 \u017eeny i star\u0161\u00ed lid\u00e9. Stejn\u011b jako ostatn\u00ed japonsk\u00e9 zelen\u00e9 \u010daje je i kukicha bohat\u00fdm zdrojem katechin\u016f a antioxidant\u016f. Pit\u00ed Kukichy je dobr\u00e9 pro tr\u00e1ven\u00ed. Pom\u00e1h\u00e1 tak\u00e9 detoxikovat na\u0161e t\u011blo, udr\u017eovat norm\u00e1ln\u00ed hladinu cukru v krvi, sni\u017eovat hladinu \u0161patn\u00e9ho cholesterolu a zlep\u0161ovat celkov\u00e9 du\u0161evn\u00ed zdrav\u00ed. Jeho listy obsahuj\u00ed snadno vst\u0159ebateln\u00fd vitamin C, beta-karoten, kyselinu listovou, drasl\u00edk, v\u00e1pn\u00edk a fosfor.<\/p>\n<p>100% organick\u00fd zelen\u00fd \u010daj<img loading=\"lazy\" decoding=\"async\" class=\"size-medium wp-image-927 alignright\" src=\"https:\/\/matchamoya.cz\/wp-content\/uploads\/2020\/04\/Moya-Kukicha-Organic-Leaf-Green-Tea-60g-3-500x400.jpg\" alt=\"kukicha-detail\" width=\"500\" height=\"400\" srcset=\"https:\/\/matchamoya.cz\/wp-content\/uploads\/2020\/04\/Moya-Kukicha-Organic-Leaf-Green-Tea-60g-3-500x400.jpg 500w, https:\/\/matchamoya.cz\/wp-content\/uploads\/2020\/04\/Moya-Kukicha-Organic-Leaf-Green-Tea-60g-3.jpg 513w\" sizes=\"(max-width: 500px) 100vw, 500px\" \/><\/p>\n<p><strong>Zem\u011b p\u016fvodu:<\/strong> Japonsko, Kagoshima, ostrov Kyushu<\/p>\n<p><strong>Chu\u0165:<\/strong> jemn\u00e1, rostlinn\u00e1 s ho\u0159k\u00fdmi podt\u00f3ny<\/p>\n<p><strong>Barva:<\/strong> jasn\u00fd \u017eluto-zelen\u00fd odst\u00edn<\/p>\n<p><strong>Doba sklizn\u011b:<\/strong> v\u017edy aktu\u00e1ln\u00ed leto\u0161n\u00ed sklize\u0148<\/p>\n<p>\u010cist\u00e1 hmotnost: 60 g<\/p>\n<p><strong>P\u0159\u00edprava:<\/strong><\/p>\n<p>Mno\u017estv\u00ed: 2-3 g \/ 150 ml vody<\/p>\n<p>Doba louhov\u00e1n\u00ed (infuze): 2 min<\/p>\n<p>Teplota vody: 70 &#8211; 80 \u00b0 C<\/p>\n<p>Mo\u017enost opakovan\u00e9 infuze: ANO, maxim\u00e1ln\u011b 4 x<\/p>","protected":false},"excerpt":{"rendered":"<p>Kukicha je zvl\u00e1\u0161tn\u00ed druh zelen\u00e9ho \u010daje ze stonk\u016f a v\u011btvi\u010dek, tedy element\u016f, kter\u00e9 jsou z\u00a0ostatn\u00edch zelen\u00fdch \u010daj\u016f odstran\u011bny. <strong>Kukicha m\u00e1 jedine\u010dnou sladkou a plnou chu\u0165 s mo\u0159sk\u00fdmi t\u00f3ny<\/strong>. Kukicha je jedn\u00edm z preferovan\u00fdch \u010daj\u016f v <strong>makrobiotick\u00e9 strav\u011b<\/strong>. Moya Kukicha je jemn\u011b pra\u017een\u00e1 a m\u00e1 n\u00edzk\u00fd obsahu kofeinu, tak\u017ee je ide\u00e1ln\u00ed k pit\u00ed kdykoli b\u011bhem dne.<\/p>\n<p>100% organick\u00fd zelen\u00fd \u010daj<\/p>\n<p><strong>Zem\u011b p\u016fvodu:<\/strong> Japonsko, Kagoshima, ostrov Kyushu<\/p>\n<p><strong>Chu\u0165:<\/strong> jemn\u00e1, rostlinn\u00e1 s ho\u0159k\u00fdmi podt\u00f3ny<\/p>\n<p><strong>Barva:<\/strong> jasn\u00fd \u017eluto-zelen\u00fd odst\u00edn<\/p>\n<p><strong>Doba sklizn\u011b:<\/strong> v\u017edy aktu\u00e1ln\u00ed leto\u0161n\u00ed sklize\u0148<\/p>\n<p>\u010cist\u00e1 hmotnost: 60 g<\/p>\n<p><strong>P\u0159\u00edprava:<\/strong><\/p>\n<p>Mno\u017estv\u00ed: 2-3 g \/ 150 ml vody<\/p>\n<p>Doba louhov\u00e1n\u00ed (infuze): 2 min<\/p>\n<p>Teplota vody: 70 &#8211; 80 \u00b0 C<\/p>\n<p>Mo\u017enost opakovan\u00e9 infuze: ANO, maxim\u00e1ln\u011b 4 x<\/p>","protected":false},"featured_media":420,"comment_status":"open","ping_status":"closed","template":"","meta":[],"product_cat":[75],"product_tag":[],"class_list":{"0":"post-419","1":"product","2":"type-product","3":"status-publish","4":"has-post-thumbnail","6":"product_cat-tradicni-japonske-listove-zelene-caje","7":"product_shipping_class-dobra-dodani","9":"first","10":"instock","11":"featured","12":"taxable","13":"shipping-taxable","14":"purchasable","15":"product-type-simple"},"yoast_head":"<!-- This site is optimized with the Yoast SEO plugin v23.4 - https:\/\/yoast.com\/wordpress\/plugins\/seo\/ -->\n<title>Zelen\u00fd \u010daj BIO KUKICHA ze stonk\u016f a v\u011btvi\u010dek \u010dajovn\u00edku | Matcha Moya<\/title>\n<meta name=\"description\" content=\"Kukicha je sv\u011btle st\u00ednovan\u00fd \u010daj, kter\u00fd m\u00e1 jemn\u011b o\u0159echovou chu\u0165 s n\u00e1dechem medov\u00e9 chuti a umami. D\u00edky jemn\u00e9mu pra\u017een\u00ed m\u00e1 m\u00edrn\u00e9 siln\u011bj\u0161\u00ed aroma.\" \/>\n<meta name=\"robots\" content=\"index, follow, max-snippet:-1, max-image-preview:large, max-video-preview:-1\" \/>\n<link rel=\"canonical\" href=\"https:\/\/matchamoya.cz\/en\/shop\/tradicni-japonske-listove-zelene-caje\/zeleny-caj-bio-kukicha-ze-stonku-a-vetvicek-cajovniku-60g-moya\/\" \/>\n<meta property=\"og:locale\" content=\"en_US\" \/>\n<meta property=\"og:type\" content=\"article\" \/>\n<meta property=\"og:title\" content=\"Zelen\u00fd \u010daj BIO KUKICHA ze stonk\u016f a v\u011btvi\u010dek \u010dajovn\u00edku | Matcha Moya\" \/>\n<meta property=\"og:description\" content=\"Kukicha je sv\u011btle st\u00ednovan\u00fd \u010daj, kter\u00fd m\u00e1 jemn\u011b o\u0159echovou chu\u0165 s n\u00e1dechem medov\u00e9 chuti a umami. D\u00edky jemn\u00e9mu pra\u017een\u00ed m\u00e1 m\u00edrn\u00e9 siln\u011bj\u0161\u00ed aroma.\" \/>\n<meta property=\"og:url\" content=\"https:\/\/matchamoya.cz\/en\/shop\/tradicni-japonske-listove-zelene-caje\/zeleny-caj-bio-kukicha-ze-stonku-a-vetvicek-cajovniku-60g-moya\/\" \/>\n<meta property=\"og:site_name\" content=\"Matcha Moya\" \/>\n<meta property=\"article:modified_time\" content=\"2026-04-14T02:19:59+00:00\" \/>\n<meta property=\"og:image\" content=\"https:\/\/matchamoya.cz\/wp-content\/uploads\/2020\/04\/Moya-Kukicha-Organic-Green-Tea-60g-tin-1.jpg\" \/>\n\t<meta property=\"og:image:width\" content=\"800\" \/>\n\t<meta property=\"og:image:height\" content=\"800\" \/>\n\t<meta property=\"og:image:type\" content=\"image\/jpeg\" \/>\n<meta name=\"twitter:card\" content=\"summary_large_image\" \/>\n<meta name=\"twitter:label1\" content=\"Est. reading time\" \/>\n\t<meta name=\"twitter:data1\" content=\"2 minutes\" \/>\n<!-- \/ Yoast SEO plugin. -->","yoast_head_json":{"title":"Zelen\u00fd \u010daj BIO KUKICHA ze stonk\u016f a v\u011btvi\u010dek \u010dajovn\u00edku | Matcha Moya","description":"Kukicha je sv\u011btle st\u00ednovan\u00fd \u010daj, kter\u00fd m\u00e1 jemn\u011b o\u0159echovou chu\u0165 s n\u00e1dechem medov\u00e9 chuti a umami. D\u00edky jemn\u00e9mu pra\u017een\u00ed m\u00e1 m\u00edrn\u00e9 siln\u011bj\u0161\u00ed aroma.","robots":{"index":"index","follow":"follow","max-snippet":"max-snippet:-1","max-image-preview":"max-image-preview:large","max-video-preview":"max-video-preview:-1"},"canonical":"https:\/\/matchamoya.cz\/en\/shop\/tradicni-japonske-listove-zelene-caje\/zeleny-caj-bio-kukicha-ze-stonku-a-vetvicek-cajovniku-60g-moya\/","og_locale":"en_US","og_type":"article","og_title":"Zelen\u00fd \u010daj BIO KUKICHA ze stonk\u016f a v\u011btvi\u010dek \u010dajovn\u00edku | Matcha Moya","og_description":"Kukicha je sv\u011btle st\u00ednovan\u00fd \u010daj, kter\u00fd m\u00e1 jemn\u011b o\u0159echovou chu\u0165 s n\u00e1dechem medov\u00e9 chuti a umami. D\u00edky jemn\u00e9mu pra\u017een\u00ed m\u00e1 m\u00edrn\u00e9 siln\u011bj\u0161\u00ed aroma.","og_url":"https:\/\/matchamoya.cz\/en\/shop\/tradicni-japonske-listove-zelene-caje\/zeleny-caj-bio-kukicha-ze-stonku-a-vetvicek-cajovniku-60g-moya\/","og_site_name":"Matcha Moya","article_modified_time":"2026-04-14T02:19:59+00:00","og_image":[{"width":800,"height":800,"url":"https:\/\/matchamoya.cz\/wp-content\/uploads\/2020\/04\/Moya-Kukicha-Organic-Green-Tea-60g-tin-1.jpg","type":"image\/jpeg"}],"twitter_card":"summary_large_image","twitter_misc":{"Est. reading time":"2 minutes"},"schema":{"@context":"https:\/\/schema.org","@graph":[{"@type":"WebPage","@id":"https:\/\/matchamoya.cz\/en\/shop\/tradicni-japonske-listove-zelene-caje\/zeleny-caj-bio-kukicha-ze-stonku-a-vetvicek-cajovniku-60g-moya\/","url":"https:\/\/matchamoya.cz\/en\/shop\/tradicni-japonske-listove-zelene-caje\/zeleny-caj-bio-kukicha-ze-stonku-a-vetvicek-cajovniku-60g-moya\/","name":"Zelen\u00fd \u010daj BIO KUKICHA ze stonk\u016f a v\u011btvi\u010dek \u010dajovn\u00edku | Matcha Moya","isPartOf":{"@id":"https:\/\/matchamoya.cz\/en\/#website"},"primaryImageOfPage":{"@id":"https:\/\/matchamoya.cz\/en\/shop\/tradicni-japonske-listove-zelene-caje\/zeleny-caj-bio-kukicha-ze-stonku-a-vetvicek-cajovniku-60g-moya\/#primaryimage"},"image":{"@id":"https:\/\/matchamoya.cz\/en\/shop\/tradicni-japonske-listove-zelene-caje\/zeleny-caj-bio-kukicha-ze-stonku-a-vetvicek-cajovniku-60g-moya\/#primaryimage"},"thumbnailUrl":"https:\/\/matchamoya.cz\/wp-content\/uploads\/2020\/04\/Moya-Kukicha-Organic-Green-Tea-60g-tin-1.jpg","datePublished":"2020-04-24T18:31:36+00:00","dateModified":"2026-04-14T02:19:59+00:00","description":"Kukicha je sv\u011btle st\u00ednovan\u00fd \u010daj, kter\u00fd m\u00e1 jemn\u011b o\u0159echovou chu\u0165 s n\u00e1dechem medov\u00e9 chuti a umami. D\u00edky jemn\u00e9mu pra\u017een\u00ed m\u00e1 m\u00edrn\u00e9 siln\u011bj\u0161\u00ed aroma.","breadcrumb":{"@id":"https:\/\/matchamoya.cz\/en\/shop\/tradicni-japonske-listove-zelene-caje\/zeleny-caj-bio-kukicha-ze-stonku-a-vetvicek-cajovniku-60g-moya\/#breadcrumb"},"inLanguage":"en-US","potentialAction":[{"@type":"ReadAction","target":["https:\/\/matchamoya.cz\/en\/shop\/tradicni-japonske-listove-zelene-caje\/zeleny-caj-bio-kukicha-ze-stonku-a-vetvicek-cajovniku-60g-moya\/"]}]},{"@type":"ImageObject","inLanguage":"en-US","@id":"https:\/\/matchamoya.cz\/en\/shop\/tradicni-japonske-listove-zelene-caje\/zeleny-caj-bio-kukicha-ze-stonku-a-vetvicek-cajovniku-60g-moya\/#primaryimage","url":"https:\/\/matchamoya.cz\/wp-content\/uploads\/2020\/04\/Moya-Kukicha-Organic-Green-Tea-60g-tin-1.jpg","contentUrl":"https:\/\/matchamoya.cz\/wp-content\/uploads\/2020\/04\/Moya-Kukicha-Organic-Green-Tea-60g-tin-1.jpg","width":800,"height":800,"caption":"moya-kukicha-zeleny-japonsky-listovy-caj-bio-60g"},{"@type":"BreadcrumbList","@id":"https:\/\/matchamoya.cz\/en\/shop\/tradicni-japonske-listove-zelene-caje\/zeleny-caj-bio-kukicha-ze-stonku-a-vetvicek-cajovniku-60g-moya\/#breadcrumb","itemListElement":[{"@type":"ListItem","position":1,"name":"Dom\u016f","item":"https:\/\/matchamoya.cz\/"},{"@type":"ListItem","position":2,"name":"E-SHOP","item":"https:\/\/matchamoya.cz\/shop\/"},{"@type":"ListItem","position":3,"name":"Zelen\u00fd \u010daj BIO KUKICHA ze stonk\u016f a v\u011btvi\u010dek \u010dajovn\u00edku 60g &#8211; Moya"}]},{"@type":"WebSite","@id":"https:\/\/matchamoya.cz\/en\/#website","url":"https:\/\/matchamoya.cz\/en\/","name":"Matcha Moya","description":"Matcha Moya","publisher":{"@id":"https:\/\/matchamoya.cz\/en\/#organization"},"potentialAction":[{"@type":"SearchAction","target":{"@type":"EntryPoint","urlTemplate":"https:\/\/matchamoya.cz\/en\/?s={search_term_string}"},"query-input":{"@type":"PropertyValueSpecification","valueRequired":true,"valueName":"search_term_string"}}],"inLanguage":"en-US"},{"@type":"Organization","@id":"https:\/\/matchamoya.cz\/en\/#organization","name":"Moya Matcha","url":"https:\/\/matchamoya.cz\/en\/","logo":{"@type":"ImageObject","inLanguage":"en-US","@id":"https:\/\/matchamoya.cz\/en\/#\/schema\/logo\/image\/","url":"https:\/\/matchamoya.cz\/wp-content\/uploads\/2020\/03\/MOYA_Logo_Green-Black_02.png","contentUrl":"https:\/\/matchamoya.cz\/wp-content\/uploads\/2020\/03\/MOYA_Logo_Green-Black_02.png","width":313,"height":310,"caption":"Moya Matcha"},"image":{"@id":"https:\/\/matchamoya.cz\/en\/#\/schema\/logo\/image\/"}}]}},"_links":{"self":[{"href":"https:\/\/matchamoya.cz\/en\/wp-json\/wp\/v2\/product\/419"}],"collection":[{"href":"https:\/\/matchamoya.cz\/en\/wp-json\/wp\/v2\/product"}],"about":[{"href":"https:\/\/matchamoya.cz\/en\/wp-json\/wp\/v2\/types\/product"}],"replies":[{"embeddable":true,"href":"https:\/\/matchamoya.cz\/en\/wp-json\/wp\/v2\/comments?post=419"}],"wp:featuredmedia":[{"embeddable":true,"href":"https:\/\/matchamoya.cz\/en\/wp-json\/wp\/v2\/media\/420"}],"wp:attachment":[{"href":"https:\/\/matchamoya.cz\/en\/wp-json\/wp\/v2\/media?parent=419"}],"wp:term":[{"taxonomy":"product_cat","embeddable":true,"href":"https:\/\/matchamoya.cz\/en\/wp-json\/wp\/v2\/product_cat?post=419"},{"taxonomy":"product_tag","embeddable":true,"href":"https:\/\/matchamoya.cz\/en\/wp-json\/wp\/v2\/product_tag?post=419"}],"curies":[{"name":"wp","href":"https:\/\/api.w.org\/{rel}","templated":true}]}}