{"id":421,"date":"2020-04-24T18:34:32","date_gmt":"2020-04-24T18:34:32","guid":{"rendered":"http:\/\/matchamoya.cz\/?post_type=product&#038;p=421"},"modified":"2026-02-11T20:21:30","modified_gmt":"2026-02-11T20:21:30","slug":"prazeny-zeleny-caj-bio-hojicha-s-kourovou-chuti-60g-moya","status":"publish","type":"product","link":"https:\/\/matchamoya.cz\/en\/shop\/tradicni-japonske-listove-zelene-caje\/prazeny-zeleny-caj-bio-hojicha-s-kourovou-chuti-60g-moya\/","title":{"rendered":"Pra\u017een\u00fd zelen\u00fd \u010daj BIO HOJICHA s kou\u0159ovou chut\u00ed 60g &#8211; MOYA"},"content":{"rendered":"<h1>MOYA HOJICHA: PRA\u017dEN\u00dd \u010cAJ Z KJ\u00d3TA<\/h1>\n<p>Organick\u00e1 hojicha je pra\u017een\u00fd zelen\u00fd \u010daj s toastovou, kou\u0159ovou v\u016fn\u00ed, jedine\u010dnou o\u0159echov\u011b-karamelovou chut\u00ed a hluboce karm\u00ednovou barvou. Zpo\u010d\u00e1tku je chu\u0165 p\u0159ekvapiv\u00e1, ale brzy se stane preferovanou chut\u00ed svou d\u016fmyslnost\u00ed. Velmi jedine\u010dn\u00e1 chu\u0165 tohoto \u010daje bez ho\u0159kosti, kter\u00e1 je typick\u00e1 pro jin\u00e9 druhy zelen\u00fdch \u010daj\u016f, z n\u011bj \u010din\u00ed ide\u00e1ln\u00ed alternativu k \u010dern\u00e9mu \u010daji. Proces pra\u017een\u00ed list\u016f byl poprv\u00e9 proveden v roce 1920 v Kj\u00f3tu, odkud poch\u00e1z\u00ed n\u00e1zev \u201ehoji-cha\u201c (\u307b \u3046 \u3058 \u8336), co\u017e znamen\u00e1 pe\u010den\u00fd \u010daj.<\/p>\n<p>D\u00edky sv\u00e9mu jedine\u010dn\u00e9mu v\u00fdrobn\u00edmu procesu m\u00e1 hojicha \u010daj v\u00fdjime\u010dn\u011b n\u00edzk\u00fd obsah kofeinu, proto\u017ee se b\u011bhem procesu pra\u017een\u00ed sni\u017euje. T\u011bhotn\u00e9 \u017eeny, d\u011bti a star\u0161\u00ed lid\u00e9 v Japonsku \u010dasto pij\u00ed hojichu a je to b\u011b\u017en\u00fd ve\u010dern\u00ed \u010daj. Hojicha je cen\u011bna pro svou mimo\u0159\u00e1dnou chu\u0165 a v\u016fni a m\u00e1 tak\u00e9 mnoho vlastnost\u00ed, kter\u00e9 jsou prosp\u011b\u0161n\u00e9 pro na\u0161e zdrav\u00ed. Stejn\u011b jako ostatn\u00ed japonsk\u00e9 zelen\u00e9 \u010daje je hojicha bohat\u00fdm zdrojem katechin\u016f a antioxidant\u016f. Pit\u00ed hojicha je dobr\u00e9 pro tr\u00e1ven\u00ed a tak\u00e9 zpomaluje procesy st\u00e1rnut\u00ed, pom\u00e1h\u00e1 zbavit se toxin\u016f, sni\u017euje hladinu \u0161patn\u00e9ho cholesterolu a udr\u017euje hladinu cukru v norm\u011b. Jeho listy obsahuj\u00ed snadno vst\u0159ebateln\u00fd vitamin C, beta-karoten, kyselinu listovou, drasl\u00edk, v\u00e1pn\u00edk a fosfor.<\/p>\n<p>100% organick\u00fd zelen\u00fd \u010daj<img loading=\"lazy\" decoding=\"async\" class=\"size-medium wp-image-926 alignright\" src=\"https:\/\/matchamoya.cz\/wp-content\/uploads\/2020\/04\/Moya-Hojicha-Organic-Leaf-Green-Tea-s-500x400.jpg\" alt=\"Hojicha-caj-velk\u00fd detail\" width=\"500\" height=\"400\" srcset=\"https:\/\/matchamoya.cz\/wp-content\/uploads\/2020\/04\/Moya-Hojicha-Organic-Leaf-Green-Tea-s-500x400.jpg 500w, https:\/\/matchamoya.cz\/wp-content\/uploads\/2020\/04\/Moya-Hojicha-Organic-Leaf-Green-Tea-s.jpg 513w\" sizes=\"(max-width: 500px) 100vw, 500px\" \/><\/p>\n<p><strong>Zem\u011b p\u016fvodu:<\/strong> Japonsko, Kagoshima, ostrov Kyushu<\/p>\n<p><strong>Chu\u0165:<\/strong> Jedine\u010dn\u00e1 chu\u0165 s d\u0159evn\u00edm ko\u0159ov\u00fdm aroma<\/p>\n<p><strong>Barva:<\/strong> Karm\u00ednov\u011b hn\u011bd\u00e1<\/p>\n<p><strong>Doba sklizn\u011b: <\/strong>v\u017edy aktu\u00e1ln\u00ed leto\u0161n\u00ed sklize\u0148<\/p>\n<p><strong>Hmotnost:<\/strong> 60 g<\/p>\n<p><strong>P\u0159\u00edprava:\u00a0<\/strong><\/p>\n<p>Mno\u017estv\u00ed: 2-3 g \/ 150 ml vody<\/p>\n<p>Doba louhov\u00e1n\u00ed (infuze): 1 &#8211; 3 min<\/p>\n<p>Teplota vody: 75-90 \u00b0 C<\/p>\n<p>Mo\u017enost opakovan\u00e9 infuze: ANO, max. 3 x<\/p>","protected":false},"excerpt":{"rendered":"<p>Japonsk\u00fd vyn\u00e1lez, hojicha se vyr\u00e1b\u00ed <strong>pra\u017een\u00edm list\u016f<\/strong> zelen\u00e9ho \u010daje sencha. Po upra\u017een\u00ed z\u00edskaj\u00ed \u010dajov\u00e9 l\u00edstky karm\u00ednov\u011b hn\u011bdou barvu a jedine\u010dnou d\u0159evitou v\u016fni. <strong>Proces pra\u017een\u00ed sni\u017euje obsah kofeinu v\u00a0\u010daji hojicha<\/strong>, co\u017e z n\u011bj \u010din\u00ed jeden z preferovan\u00fdch \u010daj\u016f v <strong>makrobiotick\u00e9 strav\u011b<\/strong> a <strong>dokonal\u00fd ve\u010dern\u00ed \u010daj<\/strong>.<\/p>\n<p>100% organick\u00fd zelen\u00fd \u010daj<\/p>\n<p><strong>Zem\u011b p\u016fvodu:<\/strong> Japonsko, Kagoshima, ostrov Kyushu<\/p>\n<p><strong>Chu\u0165:<\/strong> Jedine\u010dn\u00e1 chu\u0165 s d\u0159evn\u00edm aroma<\/p>\n<p><strong>Barva:<\/strong> Karm\u00ednov\u011b hn\u011bd\u00e1<\/p>\n<p><strong>Doba sklizn\u011b<\/strong>: v\u017edy aktu\u00e1ln\u00ed leto\u0161n\u00ed sklize\u0148<\/p>\n<p><strong>Hmotnost:<\/strong> 60 g<\/p>\n<p><strong>P\u0159\u00edprava:\u00a0<\/strong><\/p>\n<p>Mno\u017estv\u00ed: 2-3 g \/ 150 ml vody<\/p>\n<p>Doba louhov\u00e1n\u00ed (infuze): 1 &#8211; 3 min<\/p>\n<p>Teplota vody: 75-90 \u00b0 C<\/p>\n<p>Mo\u017enost opakovan\u00e9 infuze: ANO, max. 3 x<\/p>","protected":false},"featured_media":423,"comment_status":"open","ping_status":"closed","template":"","meta":[],"product_cat":[75],"product_tag":[],"class_list":{"0":"post-421","1":"product","2":"type-product","3":"status-publish","4":"has-post-thumbnail","6":"product_cat-tradicni-japonske-listove-zelene-caje","7":"product_shipping_class-dobra-dodani","9":"first","10":"instock","11":"taxable","12":"shipping-taxable","13":"purchasable","14":"product-type-simple"},"yoast_head":"<!-- This site is optimized with the Yoast SEO plugin v23.4 - https:\/\/yoast.com\/wordpress\/plugins\/seo\/ -->\n<title>Pra\u017een\u00fd zelen\u00fd \u010daj BIO HOJICHA s kou\u0159ovou chut\u00ed 60g | Matcha Moya<\/title>\n<meta name=\"description\" content=\"Organick\u00e1 hojicha je pra\u017een\u00fd zelen\u00fd \u010daj s toastovou, kou\u0159ovou v\u016fn\u00ed, jedine\u010dnou o\u0159echov\u011b-karamelovou chut\u00ed a hluboce karm\u00ednovou barvou.\" \/>\n<meta name=\"robots\" content=\"index, follow, max-snippet:-1, max-image-preview:large, max-video-preview:-1\" \/>\n<link rel=\"canonical\" href=\"https:\/\/matchamoya.cz\/en\/shop\/tradicni-japonske-listove-zelene-caje\/prazeny-zeleny-caj-bio-hojicha-s-kourovou-chuti-60g-moya\/\" \/>\n<meta property=\"og:locale\" content=\"en_US\" \/>\n<meta property=\"og:type\" content=\"article\" \/>\n<meta property=\"og:title\" content=\"Pra\u017een\u00fd zelen\u00fd \u010daj BIO HOJICHA s kou\u0159ovou chut\u00ed 60g | Matcha Moya\" \/>\n<meta property=\"og:description\" content=\"Organick\u00e1 hojicha je pra\u017een\u00fd zelen\u00fd \u010daj s toastovou, kou\u0159ovou v\u016fn\u00ed, jedine\u010dnou o\u0159echov\u011b-karamelovou chut\u00ed a hluboce karm\u00ednovou barvou.\" \/>\n<meta property=\"og:url\" content=\"https:\/\/matchamoya.cz\/en\/shop\/tradicni-japonske-listove-zelene-caje\/prazeny-zeleny-caj-bio-hojicha-s-kourovou-chuti-60g-moya\/\" \/>\n<meta property=\"og:site_name\" content=\"Matcha Moya\" \/>\n<meta property=\"article:modified_time\" content=\"2026-02-11T20:21:30+00:00\" \/>\n<meta property=\"og:image\" content=\"https:\/\/matchamoya.cz\/wp-content\/uploads\/2020\/04\/Moya-Hojicha-Organic-Green-Tea-60g-tin-1.jpg\" \/>\n\t<meta property=\"og:image:width\" content=\"800\" \/>\n\t<meta property=\"og:image:height\" content=\"800\" \/>\n\t<meta property=\"og:image:type\" content=\"image\/jpeg\" \/>\n<meta name=\"twitter:card\" content=\"summary_large_image\" \/>\n<meta name=\"twitter:label1\" content=\"Est. reading time\" \/>\n\t<meta name=\"twitter:data1\" content=\"2 minutes\" \/>\n<!-- \/ Yoast SEO plugin. -->","yoast_head_json":{"title":"Pra\u017een\u00fd zelen\u00fd \u010daj BIO HOJICHA s kou\u0159ovou chut\u00ed 60g | Matcha Moya","description":"Organick\u00e1 hojicha je pra\u017een\u00fd zelen\u00fd \u010daj s toastovou, kou\u0159ovou v\u016fn\u00ed, jedine\u010dnou o\u0159echov\u011b-karamelovou chut\u00ed a hluboce karm\u00ednovou barvou.","robots":{"index":"index","follow":"follow","max-snippet":"max-snippet:-1","max-image-preview":"max-image-preview:large","max-video-preview":"max-video-preview:-1"},"canonical":"https:\/\/matchamoya.cz\/en\/shop\/tradicni-japonske-listove-zelene-caje\/prazeny-zeleny-caj-bio-hojicha-s-kourovou-chuti-60g-moya\/","og_locale":"en_US","og_type":"article","og_title":"Pra\u017een\u00fd zelen\u00fd \u010daj BIO HOJICHA s kou\u0159ovou chut\u00ed 60g | Matcha Moya","og_description":"Organick\u00e1 hojicha je pra\u017een\u00fd zelen\u00fd \u010daj s toastovou, kou\u0159ovou v\u016fn\u00ed, jedine\u010dnou o\u0159echov\u011b-karamelovou chut\u00ed a hluboce karm\u00ednovou barvou.","og_url":"https:\/\/matchamoya.cz\/en\/shop\/tradicni-japonske-listove-zelene-caje\/prazeny-zeleny-caj-bio-hojicha-s-kourovou-chuti-60g-moya\/","og_site_name":"Matcha Moya","article_modified_time":"2026-02-11T20:21:30+00:00","og_image":[{"width":800,"height":800,"url":"https:\/\/matchamoya.cz\/wp-content\/uploads\/2020\/04\/Moya-Hojicha-Organic-Green-Tea-60g-tin-1.jpg","type":"image\/jpeg"}],"twitter_card":"summary_large_image","twitter_misc":{"Est. reading time":"2 minutes"},"schema":{"@context":"https:\/\/schema.org","@graph":[{"@type":"WebPage","@id":"https:\/\/matchamoya.cz\/en\/shop\/tradicni-japonske-listove-zelene-caje\/prazeny-zeleny-caj-bio-hojicha-s-kourovou-chuti-60g-moya\/","url":"https:\/\/matchamoya.cz\/en\/shop\/tradicni-japonske-listove-zelene-caje\/prazeny-zeleny-caj-bio-hojicha-s-kourovou-chuti-60g-moya\/","name":"Pra\u017een\u00fd zelen\u00fd \u010daj BIO HOJICHA s kou\u0159ovou chut\u00ed 60g | Matcha Moya","isPartOf":{"@id":"https:\/\/matchamoya.cz\/en\/#website"},"primaryImageOfPage":{"@id":"https:\/\/matchamoya.cz\/en\/shop\/tradicni-japonske-listove-zelene-caje\/prazeny-zeleny-caj-bio-hojicha-s-kourovou-chuti-60g-moya\/#primaryimage"},"image":{"@id":"https:\/\/matchamoya.cz\/en\/shop\/tradicni-japonske-listove-zelene-caje\/prazeny-zeleny-caj-bio-hojicha-s-kourovou-chuti-60g-moya\/#primaryimage"},"thumbnailUrl":"https:\/\/matchamoya.cz\/wp-content\/uploads\/2020\/04\/Moya-Hojicha-Organic-Green-Tea-60g-tin-1.jpg","datePublished":"2020-04-24T18:34:32+00:00","dateModified":"2026-02-11T20:21:30+00:00","description":"Organick\u00e1 hojicha je pra\u017een\u00fd zelen\u00fd \u010daj s toastovou, kou\u0159ovou v\u016fn\u00ed, jedine\u010dnou o\u0159echov\u011b-karamelovou chut\u00ed a hluboce karm\u00ednovou barvou.","breadcrumb":{"@id":"https:\/\/matchamoya.cz\/en\/shop\/tradicni-japonske-listove-zelene-caje\/prazeny-zeleny-caj-bio-hojicha-s-kourovou-chuti-60g-moya\/#breadcrumb"},"inLanguage":"en-US","potentialAction":[{"@type":"ReadAction","target":["https:\/\/matchamoya.cz\/en\/shop\/tradicni-japonske-listove-zelene-caje\/prazeny-zeleny-caj-bio-hojicha-s-kourovou-chuti-60g-moya\/"]}]},{"@type":"ImageObject","inLanguage":"en-US","@id":"https:\/\/matchamoya.cz\/en\/shop\/tradicni-japonske-listove-zelene-caje\/prazeny-zeleny-caj-bio-hojicha-s-kourovou-chuti-60g-moya\/#primaryimage","url":"https:\/\/matchamoya.cz\/wp-content\/uploads\/2020\/04\/Moya-Hojicha-Organic-Green-Tea-60g-tin-1.jpg","contentUrl":"https:\/\/matchamoya.cz\/wp-content\/uploads\/2020\/04\/Moya-Hojicha-Organic-Green-Tea-60g-tin-1.jpg","width":800,"height":800,"caption":"moya-hajicha-zeleny-japonsky-listovy-caj-bio-60g"},{"@type":"BreadcrumbList","@id":"https:\/\/matchamoya.cz\/en\/shop\/tradicni-japonske-listove-zelene-caje\/prazeny-zeleny-caj-bio-hojicha-s-kourovou-chuti-60g-moya\/#breadcrumb","itemListElement":[{"@type":"ListItem","position":1,"name":"Dom\u016f","item":"https:\/\/matchamoya.cz\/"},{"@type":"ListItem","position":2,"name":"E-SHOP","item":"https:\/\/matchamoya.cz\/shop\/"},{"@type":"ListItem","position":3,"name":"Pra\u017een\u00fd zelen\u00fd \u010daj BIO HOJICHA s kou\u0159ovou chut\u00ed 60g &#8211; MOYA"}]},{"@type":"WebSite","@id":"https:\/\/matchamoya.cz\/en\/#website","url":"https:\/\/matchamoya.cz\/en\/","name":"Matcha Moya","description":"Matcha Moya","publisher":{"@id":"https:\/\/matchamoya.cz\/en\/#organization"},"potentialAction":[{"@type":"SearchAction","target":{"@type":"EntryPoint","urlTemplate":"https:\/\/matchamoya.cz\/en\/?s={search_term_string}"},"query-input":{"@type":"PropertyValueSpecification","valueRequired":true,"valueName":"search_term_string"}}],"inLanguage":"en-US"},{"@type":"Organization","@id":"https:\/\/matchamoya.cz\/en\/#organization","name":"Moya Matcha","url":"https:\/\/matchamoya.cz\/en\/","logo":{"@type":"ImageObject","inLanguage":"en-US","@id":"https:\/\/matchamoya.cz\/en\/#\/schema\/logo\/image\/","url":"https:\/\/matchamoya.cz\/wp-content\/uploads\/2020\/03\/MOYA_Logo_Green-Black_02.png","contentUrl":"https:\/\/matchamoya.cz\/wp-content\/uploads\/2020\/03\/MOYA_Logo_Green-Black_02.png","width":313,"height":310,"caption":"Moya Matcha"},"image":{"@id":"https:\/\/matchamoya.cz\/en\/#\/schema\/logo\/image\/"}}]}},"_links":{"self":[{"href":"https:\/\/matchamoya.cz\/en\/wp-json\/wp\/v2\/product\/421"}],"collection":[{"href":"https:\/\/matchamoya.cz\/en\/wp-json\/wp\/v2\/product"}],"about":[{"href":"https:\/\/matchamoya.cz\/en\/wp-json\/wp\/v2\/types\/product"}],"replies":[{"embeddable":true,"href":"https:\/\/matchamoya.cz\/en\/wp-json\/wp\/v2\/comments?post=421"}],"wp:featuredmedia":[{"embeddable":true,"href":"https:\/\/matchamoya.cz\/en\/wp-json\/wp\/v2\/media\/423"}],"wp:attachment":[{"href":"https:\/\/matchamoya.cz\/en\/wp-json\/wp\/v2\/media?parent=421"}],"wp:term":[{"taxonomy":"product_cat","embeddable":true,"href":"https:\/\/matchamoya.cz\/en\/wp-json\/wp\/v2\/product_cat?post=421"},{"taxonomy":"product_tag","embeddable":true,"href":"https:\/\/matchamoya.cz\/en\/wp-json\/wp\/v2\/product_tag?post=421"}],"curies":[{"name":"wp","href":"https:\/\/api.w.org\/{rel}","templated":true}]}}