{"id":425,"date":"2020-04-24T18:39:30","date_gmt":"2020-04-24T18:39:30","guid":{"rendered":"http:\/\/matchamoya.cz\/?post_type=product&#038;p=425"},"modified":"2026-02-11T20:21:29","modified_gmt":"2026-02-11T20:21:29","slug":"bio-japonsky-zeleny-caj-bancha-pro-kazdodenni-uzivani-60g-moya","status":"publish","type":"product","link":"https:\/\/matchamoya.cz\/en\/shop\/tradicni-japonske-listove-zelene-caje\/bio-japonsky-zeleny-caj-bancha-pro-kazdodenni-uzivani-60g-moya\/","title":{"rendered":"BIO Japonsk\u00fd zelen\u00fd \u010daj BANCHA pro ka\u017edodenn\u00ed u\u017e\u00edv\u00e1n\u00ed 60g &#8211; MOYA"},"content":{"rendered":"<h1>MOYA BANCHA: JAPONSK\u00dd \u010cAJ PRO KA\u017dDODENN\u00cd U\u017d\u00cdV\u00c1N\u00cd<\/h1>\n<p>Bancha je zelen\u00fd \u010daj se zlato\u017elut\u00fdm odst\u00ednem. M\u00e1 m\u00edrn\u011b kyselou chu\u0165 a v\u00fdraznou o\u0159echovou dochu\u0165, kter\u00e1 je v\u00fdsledkem vysok\u00e9ho obsahu t\u0159\u00edslovin. N\u00e1zev bancha (\u7384 \u7c73 \u8336) poch\u00e1z\u00ed ze slov \u201eban\u201c a \u201echa\u201c. V japon\u0161tin\u011b znamen\u00e1 \u201echa\u201c \u201e\u010daj\u201c, zat\u00edmco \u201ez\u00e1kaz\u201c lze ch\u00e1pat jako n\u011bco \u201edenn\u011b\u201c, \u201epopul\u00e1rn\u00ed\u201c nebo \u201epozd\u011b\u201c. Posledn\u00ed v\u00fdznam se t\u00fdk\u00e1 pozdn\u00edch plodin list\u016f Bancha, kter\u00e9 se skl\u00edzej\u00ed ze spodn\u00edch \u010d\u00e1st\u00ed \u010dajov\u00fdch ke\u0159\u016f. Moya Bancha se ekologicky p\u011bstuje na ostrov\u011b Kj\u00fa\u0161\u00fa.<\/p>\n<p>V Japonsku je bancha pova\u017eov\u00e1na za ka\u017edodenn\u00ed \u010daj a \u010dasto se pod\u00e1v\u00e1 k j\u00eddlu. M\u016f\u017ee se p\u00edt cel\u00fd den, proto\u017ee obsahuje o 70% m\u00e9n\u011b kofeinu ne\u017e gyokuro. D\u00edky prodlou\u017een\u00e9mu fotosyntetick\u00e9mu<span style=\"font-size: 14.4px;\">\u00a0cyklu je pro banchu charakteristick\u00e1 vy\u0161\u0161\u00ed hladina t\u0159\u00edslovin ne\u017e u jin\u00fdch \u010daj\u016f. Taniny &#8211; zn\u00e1m\u00e9 tak\u00e9 jako tannoidy &#8211; maj\u00ed protiz\u00e1n\u011btliv\u00e9 a detoxika\u010dn\u00ed \u00fa\u010dinky. Stejn\u011b jako ostatn\u00ed japonsk\u00e9 zelen\u00e9 \u010daje je i bancha bohat\u00fdm zdrojem katechin\u016f a antioxidant\u016f. Pit\u00ed banchy je dobr\u00e9 pro tr\u00e1ven\u00ed a tak\u00e9 zpomaluje procesy st\u00e1rnut\u00ed, pom\u00e1h\u00e1 zbavit se toxin\u016f, udr\u017euje hladinu cukru pod kontrolou, sni\u017euje hladinu \u0161patn\u00e9ho cholesterolu a zlep\u0161uje celk<\/span><span style=\"font-size: 14.4px;\">ov\u00e9 zdrav\u00ed zub\u016f. Jeho listy obsahuj\u00ed snadno se vst\u0159eb\u00e1vaj\u00edc\u00ed vitamin C, beta karoten, kyselinu listovou, drasl\u00edk, v\u00e1pn\u00edk a fosfor.<\/span><\/p>\n<p><img loading=\"lazy\" decoding=\"async\" class=\"wp-image-923 alignright\" style=\"font-size: 14.4px;\" src=\"https:\/\/matchamoya.cz\/wp-content\/uploads\/2020\/04\/Moya-Bancha-Organic-Japanese-Leaf-Green-Tea-2-500x400.jpg\" alt=\"\" width=\"456\" height=\"365\" srcset=\"https:\/\/matchamoya.cz\/wp-content\/uploads\/2020\/04\/Moya-Bancha-Organic-Japanese-Leaf-Green-Tea-2-500x400.jpg 500w, https:\/\/matchamoya.cz\/wp-content\/uploads\/2020\/04\/Moya-Bancha-Organic-Japanese-Leaf-Green-Tea-2.jpg 513w\" sizes=\"(max-width: 456px) 100vw, 456px\" \/><\/p>\n<p>100% organick\u00fd zelen\u00fd \u010daj<\/p>\n<p><strong style=\"font-size: 14.4px;\">Zem\u011b p\u016fvodu:<\/strong><span style=\"font-size: 14.4px;\"> Japonsko, Kagoshima, ostrov Kyushu<\/span><\/p>\n<p><strong>Chu\u0165:<\/strong> jemn\u00e1, rostlinn\u00e1 s ho\u0159k\u00fdmi podt\u00f3ny<\/p>\n<p><strong>Barva:<\/strong> jasn\u00fd \u017eluto-zelen\u00fd odst\u00edn<\/p>\n<p><strong>Doba sklizn\u011b:<\/strong> v\u017edy aktu\u00e1ln\u00ed leto\u0161n\u00ed sklize\u0148<\/p>\n<p>Hmotnost: 60 g<\/p>\n<p><strong>P\u0159\u00edprava:<\/strong><\/p>\n<p>Mno\u017estv\u00ed: 3-4 g \/ 150 ml vody<\/p>\n<p>Doba louhov\u00e1n\u00ed (infuze): 3-4 min<\/p>\n<p>Teplota vody: 70-80 \u00b0 C<\/p>\n<p>Mo\u017enost v\u00edcero louhov\u00e1n\u00ed (infuze): ANO, max. 3x<\/p>","protected":false},"excerpt":{"rendered":"<p>Organick\u00fd zelen\u00fd \u010daj z\u00edskan\u00fd ze zral\u00fdch \u010dajov\u00fdch list\u016f, kter\u00e9 z\u016fstaly po druh\u00e9 a t\u0159et\u00ed sklizni senchy p\u011bstovan\u00e9 na mal\u00fdch rodinn\u00fdch farm\u00e1ch na ostrov\u011b Kyushu. Bancha je <strong>obl\u00edben\u00fd ka\u017edodenn\u00ed \u010daj v Japonsku<\/strong> <strong>s robustn\u00ed a lehce travnatou chut\u00ed a sv\u011btle \u017elut\u00fdm n\u00e1dechem.<\/strong> D\u00edky p\u0159irozen\u011b <strong>n\u00edzk\u00e9mu obsahu kofeinu<\/strong> je ide\u00e1ln\u00ed k pit\u00ed v kteroukoli denn\u00ed dobu.<\/p>\n<p>100% organick\u00fd zelen\u00fd \u010daj<\/p>\n<p><strong>Zem\u011b p\u016fvodu:<\/strong> Japonsko, ostrov Kyushu<\/p>\n<p><strong>Chu\u0165:<\/strong> jemn\u00e1, rostlinn\u00e1 s ho\u0159k\u00fdmi podt\u00f3ny<\/p>\n<p><strong>Barva:<\/strong> jasn\u00fd \u017eluto-zelen\u00fd odst\u00edn<\/p>\n<p><strong>Doba sklizn\u011b:<\/strong> v\u017edy aktu\u00e1ln\u00ed leto\u0161n\u00ed sklize\u0148<\/p>\n<p>Hmotnost: 60 g<\/p>\n<p><strong>P\u0159\u00edprava:<\/strong><\/p>\n<p>Mno\u017estv\u00ed: 3-4 g \/ 150 ml vody<\/p>\n<p>Doba louhov\u00e1n\u00ed (infuze): 3-4 min<\/p>\n<p>Teplota vody: 70-80 \u00b0 C<\/p>\n<p>Mo\u017enost v\u00edcero louhov\u00e1n\u00ed (infuze): ANO, max. 3x<\/p>","protected":false},"featured_media":426,"comment_status":"open","ping_status":"closed","template":"","meta":[],"product_cat":[75],"product_tag":[],"class_list":{"0":"post-425","1":"product","2":"type-product","3":"status-publish","4":"has-post-thumbnail","6":"product_cat-tradicni-japonske-listove-zelene-caje","7":"product_shipping_class-dobra-dodani","9":"first","10":"instock","11":"taxable","12":"shipping-taxable","13":"purchasable","14":"product-type-simple"},"yoast_head":"<!-- This site is optimized with the Yoast SEO plugin v23.4 - https:\/\/yoast.com\/wordpress\/plugins\/seo\/ -->\n<title>BIO Japonsk\u00fd zelen\u00fd \u010daj BANCHA pro ka\u017edodenn\u00ed u\u017e\u00edv\u00e1n\u00ed | Matcha Moya<\/title>\n<meta name=\"description\" content=\"Bancha je zelen\u00fd \u010daj se zlato\u017elut\u00fdm odst\u00ednem. M\u00e1 m\u00edrn\u011b kyselou chu\u0165 a v\u00fdraznou o\u0159echovou dochu\u0165, kter\u00e1 je v\u00fdsledkem obsahu t\u0159\u00edslovin.\" \/>\n<meta name=\"robots\" content=\"index, follow, max-snippet:-1, max-image-preview:large, max-video-preview:-1\" \/>\n<link rel=\"canonical\" href=\"https:\/\/matchamoya.cz\/en\/shop\/tradicni-japonske-listove-zelene-caje\/bio-japonsky-zeleny-caj-bancha-pro-kazdodenni-uzivani-60g-moya\/\" \/>\n<meta property=\"og:locale\" content=\"en_US\" \/>\n<meta property=\"og:type\" content=\"article\" \/>\n<meta property=\"og:title\" content=\"BIO Japonsk\u00fd zelen\u00fd \u010daj BANCHA pro ka\u017edodenn\u00ed u\u017e\u00edv\u00e1n\u00ed | Matcha Moya\" \/>\n<meta property=\"og:description\" content=\"Bancha je zelen\u00fd \u010daj se zlato\u017elut\u00fdm odst\u00ednem. M\u00e1 m\u00edrn\u011b kyselou chu\u0165 a v\u00fdraznou o\u0159echovou dochu\u0165, kter\u00e1 je v\u00fdsledkem obsahu t\u0159\u00edslovin.\" \/>\n<meta property=\"og:url\" content=\"https:\/\/matchamoya.cz\/en\/shop\/tradicni-japonske-listove-zelene-caje\/bio-japonsky-zeleny-caj-bancha-pro-kazdodenni-uzivani-60g-moya\/\" \/>\n<meta property=\"og:site_name\" content=\"Matcha Moya\" \/>\n<meta property=\"article:modified_time\" content=\"2026-02-11T20:21:29+00:00\" \/>\n<meta property=\"og:image\" content=\"https:\/\/matchamoya.cz\/wp-content\/uploads\/2020\/04\/Moya-Bancha-Organic-Japanese-Green-Tea-front-New-1.jpg\" \/>\n\t<meta property=\"og:image:width\" content=\"800\" \/>\n\t<meta property=\"og:image:height\" content=\"800\" \/>\n\t<meta property=\"og:image:type\" content=\"image\/jpeg\" \/>\n<meta name=\"twitter:card\" content=\"summary_large_image\" \/>\n<meta name=\"twitter:label1\" content=\"Est. reading time\" \/>\n\t<meta name=\"twitter:data1\" content=\"2 minutes\" \/>\n<!-- \/ Yoast SEO plugin. -->","yoast_head_json":{"title":"BIO Japonsk\u00fd zelen\u00fd \u010daj BANCHA pro ka\u017edodenn\u00ed u\u017e\u00edv\u00e1n\u00ed | Matcha Moya","description":"Bancha je zelen\u00fd \u010daj se zlato\u017elut\u00fdm odst\u00ednem. M\u00e1 m\u00edrn\u011b kyselou chu\u0165 a v\u00fdraznou o\u0159echovou dochu\u0165, kter\u00e1 je v\u00fdsledkem obsahu t\u0159\u00edslovin.","robots":{"index":"index","follow":"follow","max-snippet":"max-snippet:-1","max-image-preview":"max-image-preview:large","max-video-preview":"max-video-preview:-1"},"canonical":"https:\/\/matchamoya.cz\/en\/shop\/tradicni-japonske-listove-zelene-caje\/bio-japonsky-zeleny-caj-bancha-pro-kazdodenni-uzivani-60g-moya\/","og_locale":"en_US","og_type":"article","og_title":"BIO Japonsk\u00fd zelen\u00fd \u010daj BANCHA pro ka\u017edodenn\u00ed u\u017e\u00edv\u00e1n\u00ed | Matcha Moya","og_description":"Bancha je zelen\u00fd \u010daj se zlato\u017elut\u00fdm odst\u00ednem. M\u00e1 m\u00edrn\u011b kyselou chu\u0165 a v\u00fdraznou o\u0159echovou dochu\u0165, kter\u00e1 je v\u00fdsledkem obsahu t\u0159\u00edslovin.","og_url":"https:\/\/matchamoya.cz\/en\/shop\/tradicni-japonske-listove-zelene-caje\/bio-japonsky-zeleny-caj-bancha-pro-kazdodenni-uzivani-60g-moya\/","og_site_name":"Matcha Moya","article_modified_time":"2026-02-11T20:21:29+00:00","og_image":[{"width":800,"height":800,"url":"https:\/\/matchamoya.cz\/wp-content\/uploads\/2020\/04\/Moya-Bancha-Organic-Japanese-Green-Tea-front-New-1.jpg","type":"image\/jpeg"}],"twitter_card":"summary_large_image","twitter_misc":{"Est. reading time":"2 minutes"},"schema":{"@context":"https:\/\/schema.org","@graph":[{"@type":"WebPage","@id":"https:\/\/matchamoya.cz\/en\/shop\/tradicni-japonske-listove-zelene-caje\/bio-japonsky-zeleny-caj-bancha-pro-kazdodenni-uzivani-60g-moya\/","url":"https:\/\/matchamoya.cz\/en\/shop\/tradicni-japonske-listove-zelene-caje\/bio-japonsky-zeleny-caj-bancha-pro-kazdodenni-uzivani-60g-moya\/","name":"BIO Japonsk\u00fd zelen\u00fd \u010daj BANCHA pro ka\u017edodenn\u00ed u\u017e\u00edv\u00e1n\u00ed | Matcha Moya","isPartOf":{"@id":"https:\/\/matchamoya.cz\/en\/#website"},"primaryImageOfPage":{"@id":"https:\/\/matchamoya.cz\/en\/shop\/tradicni-japonske-listove-zelene-caje\/bio-japonsky-zeleny-caj-bancha-pro-kazdodenni-uzivani-60g-moya\/#primaryimage"},"image":{"@id":"https:\/\/matchamoya.cz\/en\/shop\/tradicni-japonske-listove-zelene-caje\/bio-japonsky-zeleny-caj-bancha-pro-kazdodenni-uzivani-60g-moya\/#primaryimage"},"thumbnailUrl":"https:\/\/matchamoya.cz\/wp-content\/uploads\/2020\/04\/Moya-Bancha-Organic-Japanese-Green-Tea-front-New-1.jpg","datePublished":"2020-04-24T18:39:30+00:00","dateModified":"2026-02-11T20:21:29+00:00","description":"Bancha je zelen\u00fd \u010daj se zlato\u017elut\u00fdm odst\u00ednem. M\u00e1 m\u00edrn\u011b kyselou chu\u0165 a v\u00fdraznou o\u0159echovou dochu\u0165, kter\u00e1 je v\u00fdsledkem obsahu t\u0159\u00edslovin.","breadcrumb":{"@id":"https:\/\/matchamoya.cz\/en\/shop\/tradicni-japonske-listove-zelene-caje\/bio-japonsky-zeleny-caj-bancha-pro-kazdodenni-uzivani-60g-moya\/#breadcrumb"},"inLanguage":"en-US","potentialAction":[{"@type":"ReadAction","target":["https:\/\/matchamoya.cz\/en\/shop\/tradicni-japonske-listove-zelene-caje\/bio-japonsky-zeleny-caj-bancha-pro-kazdodenni-uzivani-60g-moya\/"]}]},{"@type":"ImageObject","inLanguage":"en-US","@id":"https:\/\/matchamoya.cz\/en\/shop\/tradicni-japonske-listove-zelene-caje\/bio-japonsky-zeleny-caj-bancha-pro-kazdodenni-uzivani-60g-moya\/#primaryimage","url":"https:\/\/matchamoya.cz\/wp-content\/uploads\/2020\/04\/Moya-Bancha-Organic-Japanese-Green-Tea-front-New-1.jpg","contentUrl":"https:\/\/matchamoya.cz\/wp-content\/uploads\/2020\/04\/Moya-Bancha-Organic-Japanese-Green-Tea-front-New-1.jpg","width":800,"height":800,"caption":"moya-bancha-zeleny-japonsky-listovy-caj-bio-60g"},{"@type":"BreadcrumbList","@id":"https:\/\/matchamoya.cz\/en\/shop\/tradicni-japonske-listove-zelene-caje\/bio-japonsky-zeleny-caj-bancha-pro-kazdodenni-uzivani-60g-moya\/#breadcrumb","itemListElement":[{"@type":"ListItem","position":1,"name":"Dom\u016f","item":"https:\/\/matchamoya.cz\/"},{"@type":"ListItem","position":2,"name":"E-SHOP","item":"https:\/\/matchamoya.cz\/shop\/"},{"@type":"ListItem","position":3,"name":"BIO Japonsk\u00fd zelen\u00fd \u010daj BANCHA pro ka\u017edodenn\u00ed u\u017e\u00edv\u00e1n\u00ed 60g &#8211; MOYA"}]},{"@type":"WebSite","@id":"https:\/\/matchamoya.cz\/en\/#website","url":"https:\/\/matchamoya.cz\/en\/","name":"Matcha Moya","description":"Matcha Moya","publisher":{"@id":"https:\/\/matchamoya.cz\/en\/#organization"},"potentialAction":[{"@type":"SearchAction","target":{"@type":"EntryPoint","urlTemplate":"https:\/\/matchamoya.cz\/en\/?s={search_term_string}"},"query-input":{"@type":"PropertyValueSpecification","valueRequired":true,"valueName":"search_term_string"}}],"inLanguage":"en-US"},{"@type":"Organization","@id":"https:\/\/matchamoya.cz\/en\/#organization","name":"Moya Matcha","url":"https:\/\/matchamoya.cz\/en\/","logo":{"@type":"ImageObject","inLanguage":"en-US","@id":"https:\/\/matchamoya.cz\/en\/#\/schema\/logo\/image\/","url":"https:\/\/matchamoya.cz\/wp-content\/uploads\/2020\/03\/MOYA_Logo_Green-Black_02.png","contentUrl":"https:\/\/matchamoya.cz\/wp-content\/uploads\/2020\/03\/MOYA_Logo_Green-Black_02.png","width":313,"height":310,"caption":"Moya Matcha"},"image":{"@id":"https:\/\/matchamoya.cz\/en\/#\/schema\/logo\/image\/"}}]}},"_links":{"self":[{"href":"https:\/\/matchamoya.cz\/en\/wp-json\/wp\/v2\/product\/425"}],"collection":[{"href":"https:\/\/matchamoya.cz\/en\/wp-json\/wp\/v2\/product"}],"about":[{"href":"https:\/\/matchamoya.cz\/en\/wp-json\/wp\/v2\/types\/product"}],"replies":[{"embeddable":true,"href":"https:\/\/matchamoya.cz\/en\/wp-json\/wp\/v2\/comments?post=425"}],"wp:featuredmedia":[{"embeddable":true,"href":"https:\/\/matchamoya.cz\/en\/wp-json\/wp\/v2\/media\/426"}],"wp:attachment":[{"href":"https:\/\/matchamoya.cz\/en\/wp-json\/wp\/v2\/media?parent=425"}],"wp:term":[{"taxonomy":"product_cat","embeddable":true,"href":"https:\/\/matchamoya.cz\/en\/wp-json\/wp\/v2\/product_cat?post=425"},{"taxonomy":"product_tag","embeddable":true,"href":"https:\/\/matchamoya.cz\/en\/wp-json\/wp\/v2\/product_tag?post=425"}],"curies":[{"name":"wp","href":"https:\/\/api.w.org\/{rel}","templated":true}]}}