{"id":4313,"date":"2025-10-16T12:13:39","date_gmt":"2025-10-16T12:13:39","guid":{"rendered":"https:\/\/matchamoya.cz\/?post_type=product&#038;p=4313"},"modified":"2026-04-11T09:51:17","modified_gmt":"2026-04-11T09:51:17","slug":"porcelanovy-drzak-na-bambusovou-metlicku-chasen-bezovy-moya","status":"publish","type":"product","link":"https:\/\/matchamoya.cz\/en\/shop\/originalni-cajove-prislusenstvi\/porcelanovy-drzak-na-bambusovou-metlicku-chasen-bezovy-moya\/","title":{"rendered":"Porcel\u00e1nov\u00fd dr\u017e\u00e1k na bambusovou metli\u010dku (chasen) B\u00c9\u017dOV\u00dd &#8211; Moya"},"content":{"rendered":"<h1>Porcel\u00e1nov\u00fd dr\u017e\u00e1k na bambusovou metli\u010dku (chasen) B\u00c9\u017dOV\u00dd &#8211; Moya<\/h1>\n<p><strong>MATERI\u00c1L:<\/strong> porcel\u00e1n<br \/>\n<strong>ROZM\u011aRY:<\/strong> 7 cm (v\u00fd\u0161ka) x 6 cm (pr\u016fm\u011br)<br \/>\n<strong>BARVA:<\/strong> b\u00e9\u017eov\u00e1<br \/>\nVhodn\u00e9 do my\u010dky.<\/p>\n<p>Ru\u010dn\u00ed v\u00fdroba &#8211; m\u016f\u017ee se tvarem m\u00edrn\u011b li\u0161it oproti fotografii.<\/p>\n<p>Porcel\u00e1nov\u00fd dr\u017e\u00e1k na bambusovou metli\u010dku (chasen) B\u00c9\u017dOV\u00dd &#8211; Moya pom\u00e1h\u00e1 bambusov\u00e9 metli\u010dce rychleji vysychat po pou\u017eit\u00ed a udr\u017eovat sv\u016fj tvar a odolnost. <strong><a href=\"https:\/\/matchamoya.cz\/moya-prislusenstvi\/tradicni-matcha-bambusova-metlicka-chasen\/\">Bambusov\u00e1 metli\u010dka (chasen)<\/a><\/strong> se prod\u00e1v\u00e1 samostatn\u011b.<\/p>\n<p>Nezbytn\u00e1 sou\u010d\u00e1st vybaven\u00ed pro znalce p\u0159\u00edpravy \u010daj\u016f. Tento dr\u017e\u00e1k botan pom\u00e1h\u00e1 bambusov\u00e9 metli\u010dce rychleji vysychat po pou\u017eit\u00ed a udr\u017eovat sv\u016fj tvar a odolnost, co\u017e v kone\u010dn\u00e9m d\u016fsledku zv\u00fd\u0161\u00ed jeho \u017eivotnost. Dr\u017e\u00e1k na metli\u010dku (chasen) taro, kdysi \u010dist\u011b prvek japonsk\u00e9ho tradi\u010dn\u00edho \u010dajov\u00e9ho ob\u0159adu, se dnes stal praktick\u00fdm n\u00e1strojem, kter\u00fd pat\u0159\u00ed do kuchyn\u011b ka\u017ed\u00e9ho v\u00e1\u0161niv\u00e9ho pij\u00e1ka matcha. Bambusov\u00e1 metli\u010dka (Chasen) se prod\u00e1v\u00e1 samostatn\u011b.<\/p>","protected":false},"excerpt":{"rendered":"<p><strong>MATERI\u00c1L:<\/strong> porcel\u00e1n<br \/>\n<strong>ROZM\u011aRY:<\/strong> 7 cm (v\u00fd\u0161ka) x 6 cm (pr\u016fm\u011br)<br \/>\n<strong>BARVA:<\/strong> b\u00e9\u017eov\u00e1<br \/>\nVhodn\u00e9 do my\u010dky.<\/p>\n<p>Porcel\u00e1nov\u00fd dr\u017e\u00e1k na bambusovou metli\u010dku (chasen) B\u00c9\u017dOV\u00dd &#8211; Moya pom\u00e1h\u00e1 bambusov\u00e9 metli\u010dce rychleji vysychat po pou\u017eit\u00ed a udr\u017eovat sv\u016fj tvar a odolnost. <strong><a href=\"https:\/\/matchamoya.cz\/moya-prislusenstvi\/tradicni-matcha-bambusova-metlicka-chasen\/\">Bambusov\u00e1 metli\u010dka (chasen)<\/a><\/strong> se prod\u00e1v\u00e1 samostatn\u011b.<\/p>","protected":false},"featured_media":4314,"comment_status":"open","ping_status":"closed","template":"","meta":[],"product_cat":[70],"product_tag":[],"class_list":{"0":"post-4313","1":"product","2":"type-product","3":"status-publish","4":"has-post-thumbnail","6":"product_cat-originalni-cajove-prislusenstvi","7":"product_shipping_class-dobra-dodani","9":"first","10":"instock","11":"taxable","12":"shipping-taxable","13":"purchasable","14":"product-type-simple"},"yoast_head":"<!-- This site is optimized with the Yoast SEO plugin v23.4 - https:\/\/yoast.com\/wordpress\/plugins\/seo\/ -->\n<title>Porcel\u00e1nov\u00fd dr\u017e\u00e1k na bambusovou metli\u010dku (chasen) B\u00c9\u017dOV\u00dd - Moya | Matcha Moya<\/title>\n<meta name=\"description\" content=\"Porcel\u00e1nov\u00fd dr\u017e\u00e1k na bambusovou metli\u010dku (chasen) b\u00e9\u017eov\u00fd pom\u00e1h\u00e1 bambusov\u00e9 metli\u010dce rychleji vysychat po pou\u017eit\u00ed a udr\u017eovat sv\u016fj tvar a odolnost.\" \/>\n<meta name=\"robots\" content=\"index, follow, max-snippet:-1, max-image-preview:large, max-video-preview:-1\" \/>\n<link rel=\"canonical\" href=\"https:\/\/matchamoya.cz\/en\/shop\/originalni-cajove-prislusenstvi\/porcelanovy-drzak-na-bambusovou-metlicku-chasen-bezovy-moya\/\" \/>\n<meta property=\"og:locale\" content=\"en_US\" \/>\n<meta property=\"og:type\" content=\"article\" \/>\n<meta property=\"og:title\" content=\"Porcel\u00e1nov\u00fd dr\u017e\u00e1k na bambusovou metli\u010dku (chasen) B\u00c9\u017dOV\u00dd - Moya | Matcha Moya\" \/>\n<meta property=\"og:description\" content=\"Porcel\u00e1nov\u00fd dr\u017e\u00e1k na bambusovou metli\u010dku (chasen) b\u00e9\u017eov\u00fd pom\u00e1h\u00e1 bambusov\u00e9 metli\u010dce rychleji vysychat po pou\u017eit\u00ed a udr\u017eovat sv\u016fj tvar a odolnost.\" \/>\n<meta property=\"og:url\" content=\"https:\/\/matchamoya.cz\/en\/shop\/originalni-cajove-prislusenstvi\/porcelanovy-drzak-na-bambusovou-metlicku-chasen-bezovy-moya\/\" \/>\n<meta property=\"og:site_name\" content=\"Matcha Moya\" \/>\n<meta property=\"article:modified_time\" content=\"2026-04-11T09:51:17+00:00\" \/>\n<meta property=\"og:image\" content=\"https:\/\/matchamoya.cz\/wp-content\/uploads\/2025\/10\/stojanek-pod-chasen-naoshi-moya-bezova.jpg\" \/>\n\t<meta property=\"og:image:width\" content=\"809\" \/>\n\t<meta property=\"og:image:height\" content=\"1210\" \/>\n\t<meta property=\"og:image:type\" content=\"image\/jpeg\" \/>\n<meta name=\"twitter:card\" content=\"summary_large_image\" \/>\n<meta name=\"twitter:label1\" content=\"Est. reading time\" \/>\n\t<meta name=\"twitter:data1\" content=\"1 minute\" \/>\n<!-- \/ Yoast SEO plugin. -->","yoast_head_json":{"title":"Porcel\u00e1nov\u00fd dr\u017e\u00e1k na bambusovou metli\u010dku (chasen) B\u00c9\u017dOV\u00dd - Moya | Matcha Moya","description":"Porcel\u00e1nov\u00fd dr\u017e\u00e1k na bambusovou metli\u010dku (chasen) b\u00e9\u017eov\u00fd pom\u00e1h\u00e1 bambusov\u00e9 metli\u010dce rychleji vysychat po pou\u017eit\u00ed a udr\u017eovat sv\u016fj tvar a odolnost.","robots":{"index":"index","follow":"follow","max-snippet":"max-snippet:-1","max-image-preview":"max-image-preview:large","max-video-preview":"max-video-preview:-1"},"canonical":"https:\/\/matchamoya.cz\/en\/shop\/originalni-cajove-prislusenstvi\/porcelanovy-drzak-na-bambusovou-metlicku-chasen-bezovy-moya\/","og_locale":"en_US","og_type":"article","og_title":"Porcel\u00e1nov\u00fd dr\u017e\u00e1k na bambusovou metli\u010dku (chasen) B\u00c9\u017dOV\u00dd - Moya | Matcha Moya","og_description":"Porcel\u00e1nov\u00fd dr\u017e\u00e1k na bambusovou metli\u010dku (chasen) b\u00e9\u017eov\u00fd pom\u00e1h\u00e1 bambusov\u00e9 metli\u010dce rychleji vysychat po pou\u017eit\u00ed a udr\u017eovat sv\u016fj tvar a odolnost.","og_url":"https:\/\/matchamoya.cz\/en\/shop\/originalni-cajove-prislusenstvi\/porcelanovy-drzak-na-bambusovou-metlicku-chasen-bezovy-moya\/","og_site_name":"Matcha Moya","article_modified_time":"2026-04-11T09:51:17+00:00","og_image":[{"width":809,"height":1210,"url":"https:\/\/matchamoya.cz\/wp-content\/uploads\/2025\/10\/stojanek-pod-chasen-naoshi-moya-bezova.jpg","type":"image\/jpeg"}],"twitter_card":"summary_large_image","twitter_misc":{"Est. reading time":"1 minute"},"schema":{"@context":"https:\/\/schema.org","@graph":[{"@type":"WebPage","@id":"https:\/\/matchamoya.cz\/en\/shop\/originalni-cajove-prislusenstvi\/porcelanovy-drzak-na-bambusovou-metlicku-chasen-bezovy-moya\/","url":"https:\/\/matchamoya.cz\/en\/shop\/originalni-cajove-prislusenstvi\/porcelanovy-drzak-na-bambusovou-metlicku-chasen-bezovy-moya\/","name":"Porcel\u00e1nov\u00fd dr\u017e\u00e1k na bambusovou metli\u010dku (chasen) B\u00c9\u017dOV\u00dd - Moya | Matcha Moya","isPartOf":{"@id":"https:\/\/matchamoya.cz\/en\/#website"},"primaryImageOfPage":{"@id":"https:\/\/matchamoya.cz\/en\/shop\/originalni-cajove-prislusenstvi\/porcelanovy-drzak-na-bambusovou-metlicku-chasen-bezovy-moya\/#primaryimage"},"image":{"@id":"https:\/\/matchamoya.cz\/en\/shop\/originalni-cajove-prislusenstvi\/porcelanovy-drzak-na-bambusovou-metlicku-chasen-bezovy-moya\/#primaryimage"},"thumbnailUrl":"https:\/\/matchamoya.cz\/wp-content\/uploads\/2025\/10\/stojanek-pod-chasen-naoshi-moya-bezova.jpg","datePublished":"2025-10-16T12:13:39+00:00","dateModified":"2026-04-11T09:51:17+00:00","description":"Porcel\u00e1nov\u00fd dr\u017e\u00e1k na bambusovou metli\u010dku (chasen) b\u00e9\u017eov\u00fd pom\u00e1h\u00e1 bambusov\u00e9 metli\u010dce rychleji vysychat po pou\u017eit\u00ed a udr\u017eovat sv\u016fj tvar a odolnost.","breadcrumb":{"@id":"https:\/\/matchamoya.cz\/en\/shop\/originalni-cajove-prislusenstvi\/porcelanovy-drzak-na-bambusovou-metlicku-chasen-bezovy-moya\/#breadcrumb"},"inLanguage":"en-US","potentialAction":[{"@type":"ReadAction","target":["https:\/\/matchamoya.cz\/en\/shop\/originalni-cajove-prislusenstvi\/porcelanovy-drzak-na-bambusovou-metlicku-chasen-bezovy-moya\/"]}]},{"@type":"ImageObject","inLanguage":"en-US","@id":"https:\/\/matchamoya.cz\/en\/shop\/originalni-cajove-prislusenstvi\/porcelanovy-drzak-na-bambusovou-metlicku-chasen-bezovy-moya\/#primaryimage","url":"https:\/\/matchamoya.cz\/wp-content\/uploads\/2025\/10\/stojanek-pod-chasen-naoshi-moya-bezova.jpg","contentUrl":"https:\/\/matchamoya.cz\/wp-content\/uploads\/2025\/10\/stojanek-pod-chasen-naoshi-moya-bezova.jpg","width":809,"height":1210,"caption":"japonsky-porcela-pro-caj-moya-matcha"},{"@type":"BreadcrumbList","@id":"https:\/\/matchamoya.cz\/en\/shop\/originalni-cajove-prislusenstvi\/porcelanovy-drzak-na-bambusovou-metlicku-chasen-bezovy-moya\/#breadcrumb","itemListElement":[{"@type":"ListItem","position":1,"name":"Dom\u016f","item":"https:\/\/matchamoya.cz\/"},{"@type":"ListItem","position":2,"name":"E-SHOP","item":"https:\/\/matchamoya.cz\/shop\/"},{"@type":"ListItem","position":3,"name":"Porcel\u00e1nov\u00fd dr\u017e\u00e1k na bambusovou metli\u010dku (chasen) B\u00c9\u017dOV\u00dd &#8211; Moya"}]},{"@type":"WebSite","@id":"https:\/\/matchamoya.cz\/en\/#website","url":"https:\/\/matchamoya.cz\/en\/","name":"Matcha Moya","description":"Matcha Moya","publisher":{"@id":"https:\/\/matchamoya.cz\/en\/#organization"},"potentialAction":[{"@type":"SearchAction","target":{"@type":"EntryPoint","urlTemplate":"https:\/\/matchamoya.cz\/en\/?s={search_term_string}"},"query-input":{"@type":"PropertyValueSpecification","valueRequired":true,"valueName":"search_term_string"}}],"inLanguage":"en-US"},{"@type":"Organization","@id":"https:\/\/matchamoya.cz\/en\/#organization","name":"Moya Matcha","url":"https:\/\/matchamoya.cz\/en\/","logo":{"@type":"ImageObject","inLanguage":"en-US","@id":"https:\/\/matchamoya.cz\/en\/#\/schema\/logo\/image\/","url":"https:\/\/matchamoya.cz\/wp-content\/uploads\/2020\/03\/MOYA_Logo_Green-Black_02.png","contentUrl":"https:\/\/matchamoya.cz\/wp-content\/uploads\/2020\/03\/MOYA_Logo_Green-Black_02.png","width":313,"height":310,"caption":"Moya Matcha"},"image":{"@id":"https:\/\/matchamoya.cz\/en\/#\/schema\/logo\/image\/"}}]}},"_links":{"self":[{"href":"https:\/\/matchamoya.cz\/en\/wp-json\/wp\/v2\/product\/4313"}],"collection":[{"href":"https:\/\/matchamoya.cz\/en\/wp-json\/wp\/v2\/product"}],"about":[{"href":"https:\/\/matchamoya.cz\/en\/wp-json\/wp\/v2\/types\/product"}],"replies":[{"embeddable":true,"href":"https:\/\/matchamoya.cz\/en\/wp-json\/wp\/v2\/comments?post=4313"}],"wp:featuredmedia":[{"embeddable":true,"href":"https:\/\/matchamoya.cz\/en\/wp-json\/wp\/v2\/media\/4314"}],"wp:attachment":[{"href":"https:\/\/matchamoya.cz\/en\/wp-json\/wp\/v2\/media?parent=4313"}],"wp:term":[{"taxonomy":"product_cat","embeddable":true,"href":"https:\/\/matchamoya.cz\/en\/wp-json\/wp\/v2\/product_cat?post=4313"},{"taxonomy":"product_tag","embeddable":true,"href":"https:\/\/matchamoya.cz\/en\/wp-json\/wp\/v2\/product_tag?post=4313"}],"curies":[{"name":"wp","href":"https:\/\/api.w.org\/{rel}","templated":true}]}}