{"id":4333,"date":"2025-10-21T07:11:32","date_gmt":"2025-10-21T07:11:32","guid":{"rendered":"https:\/\/matchamoya.cz\/?post_type=product&#038;p=4333"},"modified":"2025-10-21T07:28:02","modified_gmt":"2025-10-21T07:28:02","slug":"chawan-shoku-krasna-hneda-hlinena-miska-na-piti-matcha-caje-moya","status":"publish","type":"product","link":"https:\/\/matchamoya.cz\/en\/shop\/originalni-cajove-prislusenstvi\/chawan-shoku-krasna-hneda-hlinena-miska-na-piti-matcha-caje-moya\/","title":{"rendered":"Chawan Shoku \u2013 Kr\u00e1sn\u00e1 hn\u011bd\u00e1 hlin\u011bn\u00e1 miska na pit\u00ed matcha \u010daje Moya"},"content":{"rendered":"<h1>Chawan Shoku \u2013 Kr\u00e1sn\u00e1 hn\u011bd\u00e1 hlin\u011bn\u00e1 miska na pit\u00ed matcha \u010daje Moya<\/h1>\n<div><strong>Shoku Matchawan<\/strong> je skute\u010dn\u00fdm mistrovsk\u00fdm d\u00edlem keramiky. Matchawan Shoku je ru\u010dn\u011b vyroben\u00e1 miska na matchu z ohniv\u00e9 hl\u00edny s glazurovanou \u00fapravou. Jej\u00ed tvar se \u0159\u00edd\u00ed staletou japonskou tradic\u00ed z Kj\u00f3ta, kterou adaptovalo mal\u00e9 keramick\u00e9 studio v Krakov\u011b ve spolupr\u00e1ci s Moya Matcha. Ka\u017ed\u00fd kus kameniny je jedine\u010dn\u00fd se svou vlastn\u00ed p\u0159irozenou a jemnou variac\u00ed. Vypaluje se p\u0159i velmi vysok\u00e9 teplot\u011b, co\u017e zaji\u0161\u0165uje bezpe\u010dnost a trvanlivost.<strong> Miska Shoku<\/strong>\u00a0je ide\u00e1ln\u00ed pro p\u0159\u00edpravu matcha s vodou nebo va\u0161\u00edm obl\u00edben\u00fdm ml\u00e9kem. K tomuto \u00fa\u010delu doporu\u010dujeme pou\u017e\u00edt bambusovou metlu chasen.Jeho \u0161irok\u00e9 dno usnad\u0148uje m\u00edch\u00e1n\u00ed matchy ve vod\u011b pomoc\u00ed <a href=\"https:\/\/matchamoya.cz\/shop\/originalni-cajove-prislusenstvi\/chasen-tradicni-bambusova-metlicka-na-michani-matcha-caje\/\"><strong>chasen \u2013 bambusov\u00e9 metly<\/strong><\/a> pou\u017e\u00edvan\u00e9 k m\u00edch\u00e1n\u00ed matchy s vodou.<\/div>\n<p>Nezapome\u0148te pou\u017e\u00edt vodu s teplotou nep\u0159esahuj\u00edc\u00ed 80 \u00b0 C, abyste zachovali v\u0161echny vlastnosti matcha &#8211; video s n\u00e1vodem, <strong><a href=\"https:\/\/matchamoya.cz\/jak-pripravit-matchu\/\">jak p\u0159ipravit matcha \u010daj od Hitomi Saito zde<\/a><\/strong>.<\/p>\n<p><strong>Tradi\u010dn\u00ed miska na p\u0159\u00edpravu a pit\u00ed \u010daje matcha.<\/strong><\/p>\n<p>OBJEM: 400 ml<br \/>\nV\u00dd\u0160KA: 7,0 cm &#8211; 8,0 cm<br \/>\nPR\u016eM\u011aR: 10,0 cm &#8211; 11,0 cm<br \/>\nZEM\u011a P\u016eVODU: Polsko<\/p>\n<p>Vzhledem k tomu, \u017ee se jedn\u00e1 o ru\u010dn\u011b vyr\u00e1b\u011bn\u00fd v\u00fdrobek, rozm\u011bry se mohou m\u00edrn\u011b li\u0161it. <strong>Mo\u017eno m\u00fdt v my\u010dce.<\/strong><\/p>","protected":false},"excerpt":{"rendered":"<div><strong>Shoku Matchawan<\/strong> je skute\u010dn\u00fdm mistrovsk\u00fdm d\u00edlem keramiky. Matchawan Shoku je ru\u010dn\u011b vyroben\u00e1 miska na matchu z ohniv\u00e9 hl\u00edny s glazurovanou \u00fapravou. Jej\u00ed tvar se \u0159\u00edd\u00ed staletou japonskou tradic\u00ed z Kj\u00f3ta, kterou adaptovalo mal\u00e9 keramick\u00e9 studio v Krakov\u011b ve spolupr\u00e1ci s Moya Matcha. Ka\u017ed\u00fd kus kameniny je jedine\u010dn\u00fd se svou vlastn\u00ed p\u0159irozenou a jemnou variac\u00ed. Vypaluje se p\u0159i velmi vysok\u00e9 teplot\u011b, co\u017e zaji\u0161\u0165uje bezpe\u010dnost a trvanlivost.<strong> Miska Shoku<\/strong>\u00a0je ide\u00e1ln\u00ed pro p\u0159\u00edpravu matcha s vodou nebo va\u0161\u00edm obl\u00edben\u00fdm ml\u00e9kem. K tomuto \u00fa\u010delu doporu\u010dujeme pou\u017e\u00edt bambusovou metlu chasen.Jeho \u0161irok\u00e9 dno usnad\u0148uje m\u00edch\u00e1n\u00ed matchy ve vod\u011b pomoc\u00ed <a href=\"https:\/\/matchamoya.cz\/shop\/originalni-cajove-prislusenstvi\/chasen-tradicni-bambusova-metlicka-na-michani-matcha-caje\/\"><strong>chasen \u2013 bambusov\u00e9 metly<\/strong><\/a> pou\u017e\u00edvan\u00e9 k m\u00edch\u00e1n\u00ed matchy s vodou.<\/div>\n<p>Nezapome\u0148te pou\u017e\u00edt vodu s teplotou nep\u0159esahuj\u00edc\u00ed 80 \u00b0 C, abyste zachovali v\u0161echny vlastnosti matcha &#8211; video s n\u00e1vodem, <strong><a href=\"https:\/\/matchamoya.cz\/jak-pripravit-matchu\/\">jak p\u0159ipravit matcha \u010daj od Hitomi Saito zde<\/a><\/strong>.<\/p>\n<p><strong>Tradi\u010dn\u00ed miska na p\u0159\u00edpravu a pit\u00ed \u010daje matcha.<\/strong><\/p>\n<p>OBJEM: 400 ml<br \/>\nV\u00dd\u0160KA: 7,0 cm &#8211; 8,0 cm<br \/>\nPR\u016eM\u011aR: 10,0 cm &#8211; 11,0 cm<br \/>\nZEM\u011a P\u016eVODU: Polsko<\/p>\n<p>Vzhledem k tomu, \u017ee se jedn\u00e1 o ru\u010dn\u011b vyr\u00e1b\u011bn\u00fd v\u00fdrobek, rozm\u011bry se mohou m\u00edrn\u011b li\u0161it. <strong>Mo\u017eno m\u00fdt v my\u010dce.<\/strong><\/p>","protected":false},"featured_media":4336,"comment_status":"open","ping_status":"closed","template":"","meta":[],"product_cat":[70],"product_tag":[],"class_list":{"0":"post-4333","1":"product","2":"type-product","3":"status-publish","4":"has-post-thumbnail","6":"product_cat-originalni-cajove-prislusenstvi","7":"product_shipping_class-dobra-dodani","9":"first","10":"instock","11":"featured","12":"taxable","13":"shipping-taxable","14":"purchasable","15":"product-type-simple"},"yoast_head":"<!-- This site is optimized with the Yoast SEO plugin v23.4 - https:\/\/yoast.com\/wordpress\/plugins\/seo\/ -->\n<title>Chawan Shoku \u2013 Kr\u00e1sn\u00e1 hn\u011bd\u00e1 hlin\u011bn\u00e1 miska na pit\u00ed matcha \u010daje | Matcha Moya<\/title>\n<meta name=\"description\" content=\"Matchawan Shoku je ru\u010dn\u011b vyroben\u00e1 miska na matchu z ohniv\u00e9 hl\u00edny s glazurovanou \u00fapravou. Jej\u00ed tvar se \u0159\u00edd\u00ed staletou japonskou tradic\u00ed z Kj\u00f3ta.\" \/>\n<meta name=\"robots\" content=\"index, follow, max-snippet:-1, max-image-preview:large, max-video-preview:-1\" \/>\n<link rel=\"canonical\" href=\"https:\/\/matchamoya.cz\/en\/shop\/originalni-cajove-prislusenstvi\/chawan-shoku-krasna-hneda-hlinena-miska-na-piti-matcha-caje-moya\/\" \/>\n<meta property=\"og:locale\" content=\"en_US\" \/>\n<meta property=\"og:type\" content=\"article\" \/>\n<meta property=\"og:title\" content=\"Chawan Shoku \u2013 Kr\u00e1sn\u00e1 hn\u011bd\u00e1 hlin\u011bn\u00e1 miska na pit\u00ed matcha \u010daje | Matcha Moya\" \/>\n<meta property=\"og:description\" content=\"Matchawan Shoku je ru\u010dn\u011b vyroben\u00e1 miska na matchu z ohniv\u00e9 hl\u00edny s glazurovanou \u00fapravou. Jej\u00ed tvar se \u0159\u00edd\u00ed staletou japonskou tradic\u00ed z Kj\u00f3ta.\" \/>\n<meta property=\"og:url\" content=\"https:\/\/matchamoya.cz\/en\/shop\/originalni-cajove-prislusenstvi\/chawan-shoku-krasna-hneda-hlinena-miska-na-piti-matcha-caje-moya\/\" \/>\n<meta property=\"og:site_name\" content=\"Matcha Moya\" \/>\n<meta property=\"article:modified_time\" content=\"2025-10-21T07:28:02+00:00\" \/>\n<meta property=\"og:image\" content=\"https:\/\/matchamoya.cz\/wp-content\/uploads\/2025\/10\/moya-matchawan-na-matchu-shoku-hnedy-hlineny-3.jpg\" \/>\n\t<meta property=\"og:image:width\" content=\"810\" \/>\n\t<meta property=\"og:image:height\" content=\"1210\" \/>\n\t<meta property=\"og:image:type\" content=\"image\/jpeg\" \/>\n<meta name=\"twitter:card\" content=\"summary_large_image\" \/>\n<meta name=\"twitter:label1\" content=\"Est. reading time\" \/>\n\t<meta name=\"twitter:data1\" content=\"2 minutes\" \/>\n<!-- \/ Yoast SEO plugin. -->","yoast_head_json":{"title":"Chawan Shoku \u2013 Kr\u00e1sn\u00e1 hn\u011bd\u00e1 hlin\u011bn\u00e1 miska na pit\u00ed matcha \u010daje | Matcha Moya","description":"Matchawan Shoku je ru\u010dn\u011b vyroben\u00e1 miska na matchu z ohniv\u00e9 hl\u00edny s glazurovanou \u00fapravou. Jej\u00ed tvar se \u0159\u00edd\u00ed staletou japonskou tradic\u00ed z Kj\u00f3ta.","robots":{"index":"index","follow":"follow","max-snippet":"max-snippet:-1","max-image-preview":"max-image-preview:large","max-video-preview":"max-video-preview:-1"},"canonical":"https:\/\/matchamoya.cz\/en\/shop\/originalni-cajove-prislusenstvi\/chawan-shoku-krasna-hneda-hlinena-miska-na-piti-matcha-caje-moya\/","og_locale":"en_US","og_type":"article","og_title":"Chawan Shoku \u2013 Kr\u00e1sn\u00e1 hn\u011bd\u00e1 hlin\u011bn\u00e1 miska na pit\u00ed matcha \u010daje | Matcha Moya","og_description":"Matchawan Shoku je ru\u010dn\u011b vyroben\u00e1 miska na matchu z ohniv\u00e9 hl\u00edny s glazurovanou \u00fapravou. Jej\u00ed tvar se \u0159\u00edd\u00ed staletou japonskou tradic\u00ed z Kj\u00f3ta.","og_url":"https:\/\/matchamoya.cz\/en\/shop\/originalni-cajove-prislusenstvi\/chawan-shoku-krasna-hneda-hlinena-miska-na-piti-matcha-caje-moya\/","og_site_name":"Matcha Moya","article_modified_time":"2025-10-21T07:28:02+00:00","og_image":[{"width":810,"height":1210,"url":"https:\/\/matchamoya.cz\/wp-content\/uploads\/2025\/10\/moya-matchawan-na-matchu-shoku-hnedy-hlineny-3.jpg","type":"image\/jpeg"}],"twitter_card":"summary_large_image","twitter_misc":{"Est. reading time":"2 minutes"},"schema":{"@context":"https:\/\/schema.org","@graph":[{"@type":"WebPage","@id":"https:\/\/matchamoya.cz\/en\/shop\/originalni-cajove-prislusenstvi\/chawan-shoku-krasna-hneda-hlinena-miska-na-piti-matcha-caje-moya\/","url":"https:\/\/matchamoya.cz\/en\/shop\/originalni-cajove-prislusenstvi\/chawan-shoku-krasna-hneda-hlinena-miska-na-piti-matcha-caje-moya\/","name":"Chawan Shoku \u2013 Kr\u00e1sn\u00e1 hn\u011bd\u00e1 hlin\u011bn\u00e1 miska na pit\u00ed matcha \u010daje | Matcha Moya","isPartOf":{"@id":"https:\/\/matchamoya.cz\/en\/#website"},"primaryImageOfPage":{"@id":"https:\/\/matchamoya.cz\/en\/shop\/originalni-cajove-prislusenstvi\/chawan-shoku-krasna-hneda-hlinena-miska-na-piti-matcha-caje-moya\/#primaryimage"},"image":{"@id":"https:\/\/matchamoya.cz\/en\/shop\/originalni-cajove-prislusenstvi\/chawan-shoku-krasna-hneda-hlinena-miska-na-piti-matcha-caje-moya\/#primaryimage"},"thumbnailUrl":"https:\/\/matchamoya.cz\/wp-content\/uploads\/2025\/10\/moya-matchawan-na-matchu-shoku-hnedy-hlineny-3.jpg","datePublished":"2025-10-21T07:11:32+00:00","dateModified":"2025-10-21T07:28:02+00:00","description":"Matchawan Shoku je ru\u010dn\u011b vyroben\u00e1 miska na matchu z ohniv\u00e9 hl\u00edny s glazurovanou \u00fapravou. Jej\u00ed tvar se \u0159\u00edd\u00ed staletou japonskou tradic\u00ed z Kj\u00f3ta.","breadcrumb":{"@id":"https:\/\/matchamoya.cz\/en\/shop\/originalni-cajove-prislusenstvi\/chawan-shoku-krasna-hneda-hlinena-miska-na-piti-matcha-caje-moya\/#breadcrumb"},"inLanguage":"en-US","potentialAction":[{"@type":"ReadAction","target":["https:\/\/matchamoya.cz\/en\/shop\/originalni-cajove-prislusenstvi\/chawan-shoku-krasna-hneda-hlinena-miska-na-piti-matcha-caje-moya\/"]}]},{"@type":"ImageObject","inLanguage":"en-US","@id":"https:\/\/matchamoya.cz\/en\/shop\/originalni-cajove-prislusenstvi\/chawan-shoku-krasna-hneda-hlinena-miska-na-piti-matcha-caje-moya\/#primaryimage","url":"https:\/\/matchamoya.cz\/wp-content\/uploads\/2025\/10\/moya-matchawan-na-matchu-shoku-hnedy-hlineny-3.jpg","contentUrl":"https:\/\/matchamoya.cz\/wp-content\/uploads\/2025\/10\/moya-matchawan-na-matchu-shoku-hnedy-hlineny-3.jpg","width":810,"height":1210,"caption":"matchawan-shoku-krasny-hned-tradicni-kjoto-keramika"},{"@type":"BreadcrumbList","@id":"https:\/\/matchamoya.cz\/en\/shop\/originalni-cajove-prislusenstvi\/chawan-shoku-krasna-hneda-hlinena-miska-na-piti-matcha-caje-moya\/#breadcrumb","itemListElement":[{"@type":"ListItem","position":1,"name":"Dom\u016f","item":"https:\/\/matchamoya.cz\/"},{"@type":"ListItem","position":2,"name":"E-SHOP","item":"https:\/\/matchamoya.cz\/shop\/"},{"@type":"ListItem","position":3,"name":"Chawan Shoku \u2013 Kr\u00e1sn\u00e1 hn\u011bd\u00e1 hlin\u011bn\u00e1 miska na pit\u00ed matcha \u010daje Moya"}]},{"@type":"WebSite","@id":"https:\/\/matchamoya.cz\/en\/#website","url":"https:\/\/matchamoya.cz\/en\/","name":"Matcha Moya","description":"Matcha Moya","publisher":{"@id":"https:\/\/matchamoya.cz\/en\/#organization"},"potentialAction":[{"@type":"SearchAction","target":{"@type":"EntryPoint","urlTemplate":"https:\/\/matchamoya.cz\/en\/?s={search_term_string}"},"query-input":{"@type":"PropertyValueSpecification","valueRequired":true,"valueName":"search_term_string"}}],"inLanguage":"en-US"},{"@type":"Organization","@id":"https:\/\/matchamoya.cz\/en\/#organization","name":"Moya Matcha","url":"https:\/\/matchamoya.cz\/en\/","logo":{"@type":"ImageObject","inLanguage":"en-US","@id":"https:\/\/matchamoya.cz\/en\/#\/schema\/logo\/image\/","url":"https:\/\/matchamoya.cz\/wp-content\/uploads\/2020\/03\/MOYA_Logo_Green-Black_02.png","contentUrl":"https:\/\/matchamoya.cz\/wp-content\/uploads\/2020\/03\/MOYA_Logo_Green-Black_02.png","width":313,"height":310,"caption":"Moya Matcha"},"image":{"@id":"https:\/\/matchamoya.cz\/en\/#\/schema\/logo\/image\/"}}]}},"_links":{"self":[{"href":"https:\/\/matchamoya.cz\/en\/wp-json\/wp\/v2\/product\/4333"}],"collection":[{"href":"https:\/\/matchamoya.cz\/en\/wp-json\/wp\/v2\/product"}],"about":[{"href":"https:\/\/matchamoya.cz\/en\/wp-json\/wp\/v2\/types\/product"}],"replies":[{"embeddable":true,"href":"https:\/\/matchamoya.cz\/en\/wp-json\/wp\/v2\/comments?post=4333"}],"wp:featuredmedia":[{"embeddable":true,"href":"https:\/\/matchamoya.cz\/en\/wp-json\/wp\/v2\/media\/4336"}],"wp:attachment":[{"href":"https:\/\/matchamoya.cz\/en\/wp-json\/wp\/v2\/media?parent=4333"}],"wp:term":[{"taxonomy":"product_cat","embeddable":true,"href":"https:\/\/matchamoya.cz\/en\/wp-json\/wp\/v2\/product_cat?post=4333"},{"taxonomy":"product_tag","embeddable":true,"href":"https:\/\/matchamoya.cz\/en\/wp-json\/wp\/v2\/product_tag?post=4333"}],"curies":[{"name":"wp","href":"https:\/\/api.w.org\/{rel}","templated":true}]}}