{"id":4337,"date":"2025-10-21T07:28:53","date_gmt":"2025-10-21T07:28:53","guid":{"rendered":"https:\/\/matchamoya.cz\/?post_type=product&#038;p=4337"},"modified":"2026-04-13T09:35:13","modified_gmt":"2026-04-13T09:35:13","slug":"chawan-nepu-japonska-miska-z-honsu-s-barvami-moya","status":"publish","type":"product","link":"https:\/\/matchamoya.cz\/en\/shop\/originalni-cajove-prislusenstvi\/chawan-nepu-japonska-miska-z-honsu-s-barvami-moya\/","title":{"rendered":"Chawan Nepu \u2013 Japonsk\u00e1 keramick\u00e1 miska z Hon\u0161\u00fa s barvami lesa &#8211; Moya"},"content":{"rendered":"<h1>Chawan Nepu \u2013 Japonsk\u00e1 keramick\u00e1 miska z Hon\u0161\u00fa s barvami lesa &#8211; Moya<\/h1>\n<div><strong>Nepu Matchawan<\/strong> je skute\u010dn\u00fdm mistrovsk\u00fdm d\u00edlem keramiky. Matchawan Nepu je nezbytn\u00fdm prvkem japonsk\u00e9ho \u010dajov\u00e9ho ob\u0159adu a kr\u00e1sn\u00fdm kouskem, kter\u00fd vylep\u0161\u00ed ka\u017edou kuchy\u0148. Miska Nepu, s barvami p\u0159ipom\u00ednaj\u00edc\u00edmi hust\u00fd les, je obl\u00edben\u00e1 mezi milovn\u00edky jemn\u00e9 keramiky. Tmav\u011b zelen\u00e9 t\u00f3ny jemn\u011b p\u0159ech\u00e1zej\u00ed do sv\u011btlej\u0161\u00edch odst\u00edn\u016f a vrchol\u00ed jemn\u00fdm, bled\u00fdm okrajem. Miska, vytvarovan\u00e1 ve form\u011b a n\u00e1sledn\u011b ru\u010dn\u011b dokon\u010den\u00e1, z\u00edskala sv\u016fj jemn\u011b nepravideln\u00fd, organick\u00fd tvar.<\/div>\n<div>Miska byla vyrobena v Toki na japonsk\u00e9m ostrov\u011b Hon\u0161\u00fa, v okrese Oro\u0161i, proslul\u00e9m vypalov\u00e1n\u00edm tradi\u010dn\u00ed keramiky \u0160ino, oslavovan\u00e9 pro svou charakteristickou glazurou a \u0159emesln\u00e9 zpracov\u00e1n\u00ed. D\u00edky \u0161irok\u00e9mu dnu je \u0161leh\u00e1n\u00ed matchy s vodou nebo ml\u00e9kem bez n\u00e1mahy \u2013 vy si m\u016f\u017eete jednodu\u0161e vychutnat chu\u0165 a uklid\u0148uj\u00edc\u00ed \u00fa\u010dinek \u010daje matcha.<\/div>\n<div><strong>Miska Nepu<\/strong>\u00a0je ide\u00e1ln\u00ed pro p\u0159\u00edpravu matcha s vodou nebo va\u0161\u00edm obl\u00edben\u00fdm ml\u00e9kem. K tomuto \u00fa\u010delu doporu\u010dujeme pou\u017e\u00edt bambusovou metlu chasen.Jeho \u0161irok\u00e9 dno usnad\u0148uje m\u00edch\u00e1n\u00ed matchy ve vod\u011b pomoc\u00ed <a href=\"https:\/\/matchamoya.cz\/shop\/originalni-cajove-prislusenstvi\/chasen-tradicni-bambusova-metlicka-na-michani-matcha-caje\/\"><strong>chasen \u2013 bambusov\u00e9 metly<\/strong><\/a> pou\u017e\u00edvan\u00e9 k m\u00edch\u00e1n\u00ed matchy s vodou.<\/div>\n<p>Nezapome\u0148te pou\u017e\u00edt vodu s teplotou nep\u0159esahuj\u00edc\u00ed 80 \u00b0 C, abyste zachovali v\u0161echny vlastnosti matcha &#8211; video s n\u00e1vodem, <strong><a href=\"https:\/\/matchamoya.cz\/jak-pripravit-matchu\/\">jak p\u0159ipravit matcha \u010daj od Hitomi Saito zde<\/a><\/strong>.<\/p>\n<p><strong>Tradi\u010dn\u00ed miska na p\u0159\u00edpravu a pit\u00ed \u010daje matcha.<\/strong><\/p>\n<p>OBJEM: 350 ml<br \/>\nV\u00dd\u0160KA: 8,0 cm<br \/>\nPR\u016eM\u011aR: 11,5 cm<br \/>\nZEM\u011a P\u016eVODU: Japonsko<\/p>\n<p>Vzhledem k tomu, \u017ee se jedn\u00e1 o ru\u010dn\u011b vyr\u00e1b\u011bn\u00fd v\u00fdrobek, rozm\u011bry se mohou m\u00edrn\u011b li\u0161it. <strong>Mo\u017eno m\u00fdt v my\u010dce.<\/strong><\/p>","protected":false},"excerpt":{"rendered":"<div><strong>Nepu Matchawan<\/strong> je skute\u010dn\u00fdm mistrovsk\u00fdm d\u00edlem keramiky. Matchawan Nepu je nezbytn\u00fdm prvkem japonsk\u00e9ho \u010dajov\u00e9ho ob\u0159adu a kr\u00e1sn\u00fdm kouskem, kter\u00fd vylep\u0161\u00ed ka\u017edou kuchy\u0148. Miska Nepu, s barvami p\u0159ipom\u00ednaj\u00edc\u00edmi hust\u00fd les, je obl\u00edben\u00e1 mezi milovn\u00edky jemn\u00e9 keramiky. Tmav\u011b zelen\u00e9 t\u00f3ny jemn\u011b p\u0159ech\u00e1zej\u00ed do sv\u011btlej\u0161\u00edch odst\u00edn\u016f a vrchol\u00ed jemn\u00fdm, bled\u00fdm okrajem. Miska, vytvarovan\u00e1 ve form\u011b a n\u00e1sledn\u011b ru\u010dn\u011b dokon\u010den\u00e1, z\u00edskala sv\u016fj jemn\u011b nepravideln\u00fd, organick\u00fd tvar.<\/div>\n<div>Miska byla vyrobena v Toki na japonsk\u00e9m ostrov\u011b Hon\u0161\u00fa, v okrese Oro\u0161i, proslul\u00e9m vypalov\u00e1n\u00edm tradi\u010dn\u00ed keramiky \u0160ino, oslavovan\u00e9 pro svou charakteristickou glazurou a \u0159emesln\u00e9 zpracov\u00e1n\u00ed. D\u00edky \u0161irok\u00e9mu dnu je \u0161leh\u00e1n\u00ed matchy s vodou nebo ml\u00e9kem bez n\u00e1mahy \u2013 vy si m\u016f\u017eete jednodu\u0161e vychutnat chu\u0165 a uklid\u0148uj\u00edc\u00ed \u00fa\u010dinek \u010daje matcha.<\/div>\n<div><strong>Miska Nepu<\/strong>\u00a0je ide\u00e1ln\u00ed pro p\u0159\u00edpravu matcha s vodou nebo va\u0161\u00edm obl\u00edben\u00fdm ml\u00e9kem. K tomuto \u00fa\u010delu doporu\u010dujeme pou\u017e\u00edt bambusovou metlu chasen.Jeho \u0161irok\u00e9 dno usnad\u0148uje m\u00edch\u00e1n\u00ed matchy ve vod\u011b pomoc\u00ed <a href=\"https:\/\/matchamoya.cz\/shop\/originalni-cajove-prislusenstvi\/chasen-tradicni-bambusova-metlicka-na-michani-matcha-caje\/\"><strong>chasen \u2013 bambusov\u00e9 metly<\/strong><\/a> pou\u017e\u00edvan\u00e9 k m\u00edch\u00e1n\u00ed matchy s vodou.<\/div>\n<p>Nezapome\u0148te pou\u017e\u00edt vodu s teplotou nep\u0159esahuj\u00edc\u00ed 80 \u00b0 C, abyste zachovali v\u0161echny vlastnosti matcha &#8211; video s n\u00e1vodem, <strong><a href=\"https:\/\/matchamoya.cz\/jak-pripravit-matchu\/\">jak p\u0159ipravit matcha \u010daj od Hitomi Saito zde<\/a><\/strong>.<\/p>\n<p><strong>Tradi\u010dn\u00ed miska na p\u0159\u00edpravu a pit\u00ed \u010daje matcha.<\/strong><\/p>\n<p>OBJEM: 350 ml<br \/>\nV\u00dd\u0160KA: 8,0 cm<br \/>\nPR\u016eM\u011aR: 11,5 cm<br \/>\nZEM\u011a P\u016eVODU: Japonsko<\/p>\n<p>Vzhledem k tomu, \u017ee se jedn\u00e1 o ru\u010dn\u011b vyr\u00e1b\u011bn\u00fd v\u00fdrobek, rozm\u011bry se mohou m\u00edrn\u011b li\u0161it. <strong>Mo\u017eno m\u00fdt v my\u010dce.<\/strong><\/p>","protected":false},"featured_media":4338,"comment_status":"open","ping_status":"closed","template":"","meta":[],"product_cat":[70],"product_tag":[],"class_list":{"0":"post-4337","1":"product","2":"type-product","3":"status-publish","4":"has-post-thumbnail","6":"product_cat-originalni-cajove-prislusenstvi","7":"product_shipping_class-dobra-dodani","9":"first","10":"instock","11":"featured","12":"taxable","13":"shipping-taxable","14":"purchasable","15":"product-type-simple"},"yoast_head":"<!-- This site is optimized with the Yoast SEO plugin v23.4 - https:\/\/yoast.com\/wordpress\/plugins\/seo\/ -->\n<title>Chawan Napu \u2013 Japonsk\u00e1 miska chawan z Hon\u0161\u00fa s barvami lesa | Matcha Moya<\/title>\n<meta name=\"description\" content=\"Miska Nepu byla vyrobena v Toki na japonsk\u00e9m ostrov\u011b Hon\u0161\u00fa, v okrese Oro\u0161i, proslul\u00e9m vypalov\u00e1n\u00edm tradi\u010dn\u00ed keramiky \u0160ino.\" \/>\n<meta name=\"robots\" content=\"index, follow, max-snippet:-1, max-image-preview:large, max-video-preview:-1\" \/>\n<link rel=\"canonical\" href=\"https:\/\/matchamoya.cz\/en\/shop\/originalni-cajove-prislusenstvi\/chawan-nepu-japonska-miska-z-honsu-s-barvami-moya\/\" \/>\n<meta property=\"og:locale\" content=\"en_US\" \/>\n<meta property=\"og:type\" content=\"article\" \/>\n<meta property=\"og:title\" content=\"Chawan Napu \u2013 Japonsk\u00e1 miska chawan z Hon\u0161\u00fa s barvami lesa | Matcha Moya\" \/>\n<meta property=\"og:description\" content=\"Miska Nepu byla vyrobena v Toki na japonsk\u00e9m ostrov\u011b Hon\u0161\u00fa, v okrese Oro\u0161i, proslul\u00e9m vypalov\u00e1n\u00edm tradi\u010dn\u00ed keramiky \u0160ino.\" \/>\n<meta property=\"og:url\" content=\"https:\/\/matchamoya.cz\/en\/shop\/originalni-cajove-prislusenstvi\/chawan-nepu-japonska-miska-z-honsu-s-barvami-moya\/\" \/>\n<meta property=\"og:site_name\" content=\"Matcha Moya\" \/>\n<meta property=\"article:modified_time\" content=\"2026-04-13T09:35:13+00:00\" \/>\n<meta property=\"og:image\" content=\"https:\/\/matchamoya.cz\/wp-content\/uploads\/2025\/10\/moya-matchawan-na-matchu-nepu-zeleny-z-honsu-3.jpg\" \/>\n\t<meta property=\"og:image:width\" content=\"810\" \/>\n\t<meta property=\"og:image:height\" content=\"1213\" \/>\n\t<meta property=\"og:image:type\" content=\"image\/jpeg\" \/>\n<meta name=\"twitter:card\" content=\"summary_large_image\" \/>\n<meta name=\"twitter:label1\" content=\"Est. reading time\" \/>\n\t<meta name=\"twitter:data1\" content=\"2 minutes\" \/>\n<!-- \/ Yoast SEO plugin. -->","yoast_head_json":{"title":"Chawan Napu \u2013 Japonsk\u00e1 miska chawan z Hon\u0161\u00fa s barvami lesa | Matcha Moya","description":"Miska Nepu byla vyrobena v Toki na japonsk\u00e9m ostrov\u011b Hon\u0161\u00fa, v okrese Oro\u0161i, proslul\u00e9m vypalov\u00e1n\u00edm tradi\u010dn\u00ed keramiky \u0160ino.","robots":{"index":"index","follow":"follow","max-snippet":"max-snippet:-1","max-image-preview":"max-image-preview:large","max-video-preview":"max-video-preview:-1"},"canonical":"https:\/\/matchamoya.cz\/en\/shop\/originalni-cajove-prislusenstvi\/chawan-nepu-japonska-miska-z-honsu-s-barvami-moya\/","og_locale":"en_US","og_type":"article","og_title":"Chawan Napu \u2013 Japonsk\u00e1 miska chawan z Hon\u0161\u00fa s barvami lesa | Matcha Moya","og_description":"Miska Nepu byla vyrobena v Toki na japonsk\u00e9m ostrov\u011b Hon\u0161\u00fa, v okrese Oro\u0161i, proslul\u00e9m vypalov\u00e1n\u00edm tradi\u010dn\u00ed keramiky \u0160ino.","og_url":"https:\/\/matchamoya.cz\/en\/shop\/originalni-cajove-prislusenstvi\/chawan-nepu-japonska-miska-z-honsu-s-barvami-moya\/","og_site_name":"Matcha Moya","article_modified_time":"2026-04-13T09:35:13+00:00","og_image":[{"width":810,"height":1213,"url":"https:\/\/matchamoya.cz\/wp-content\/uploads\/2025\/10\/moya-matchawan-na-matchu-nepu-zeleny-z-honsu-3.jpg","type":"image\/jpeg"}],"twitter_card":"summary_large_image","twitter_misc":{"Est. reading time":"2 minutes"},"schema":{"@context":"https:\/\/schema.org","@graph":[{"@type":"WebPage","@id":"https:\/\/matchamoya.cz\/en\/shop\/originalni-cajove-prislusenstvi\/chawan-nepu-japonska-miska-z-honsu-s-barvami-moya\/","url":"https:\/\/matchamoya.cz\/en\/shop\/originalni-cajove-prislusenstvi\/chawan-nepu-japonska-miska-z-honsu-s-barvami-moya\/","name":"Chawan Napu \u2013 Japonsk\u00e1 miska chawan z Hon\u0161\u00fa s barvami lesa | Matcha Moya","isPartOf":{"@id":"https:\/\/matchamoya.cz\/en\/#website"},"primaryImageOfPage":{"@id":"https:\/\/matchamoya.cz\/en\/shop\/originalni-cajove-prislusenstvi\/chawan-nepu-japonska-miska-z-honsu-s-barvami-moya\/#primaryimage"},"image":{"@id":"https:\/\/matchamoya.cz\/en\/shop\/originalni-cajove-prislusenstvi\/chawan-nepu-japonska-miska-z-honsu-s-barvami-moya\/#primaryimage"},"thumbnailUrl":"https:\/\/matchamoya.cz\/wp-content\/uploads\/2025\/10\/moya-matchawan-na-matchu-nepu-zeleny-z-honsu-3.jpg","datePublished":"2025-10-21T07:28:53+00:00","dateModified":"2026-04-13T09:35:13+00:00","description":"Miska Nepu byla vyrobena v Toki na japonsk\u00e9m ostrov\u011b Hon\u0161\u00fa, v okrese Oro\u0161i, proslul\u00e9m vypalov\u00e1n\u00edm tradi\u010dn\u00ed keramiky \u0160ino.","breadcrumb":{"@id":"https:\/\/matchamoya.cz\/en\/shop\/originalni-cajove-prislusenstvi\/chawan-nepu-japonska-miska-z-honsu-s-barvami-moya\/#breadcrumb"},"inLanguage":"en-US","potentialAction":[{"@type":"ReadAction","target":["https:\/\/matchamoya.cz\/en\/shop\/originalni-cajove-prislusenstvi\/chawan-nepu-japonska-miska-z-honsu-s-barvami-moya\/"]}]},{"@type":"ImageObject","inLanguage":"en-US","@id":"https:\/\/matchamoya.cz\/en\/shop\/originalni-cajove-prislusenstvi\/chawan-nepu-japonska-miska-z-honsu-s-barvami-moya\/#primaryimage","url":"https:\/\/matchamoya.cz\/wp-content\/uploads\/2025\/10\/moya-matchawan-na-matchu-nepu-zeleny-z-honsu-3.jpg","contentUrl":"https:\/\/matchamoya.cz\/wp-content\/uploads\/2025\/10\/moya-matchawan-na-matchu-nepu-zeleny-z-honsu-3.jpg","width":810,"height":1213,"caption":"originalni-matchawan-z-japonska-z-honsu-sido-moya"},{"@type":"BreadcrumbList","@id":"https:\/\/matchamoya.cz\/en\/shop\/originalni-cajove-prislusenstvi\/chawan-nepu-japonska-miska-z-honsu-s-barvami-moya\/#breadcrumb","itemListElement":[{"@type":"ListItem","position":1,"name":"Dom\u016f","item":"https:\/\/matchamoya.cz\/"},{"@type":"ListItem","position":2,"name":"E-SHOP","item":"https:\/\/matchamoya.cz\/shop\/"},{"@type":"ListItem","position":3,"name":"Chawan Nepu \u2013 Japonsk\u00e1 keramick\u00e1 miska z Hon\u0161\u00fa s barvami lesa &#8211; Moya"}]},{"@type":"WebSite","@id":"https:\/\/matchamoya.cz\/en\/#website","url":"https:\/\/matchamoya.cz\/en\/","name":"Matcha Moya","description":"Matcha Moya","publisher":{"@id":"https:\/\/matchamoya.cz\/en\/#organization"},"potentialAction":[{"@type":"SearchAction","target":{"@type":"EntryPoint","urlTemplate":"https:\/\/matchamoya.cz\/en\/?s={search_term_string}"},"query-input":{"@type":"PropertyValueSpecification","valueRequired":true,"valueName":"search_term_string"}}],"inLanguage":"en-US"},{"@type":"Organization","@id":"https:\/\/matchamoya.cz\/en\/#organization","name":"Moya Matcha","url":"https:\/\/matchamoya.cz\/en\/","logo":{"@type":"ImageObject","inLanguage":"en-US","@id":"https:\/\/matchamoya.cz\/en\/#\/schema\/logo\/image\/","url":"https:\/\/matchamoya.cz\/wp-content\/uploads\/2020\/03\/MOYA_Logo_Green-Black_02.png","contentUrl":"https:\/\/matchamoya.cz\/wp-content\/uploads\/2020\/03\/MOYA_Logo_Green-Black_02.png","width":313,"height":310,"caption":"Moya Matcha"},"image":{"@id":"https:\/\/matchamoya.cz\/en\/#\/schema\/logo\/image\/"}}]}},"_links":{"self":[{"href":"https:\/\/matchamoya.cz\/en\/wp-json\/wp\/v2\/product\/4337"}],"collection":[{"href":"https:\/\/matchamoya.cz\/en\/wp-json\/wp\/v2\/product"}],"about":[{"href":"https:\/\/matchamoya.cz\/en\/wp-json\/wp\/v2\/types\/product"}],"replies":[{"embeddable":true,"href":"https:\/\/matchamoya.cz\/en\/wp-json\/wp\/v2\/comments?post=4337"}],"wp:featuredmedia":[{"embeddable":true,"href":"https:\/\/matchamoya.cz\/en\/wp-json\/wp\/v2\/media\/4338"}],"wp:attachment":[{"href":"https:\/\/matchamoya.cz\/en\/wp-json\/wp\/v2\/media?parent=4337"}],"wp:term":[{"taxonomy":"product_cat","embeddable":true,"href":"https:\/\/matchamoya.cz\/en\/wp-json\/wp\/v2\/product_cat?post=4337"},{"taxonomy":"product_tag","embeddable":true,"href":"https:\/\/matchamoya.cz\/en\/wp-json\/wp\/v2\/product_tag?post=4337"}],"curies":[{"name":"wp","href":"https:\/\/api.w.org\/{rel}","templated":true}]}}