{"id":4486,"date":"2025-11-27T18:14:10","date_gmt":"2025-11-27T18:14:10","guid":{"rendered":"https:\/\/matchamoya.cz\/?post_type=product&#038;p=4486"},"modified":"2025-12-14T07:57:46","modified_gmt":"2025-12-14T07:57:46","slug":"chawan-ume-japonska-keramicka-miska-v-barve-svestkoveho-kvetu-moya","status":"publish","type":"product","link":"https:\/\/matchamoya.cz\/en\/shop\/originalni-cajove-prislusenstvi\/chawan-ume-japonska-keramicka-miska-v-barve-svestkoveho-kvetu-moya\/","title":{"rendered":"Chawan Ume \u2013 Japonsk\u00e1 keramick\u00e1 miska v barv\u011b \u0161vestkov\u00e9ho kv\u011btu &#8211; Moya"},"content":{"rendered":"<h1>Chawan Ume \u2013 Japonsk\u00e1 keramick\u00e1 miska v barv\u011b \u0161vestkov\u00e9ho kv\u011btu &#8211; Moya<\/h1>\n<div>\n<div><strong>Matchawan Ume<\/strong>, co\u017e v japon\u0161tin\u011b znamen\u00e1 \u201e\u0161vestka\u201c, je opravdov\u00e9 mistrovsk\u00e9 d\u00edlo keramiky poch\u00e1zej\u00edc\u00ed z malebn\u00e9ho m\u011bste\u010dka Toki. Kerami\u010dt\u00ed um\u011blci z Toki v prefektu\u0159e Gifu pou\u017e\u00edvaj\u00ed techniky star\u00e9 v\u00edce ne\u017e 1300 let.<\/div>\n<div>Misky jsou pe\u010dliv\u011b vyr\u00e1b\u011bny na hrn\u010d\u00ed\u0159sk\u00e9m kruhu, tak\u017ee ka\u017ed\u00fd kus je jedine\u010dn\u00fd. V barv\u011b kv\u011btu \u0161vestky, kter\u00fd ohla\u0161uje jaro a je symbolem dlouhov\u011bkosti, vytrvalosti a odolnosti, proto\u017ee kvete v p\u0159etrv\u00e1vaj\u00edc\u00edm zimn\u00edm chladu. Pit\u00ed matchy z misky Ume pom\u016f\u017ee pos\u00edlit t\u011blo i ducha.<\/div>\n<div><\/div>\n<\/div>\n<div><strong>Miska Ume<\/strong>\u00a0je ide\u00e1ln\u00ed pro p\u0159\u00edpravu matcha s vodou nebo va\u0161\u00edm obl\u00edben\u00fdm ml\u00e9kem. K tomuto \u00fa\u010delu doporu\u010dujeme pou\u017e\u00edt bambusovou metlu chasen.Jeho \u0161irok\u00e9 dno usnad\u0148uje m\u00edch\u00e1n\u00ed matchy ve vod\u011b pomoc\u00ed <a href=\"https:\/\/matchamoya.cz\/shop\/originalni-cajove-prislusenstvi\/chasen-tradicni-bambusova-metlicka-na-michani-matcha-caje\/\"><strong>chasen \u2013 bambusov\u00e9 metly<\/strong><\/a> pou\u017e\u00edvan\u00e9 k m\u00edch\u00e1n\u00ed matchy s vodou.<\/div>\n<p>Nezapome\u0148te pou\u017e\u00edt vodu s teplotou nep\u0159esahuj\u00edc\u00ed 80 \u00b0 C, abyste zachovali v\u0161echny vlastnosti matcha &#8211; video s n\u00e1vodem, <strong><a href=\"https:\/\/matchamoya.cz\/jak-pripravit-matchu\/\">jak p\u0159ipravit matcha \u010daj od Hitomi Saito zde<\/a><\/strong>.<\/p>\n<p><strong>Ru\u010dn\u011b vyr\u00e1b\u011bn\u00e1 miska na p\u0159\u00edpravu a pit\u00ed \u010daje matcha (ka\u017ed\u00fd kousek je jedine\u010dn\u00fd).<\/strong><\/p>\n<p>OBJEM: 450 ml<br \/>\nV\u00dd\u0160KA: 7,0 cm<br \/>\nPR\u016eM\u011aR: 10,0 cm<br \/>\nZEM\u011a P\u016eVODU: Japonsko<\/p>\n<p>Vzhledem k tomu, \u017ee se jedn\u00e1 o ru\u010dn\u011b vyr\u00e1b\u011bn\u00fd v\u00fdrobek, rozm\u011bry se mohou m\u00edrn\u011b li\u0161it. <strong>Mo\u017eno m\u00fdt v my\u010dce.<\/strong><\/p>","protected":false},"excerpt":{"rendered":"<p><span style=\"color: #282828;\"><strong style=\"font-size: 14.4px;\">Matchawan Ume<\/strong><span style=\"font-size: 14.4px;\">, co\u017e v japon\u0161tin\u011b znamen\u00e1 \u201e\u0161vestka\u201c, je opravdov\u00e9 mistrovsk\u00e9 d\u00edlo keramiky poch\u00e1zej\u00edc\u00ed z malebn\u00e9ho m\u011bste\u010dka Toki. Kerami\u010dt\u00ed um\u011blci z Toki v prefektu\u0159e Gifu pou\u017e\u00edvaj\u00ed techniky star\u00e9 v\u00edce ne\u017e 1300 let.<\/span><\/span><\/p>\n<p><span style=\"font-size: 14.4px; color: #282828;\">Misky jsou pe\u010dliv\u011b vyr\u00e1b\u011bny na hrn\u010d\u00ed\u0159sk\u00e9m kruhu, tak\u017ee ka\u017ed\u00fd kus je jedine\u010dn\u00fd. V barv\u011b kv\u011btu \u0161vestky, kter\u00fd ohla\u0161uje jaro a je symbolem dlouhov\u011bkosti, vytrvalosti a odolnosti, proto\u017ee kvete v p\u0159etrv\u00e1vaj\u00edc\u00edm zimn\u00edm chladu. Pit\u00ed matchy z misky Ume pom\u016f\u017ee pos\u00edlit t\u011blo i ducha.<\/span><\/p>\n<div><strong>Miska Ume<\/strong>\u00a0je ide\u00e1ln\u00ed pro p\u0159\u00edpravu matcha s vodou nebo va\u0161\u00edm obl\u00edben\u00fdm ml\u00e9kem. K tomuto \u00fa\u010delu doporu\u010dujeme pou\u017e\u00edt bambusovou metlu chasen.Jeho \u0161irok\u00e9 dno usnad\u0148uje m\u00edch\u00e1n\u00ed matchy ve vod\u011b pomoc\u00ed <a href=\"https:\/\/matchamoya.cz\/shop\/originalni-cajove-prislusenstvi\/chasen-tradicni-bambusova-metlicka-na-michani-matcha-caje\/\"><strong>chasen \u2013 bambusov\u00e9 metly<\/strong><\/a> pou\u017e\u00edvan\u00e9 k m\u00edch\u00e1n\u00ed matchy s vodou.<\/div>\n<p>Nezapome\u0148te pou\u017e\u00edt vodu s teplotou nep\u0159esahuj\u00edc\u00ed 80 \u00b0 C, abyste zachovali v\u0161echny vlastnosti matcha &#8211; video s n\u00e1vodem, <strong><a href=\"https:\/\/matchamoya.cz\/jak-pripravit-matchu\/\">jak p\u0159ipravit matcha \u010daj od Hitomi Saito zde<\/a><\/strong>.<\/p>\n<p><strong>Ru\u010dn\u011b vyr\u00e1b\u011bn\u00e1 miska na p\u0159\u00edpravu a pit\u00ed \u010daje matcha (ka\u017ed\u00fd kousek je jedine\u010dn\u00fd).<\/strong><\/p>\n<p>OBJEM: cca. 400 ml<br \/>\nV\u00dd\u0160KA: cca. 7,5 cm<br \/>\nPR\u016eM\u011aR: cca. 10,0 cm<br \/>\nZEM\u011a P\u016eVODU: Japonsko<\/p>\n<p>Vzhledem k tomu, \u017ee se jedn\u00e1 o ru\u010dn\u011b vyr\u00e1b\u011bn\u00fd v\u00fdrobek, rozm\u011bry se mohou m\u00edrn\u011b li\u0161it. <strong>Mo\u017eno m\u00fdt v my\u010dce.<\/strong><\/p>","protected":false},"featured_media":4487,"comment_status":"open","ping_status":"closed","template":"","meta":[],"product_cat":[70],"product_tag":[],"class_list":{"0":"post-4486","1":"product","2":"type-product","3":"status-publish","4":"has-post-thumbnail","6":"product_cat-originalni-cajove-prislusenstvi","7":"product_shipping_class-dobra-dodani","9":"first","10":"instock","11":"featured","12":"taxable","13":"shipping-taxable","14":"purchasable","15":"product-type-simple"},"yoast_head":"<!-- This site is optimized with the Yoast SEO plugin v23.4 - https:\/\/yoast.com\/wordpress\/plugins\/seo\/ -->\n<title>Chawan Ume \u2013 Japonsk\u00e1 keramick\u00e1 miska \u0161vestkov\u00fd kv\u011bt | Matcha Moya<\/title>\n<meta name=\"description\" content=\"Matchawan Ume, co\u017e v japon\u0161tin\u011b znamen\u00e1 \u201e\u0161vestka\u201c, je opravdov\u00e9 mistrovsk\u00e9 d\u00edlo keramiky poch\u00e1zej\u00edc\u00ed z malebn\u00e9ho m\u011bste\u010dka Toki.\" \/>\n<meta name=\"robots\" content=\"index, follow, max-snippet:-1, max-image-preview:large, max-video-preview:-1\" \/>\n<link rel=\"canonical\" href=\"https:\/\/matchamoya.cz\/en\/shop\/originalni-cajove-prislusenstvi\/chawan-ume-japonska-keramicka-miska-v-barve-svestkoveho-kvetu-moya\/\" \/>\n<meta property=\"og:locale\" content=\"en_US\" \/>\n<meta property=\"og:type\" content=\"article\" \/>\n<meta property=\"og:title\" content=\"Chawan Ume \u2013 Japonsk\u00e1 keramick\u00e1 miska \u0161vestkov\u00fd kv\u011bt | Matcha Moya\" \/>\n<meta property=\"og:description\" content=\"Matchawan Ume, co\u017e v japon\u0161tin\u011b znamen\u00e1 \u201e\u0161vestka\u201c, je opravdov\u00e9 mistrovsk\u00e9 d\u00edlo keramiky poch\u00e1zej\u00edc\u00ed z malebn\u00e9ho m\u011bste\u010dka Toki.\" \/>\n<meta property=\"og:url\" content=\"https:\/\/matchamoya.cz\/en\/shop\/originalni-cajove-prislusenstvi\/chawan-ume-japonska-keramicka-miska-v-barve-svestkoveho-kvetu-moya\/\" \/>\n<meta property=\"og:site_name\" content=\"Matcha Moya\" \/>\n<meta property=\"article:modified_time\" content=\"2025-12-14T07:57:46+00:00\" \/>\n<meta property=\"og:image\" content=\"https:\/\/matchamoya.cz\/wp-content\/uploads\/2025\/11\/chawan-matcha-ume-svestkovy-kvet-moya.jpg\" \/>\n\t<meta property=\"og:image:width\" content=\"819\" \/>\n\t<meta property=\"og:image:height\" content=\"1213\" \/>\n\t<meta property=\"og:image:type\" content=\"image\/jpeg\" \/>\n<meta name=\"twitter:card\" content=\"summary_large_image\" \/>\n<meta name=\"twitter:label1\" content=\"Est. reading time\" \/>\n\t<meta name=\"twitter:data1\" content=\"2 minutes\" \/>\n<!-- \/ Yoast SEO plugin. -->","yoast_head_json":{"title":"Chawan Ume \u2013 Japonsk\u00e1 keramick\u00e1 miska \u0161vestkov\u00fd kv\u011bt | Matcha Moya","description":"Matchawan Ume, co\u017e v japon\u0161tin\u011b znamen\u00e1 \u201e\u0161vestka\u201c, je opravdov\u00e9 mistrovsk\u00e9 d\u00edlo keramiky poch\u00e1zej\u00edc\u00ed z malebn\u00e9ho m\u011bste\u010dka Toki.","robots":{"index":"index","follow":"follow","max-snippet":"max-snippet:-1","max-image-preview":"max-image-preview:large","max-video-preview":"max-video-preview:-1"},"canonical":"https:\/\/matchamoya.cz\/en\/shop\/originalni-cajove-prislusenstvi\/chawan-ume-japonska-keramicka-miska-v-barve-svestkoveho-kvetu-moya\/","og_locale":"en_US","og_type":"article","og_title":"Chawan Ume \u2013 Japonsk\u00e1 keramick\u00e1 miska \u0161vestkov\u00fd kv\u011bt | Matcha Moya","og_description":"Matchawan Ume, co\u017e v japon\u0161tin\u011b znamen\u00e1 \u201e\u0161vestka\u201c, je opravdov\u00e9 mistrovsk\u00e9 d\u00edlo keramiky poch\u00e1zej\u00edc\u00ed z malebn\u00e9ho m\u011bste\u010dka Toki.","og_url":"https:\/\/matchamoya.cz\/en\/shop\/originalni-cajove-prislusenstvi\/chawan-ume-japonska-keramicka-miska-v-barve-svestkoveho-kvetu-moya\/","og_site_name":"Matcha Moya","article_modified_time":"2025-12-14T07:57:46+00:00","og_image":[{"width":819,"height":1213,"url":"https:\/\/matchamoya.cz\/wp-content\/uploads\/2025\/11\/chawan-matcha-ume-svestkovy-kvet-moya.jpg","type":"image\/jpeg"}],"twitter_card":"summary_large_image","twitter_misc":{"Est. reading time":"2 minutes"},"schema":{"@context":"https:\/\/schema.org","@graph":[{"@type":"WebPage","@id":"https:\/\/matchamoya.cz\/en\/shop\/originalni-cajove-prislusenstvi\/chawan-ume-japonska-keramicka-miska-v-barve-svestkoveho-kvetu-moya\/","url":"https:\/\/matchamoya.cz\/en\/shop\/originalni-cajove-prislusenstvi\/chawan-ume-japonska-keramicka-miska-v-barve-svestkoveho-kvetu-moya\/","name":"Chawan Ume \u2013 Japonsk\u00e1 keramick\u00e1 miska \u0161vestkov\u00fd kv\u011bt | Matcha Moya","isPartOf":{"@id":"https:\/\/matchamoya.cz\/en\/#website"},"primaryImageOfPage":{"@id":"https:\/\/matchamoya.cz\/en\/shop\/originalni-cajove-prislusenstvi\/chawan-ume-japonska-keramicka-miska-v-barve-svestkoveho-kvetu-moya\/#primaryimage"},"image":{"@id":"https:\/\/matchamoya.cz\/en\/shop\/originalni-cajove-prislusenstvi\/chawan-ume-japonska-keramicka-miska-v-barve-svestkoveho-kvetu-moya\/#primaryimage"},"thumbnailUrl":"https:\/\/matchamoya.cz\/wp-content\/uploads\/2025\/11\/chawan-matcha-ume-svestkovy-kvet-moya.jpg","datePublished":"2025-11-27T18:14:10+00:00","dateModified":"2025-12-14T07:57:46+00:00","description":"Matchawan Ume, co\u017e v japon\u0161tin\u011b znamen\u00e1 \u201e\u0161vestka\u201c, je opravdov\u00e9 mistrovsk\u00e9 d\u00edlo keramiky poch\u00e1zej\u00edc\u00ed z malebn\u00e9ho m\u011bste\u010dka Toki.","breadcrumb":{"@id":"https:\/\/matchamoya.cz\/en\/shop\/originalni-cajove-prislusenstvi\/chawan-ume-japonska-keramicka-miska-v-barve-svestkoveho-kvetu-moya\/#breadcrumb"},"inLanguage":"en-US","potentialAction":[{"@type":"ReadAction","target":["https:\/\/matchamoya.cz\/en\/shop\/originalni-cajove-prislusenstvi\/chawan-ume-japonska-keramicka-miska-v-barve-svestkoveho-kvetu-moya\/"]}]},{"@type":"ImageObject","inLanguage":"en-US","@id":"https:\/\/matchamoya.cz\/en\/shop\/originalni-cajove-prislusenstvi\/chawan-ume-japonska-keramicka-miska-v-barve-svestkoveho-kvetu-moya\/#primaryimage","url":"https:\/\/matchamoya.cz\/wp-content\/uploads\/2025\/11\/chawan-matcha-ume-svestkovy-kvet-moya.jpg","contentUrl":"https:\/\/matchamoya.cz\/wp-content\/uploads\/2025\/11\/chawan-matcha-ume-svestkovy-kvet-moya.jpg","width":819,"height":1213,"caption":"chawan-ume-svestkovy-kvet-toki-japan"},{"@type":"BreadcrumbList","@id":"https:\/\/matchamoya.cz\/en\/shop\/originalni-cajove-prislusenstvi\/chawan-ume-japonska-keramicka-miska-v-barve-svestkoveho-kvetu-moya\/#breadcrumb","itemListElement":[{"@type":"ListItem","position":1,"name":"Dom\u016f","item":"https:\/\/matchamoya.cz\/"},{"@type":"ListItem","position":2,"name":"E-SHOP","item":"https:\/\/matchamoya.cz\/shop\/"},{"@type":"ListItem","position":3,"name":"Chawan Ume \u2013 Japonsk\u00e1 keramick\u00e1 miska v barv\u011b \u0161vestkov\u00e9ho kv\u011btu &#8211; Moya"}]},{"@type":"WebSite","@id":"https:\/\/matchamoya.cz\/en\/#website","url":"https:\/\/matchamoya.cz\/en\/","name":"Matcha Moya","description":"Matcha Moya","publisher":{"@id":"https:\/\/matchamoya.cz\/en\/#organization"},"potentialAction":[{"@type":"SearchAction","target":{"@type":"EntryPoint","urlTemplate":"https:\/\/matchamoya.cz\/en\/?s={search_term_string}"},"query-input":{"@type":"PropertyValueSpecification","valueRequired":true,"valueName":"search_term_string"}}],"inLanguage":"en-US"},{"@type":"Organization","@id":"https:\/\/matchamoya.cz\/en\/#organization","name":"Moya Matcha","url":"https:\/\/matchamoya.cz\/en\/","logo":{"@type":"ImageObject","inLanguage":"en-US","@id":"https:\/\/matchamoya.cz\/en\/#\/schema\/logo\/image\/","url":"https:\/\/matchamoya.cz\/wp-content\/uploads\/2020\/03\/MOYA_Logo_Green-Black_02.png","contentUrl":"https:\/\/matchamoya.cz\/wp-content\/uploads\/2020\/03\/MOYA_Logo_Green-Black_02.png","width":313,"height":310,"caption":"Moya Matcha"},"image":{"@id":"https:\/\/matchamoya.cz\/en\/#\/schema\/logo\/image\/"}}]}},"_links":{"self":[{"href":"https:\/\/matchamoya.cz\/en\/wp-json\/wp\/v2\/product\/4486"}],"collection":[{"href":"https:\/\/matchamoya.cz\/en\/wp-json\/wp\/v2\/product"}],"about":[{"href":"https:\/\/matchamoya.cz\/en\/wp-json\/wp\/v2\/types\/product"}],"replies":[{"embeddable":true,"href":"https:\/\/matchamoya.cz\/en\/wp-json\/wp\/v2\/comments?post=4486"}],"wp:featuredmedia":[{"embeddable":true,"href":"https:\/\/matchamoya.cz\/en\/wp-json\/wp\/v2\/media\/4487"}],"wp:attachment":[{"href":"https:\/\/matchamoya.cz\/en\/wp-json\/wp\/v2\/media?parent=4486"}],"wp:term":[{"taxonomy":"product_cat","embeddable":true,"href":"https:\/\/matchamoya.cz\/en\/wp-json\/wp\/v2\/product_cat?post=4486"},{"taxonomy":"product_tag","embeddable":true,"href":"https:\/\/matchamoya.cz\/en\/wp-json\/wp\/v2\/product_tag?post=4486"}],"curies":[{"name":"wp","href":"https:\/\/api.w.org\/{rel}","templated":true}]}}