{"id":4493,"date":"2025-11-27T18:42:50","date_gmt":"2025-11-27T18:42:50","guid":{"rendered":"https:\/\/matchamoya.cz\/?post_type=product&#038;p=4493"},"modified":"2025-11-28T18:28:49","modified_gmt":"2025-11-28T18:28:49","slug":"chawan-okashi-elegantni-rucne-vyrabena-miska-z-honsu-moya","status":"publish","type":"product","link":"https:\/\/matchamoya.cz\/en\/shop\/originalni-cajove-prislusenstvi\/chawan-okashi-elegantni-rucne-vyrabena-miska-z-honsu-moya\/","title":{"rendered":"Chawan Okashi \u2013 Elegantn\u00ed ru\u010dn\u011b vyr\u00e1b\u011bn\u00e1 miska z Hon\u0161\u00fa &#8211; Moya"},"content":{"rendered":"<h1>Chawan Okashi \u2013 Elegantn\u00ed ru\u010dn\u011b vyr\u00e1b\u011bn\u00e1 miska z Hon\u0161\u00fa &#8211; Moya<\/h1>\n<div>\n<div>\n<div><strong>Matchawan Okashi<\/strong> je klasick\u00e1 miska na matchu, inspirovan\u00e1 estetikou japonsk\u00e9 jednoduchosti. Jej\u00ed sv\u011btl\u00e1, lehce olivov\u00e1 barva je pokryta jemn\u00fdmi, nepravideln\u00fdmi skvrnami, kter\u00e9 j\u00ed dod\u00e1vaj\u00ed syrov\u00fd, \u0159emesln\u00fd charakter.<\/div>\n<div><\/div>\n<div>Ru\u010dn\u011b vyr\u00e1b\u011bn\u00e1 v Mino na ostrov\u011b Hon\u0161\u00fa v Japonsku, soustru\u017een\u00ed formy v kombinaci s ru\u010dn\u00edm dokon\u010dov\u00e1n\u00edm d\u011bl\u00e1 ka\u017edou misku trochu odli\u0161nou \u2013 a proto jedine\u010dnou.<\/div>\n<div><\/div>\n<div>Okashi m\u00e1 m\u00edrn\u011b zu\u017euj\u00edc\u00ed se tvar a \u0161irok\u00e9 dno, d\u00edky \u010demu\u017e je ide\u00e1ln\u00ed pro m\u00edch\u00e1n\u00ed matchy bambusovou metli\u010dkou (chasen). D\u00edky vyv\u00e1\u017een\u00fdm proporc\u00edm se miska pohodln\u011b dr\u017e\u00ed v ruce a je ide\u00e1ln\u00ed jak pro za\u010d\u00e1te\u010dn\u00edky, tak pro pokro\u010dilej\u0161\u00ed milovn\u00edky matchy.<\/div>\n<\/div>\n<div><\/div>\n<\/div>\n<div><strong>Miska Okashi<\/strong>\u00a0je ide\u00e1ln\u00ed pro p\u0159\u00edpravu matcha s vodou nebo va\u0161\u00edm obl\u00edben\u00fdm ml\u00e9kem. K tomuto \u00fa\u010delu doporu\u010dujeme pou\u017e\u00edt bambusovou metlu chasen.Jeho \u0161irok\u00e9 dno usnad\u0148uje m\u00edch\u00e1n\u00ed matchy ve vod\u011b pomoc\u00ed <a href=\"https:\/\/matchamoya.cz\/shop\/originalni-cajove-prislusenstvi\/chasen-tradicni-bambusova-metlicka-na-michani-matcha-caje\/\"><strong>chasen \u2013 bambusov\u00e9 metly<\/strong><\/a> pou\u017e\u00edvan\u00e9 k m\u00edch\u00e1n\u00ed matchy s vodou.<\/div>\n<p>Nezapome\u0148te pou\u017e\u00edt vodu s teplotou nep\u0159esahuj\u00edc\u00ed 80 \u00b0 C, abyste zachovali v\u0161echny vlastnosti matcha &#8211; video s n\u00e1vodem, <strong><a href=\"https:\/\/matchamoya.cz\/jak-pripravit-matchu\/\">jak p\u0159ipravit matcha \u010daj od Hitomi Saito zde<\/a><\/strong>.<\/p>\n<p><strong>Ru\u010dn\u011b vyr\u00e1b\u011bn\u00e1 miska na p\u0159\u00edpravu a pit\u00ed \u010daje matcha.\u00a0<\/strong><\/p>\n<p>OBJEM: 400 ml<br \/>\nV\u00dd\u0160KA: 7,5 cm<br \/>\nPR\u016eM\u011aR: 12,0 cm<br \/>\nZEM\u011a P\u016eVODU: Japonsko<\/p>\n<p>Vzhledem k tomu, \u017ee se jedn\u00e1 o ru\u010dn\u011b vyr\u00e1b\u011bn\u00fd v\u00fdrobek, rozm\u011bry se mohou m\u00edrn\u011b li\u0161it. <strong>Mo\u017eno m\u00fdt v my\u010dce.<\/strong><\/p>","protected":false},"excerpt":{"rendered":"<div>\n<div>\n<div><strong>Matchawan Okashi<\/strong> je klasick\u00e1 miska na matchu, inspirovan\u00e1 estetikou japonsk\u00e9 jednoduchosti. Jej\u00ed sv\u011btl\u00e1, lehce olivov\u00e1 barva je pokryta jemn\u00fdmi, nepravideln\u00fdmi skvrnami, kter\u00e9 j\u00ed dod\u00e1vaj\u00ed syrov\u00fd, \u0159emesln\u00fd charakter.<\/div>\n<div><\/div>\n<div>Ru\u010dn\u011b vyr\u00e1b\u011bn\u00e1 v Mino na ostrov\u011b Hon\u0161\u00fa v Japonsku, soustru\u017een\u00ed formy v kombinaci s ru\u010dn\u00edm dokon\u010dov\u00e1n\u00edm d\u011bl\u00e1 ka\u017edou misku trochu odli\u0161nou \u2013 a proto jedine\u010dnou.<\/div>\n<div><\/div>\n<div>Okashi m\u00e1 m\u00edrn\u011b zu\u017euj\u00edc\u00ed se tvar a \u0161irok\u00e9 dno, d\u00edky \u010demu\u017e je ide\u00e1ln\u00ed pro m\u00edch\u00e1n\u00ed matchy bambusovou metli\u010dkou (chasen). D\u00edky vyv\u00e1\u017een\u00fdm proporc\u00edm se miska pohodln\u011b dr\u017e\u00ed v ruce a je ide\u00e1ln\u00ed jak pro za\u010d\u00e1te\u010dn\u00edky, tak pro pokro\u010dilej\u0161\u00ed milovn\u00edky matchy.<\/div>\n<\/div>\n<div><\/div>\n<\/div>\n<div><strong>Miska Okashi<\/strong>\u00a0je ide\u00e1ln\u00ed pro p\u0159\u00edpravu matcha s vodou nebo va\u0161\u00edm obl\u00edben\u00fdm ml\u00e9kem. K tomuto \u00fa\u010delu doporu\u010dujeme pou\u017e\u00edt bambusovou metlu chasen.Jeho \u0161irok\u00e9 dno usnad\u0148uje m\u00edch\u00e1n\u00ed matchy ve vod\u011b pomoc\u00ed <a href=\"https:\/\/matchamoya.cz\/shop\/originalni-cajove-prislusenstvi\/chasen-tradicni-bambusova-metlicka-na-michani-matcha-caje\/\"><strong>chasen \u2013 bambusov\u00e9 metly<\/strong><\/a> pou\u017e\u00edvan\u00e9 k m\u00edch\u00e1n\u00ed matchy s vodou.<\/div>\n<p>Nezapome\u0148te pou\u017e\u00edt vodu s teplotou nep\u0159esahuj\u00edc\u00ed 80 \u00b0 C, abyste zachovali v\u0161echny vlastnosti matcha &#8211; video s n\u00e1vodem, <strong><a href=\"https:\/\/matchamoya.cz\/jak-pripravit-matchu\/\">jak p\u0159ipravit matcha \u010daj od Hitomi Saito zde<\/a><\/strong>.<\/p>\n<p><strong>Ru\u010dn\u011b vyr\u00e1b\u011bn\u00e1 miska na p\u0159\u00edpravu a pit\u00ed \u010daje matcha.\u00a0<\/strong><\/p>\n<p>OBJEM: 400 ml<br \/>\nV\u00dd\u0160KA: 7,5 cm<br \/>\nPR\u016eM\u011aR: 12,0 cm<br \/>\nZEM\u011a P\u016eVODU: Japonsko<\/p>\n<p>Vzhledem k tomu, \u017ee se jedn\u00e1 o ru\u010dn\u011b vyr\u00e1b\u011bn\u00fd v\u00fdrobek, rozm\u011bry se mohou m\u00edrn\u011b li\u0161it. <strong>Mo\u017eno m\u00fdt v my\u010dce.<\/strong><\/p>","protected":false},"featured_media":4494,"comment_status":"open","ping_status":"closed","template":"","meta":[],"product_cat":[70],"product_tag":[],"class_list":{"0":"post-4493","1":"product","2":"type-product","3":"status-publish","4":"has-post-thumbnail","6":"product_cat-originalni-cajove-prislusenstvi","7":"product_shipping_class-dobra-dodani","9":"first","10":"instock","11":"featured","12":"taxable","13":"shipping-taxable","14":"purchasable","15":"product-type-simple"},"yoast_head":"<!-- This site is optimized with the Yoast SEO plugin v23.4 - https:\/\/yoast.com\/wordpress\/plugins\/seo\/ -->\n<title>Chawan Okashi \u2013 Elegantn\u00ed ru\u010dn\u011b vyr\u00e1b\u011bn\u00e1 miska z Hon\u0161\u00fa - Moya | Matcha Moya<\/title>\n<meta name=\"description\" content=\"Matchawan Okashi je klasick\u00e1 miska na matchu, inspirovan\u00e1 estetikou japonsk\u00e9 jednoduchosti. Ru\u010dn\u011b vyr\u00e1b\u011bn\u00e1 v Mino na ostrov\u011b Hon\u0161\u00fa v Japonsku.\" \/>\n<meta name=\"robots\" content=\"index, follow, max-snippet:-1, max-image-preview:large, max-video-preview:-1\" \/>\n<link rel=\"canonical\" href=\"https:\/\/matchamoya.cz\/en\/shop\/originalni-cajove-prislusenstvi\/chawan-okashi-elegantni-rucne-vyrabena-miska-z-honsu-moya\/\" \/>\n<meta property=\"og:locale\" content=\"en_US\" \/>\n<meta property=\"og:type\" content=\"article\" \/>\n<meta property=\"og:title\" content=\"Chawan Okashi \u2013 Elegantn\u00ed ru\u010dn\u011b vyr\u00e1b\u011bn\u00e1 miska z Hon\u0161\u00fa - Moya | Matcha Moya\" \/>\n<meta property=\"og:description\" content=\"Matchawan Okashi je klasick\u00e1 miska na matchu, inspirovan\u00e1 estetikou japonsk\u00e9 jednoduchosti. Ru\u010dn\u011b vyr\u00e1b\u011bn\u00e1 v Mino na ostrov\u011b Hon\u0161\u00fa v Japonsku.\" \/>\n<meta property=\"og:url\" content=\"https:\/\/matchamoya.cz\/en\/shop\/originalni-cajove-prislusenstvi\/chawan-okashi-elegantni-rucne-vyrabena-miska-z-honsu-moya\/\" \/>\n<meta property=\"og:site_name\" content=\"Matcha Moya\" \/>\n<meta property=\"article:modified_time\" content=\"2025-11-28T18:28:49+00:00\" \/>\n<meta property=\"og:image\" content=\"https:\/\/matchamoya.cz\/wp-content\/uploads\/2025\/11\/moya-okashi-chawan-web.jpg\" \/>\n\t<meta property=\"og:image:width\" content=\"810\" \/>\n\t<meta property=\"og:image:height\" content=\"1210\" \/>\n\t<meta property=\"og:image:type\" content=\"image\/jpeg\" \/>\n<meta name=\"twitter:card\" content=\"summary_large_image\" \/>\n<meta name=\"twitter:label1\" content=\"Est. reading time\" \/>\n\t<meta name=\"twitter:data1\" content=\"2 minutes\" \/>\n<!-- \/ Yoast SEO plugin. -->","yoast_head_json":{"title":"Chawan Okashi \u2013 Elegantn\u00ed ru\u010dn\u011b vyr\u00e1b\u011bn\u00e1 miska z Hon\u0161\u00fa - Moya | Matcha Moya","description":"Matchawan Okashi je klasick\u00e1 miska na matchu, inspirovan\u00e1 estetikou japonsk\u00e9 jednoduchosti. Ru\u010dn\u011b vyr\u00e1b\u011bn\u00e1 v Mino na ostrov\u011b Hon\u0161\u00fa v Japonsku.","robots":{"index":"index","follow":"follow","max-snippet":"max-snippet:-1","max-image-preview":"max-image-preview:large","max-video-preview":"max-video-preview:-1"},"canonical":"https:\/\/matchamoya.cz\/en\/shop\/originalni-cajove-prislusenstvi\/chawan-okashi-elegantni-rucne-vyrabena-miska-z-honsu-moya\/","og_locale":"en_US","og_type":"article","og_title":"Chawan Okashi \u2013 Elegantn\u00ed ru\u010dn\u011b vyr\u00e1b\u011bn\u00e1 miska z Hon\u0161\u00fa - Moya | Matcha Moya","og_description":"Matchawan Okashi je klasick\u00e1 miska na matchu, inspirovan\u00e1 estetikou japonsk\u00e9 jednoduchosti. Ru\u010dn\u011b vyr\u00e1b\u011bn\u00e1 v Mino na ostrov\u011b Hon\u0161\u00fa v Japonsku.","og_url":"https:\/\/matchamoya.cz\/en\/shop\/originalni-cajove-prislusenstvi\/chawan-okashi-elegantni-rucne-vyrabena-miska-z-honsu-moya\/","og_site_name":"Matcha Moya","article_modified_time":"2025-11-28T18:28:49+00:00","og_image":[{"width":810,"height":1210,"url":"https:\/\/matchamoya.cz\/wp-content\/uploads\/2025\/11\/moya-okashi-chawan-web.jpg","type":"image\/jpeg"}],"twitter_card":"summary_large_image","twitter_misc":{"Est. reading time":"2 minutes"},"schema":{"@context":"https:\/\/schema.org","@graph":[{"@type":"WebPage","@id":"https:\/\/matchamoya.cz\/en\/shop\/originalni-cajove-prislusenstvi\/chawan-okashi-elegantni-rucne-vyrabena-miska-z-honsu-moya\/","url":"https:\/\/matchamoya.cz\/en\/shop\/originalni-cajove-prislusenstvi\/chawan-okashi-elegantni-rucne-vyrabena-miska-z-honsu-moya\/","name":"Chawan Okashi \u2013 Elegantn\u00ed ru\u010dn\u011b vyr\u00e1b\u011bn\u00e1 miska z Hon\u0161\u00fa - Moya | Matcha Moya","isPartOf":{"@id":"https:\/\/matchamoya.cz\/en\/#website"},"primaryImageOfPage":{"@id":"https:\/\/matchamoya.cz\/en\/shop\/originalni-cajove-prislusenstvi\/chawan-okashi-elegantni-rucne-vyrabena-miska-z-honsu-moya\/#primaryimage"},"image":{"@id":"https:\/\/matchamoya.cz\/en\/shop\/originalni-cajove-prislusenstvi\/chawan-okashi-elegantni-rucne-vyrabena-miska-z-honsu-moya\/#primaryimage"},"thumbnailUrl":"https:\/\/matchamoya.cz\/wp-content\/uploads\/2025\/11\/moya-okashi-chawan-web.jpg","datePublished":"2025-11-27T18:42:50+00:00","dateModified":"2025-11-28T18:28:49+00:00","description":"Matchawan Okashi je klasick\u00e1 miska na matchu, inspirovan\u00e1 estetikou japonsk\u00e9 jednoduchosti. Ru\u010dn\u011b vyr\u00e1b\u011bn\u00e1 v Mino na ostrov\u011b Hon\u0161\u00fa v Japonsku.","breadcrumb":{"@id":"https:\/\/matchamoya.cz\/en\/shop\/originalni-cajove-prislusenstvi\/chawan-okashi-elegantni-rucne-vyrabena-miska-z-honsu-moya\/#breadcrumb"},"inLanguage":"en-US","potentialAction":[{"@type":"ReadAction","target":["https:\/\/matchamoya.cz\/en\/shop\/originalni-cajove-prislusenstvi\/chawan-okashi-elegantni-rucne-vyrabena-miska-z-honsu-moya\/"]}]},{"@type":"ImageObject","inLanguage":"en-US","@id":"https:\/\/matchamoya.cz\/en\/shop\/originalni-cajove-prislusenstvi\/chawan-okashi-elegantni-rucne-vyrabena-miska-z-honsu-moya\/#primaryimage","url":"https:\/\/matchamoya.cz\/wp-content\/uploads\/2025\/11\/moya-okashi-chawan-web.jpg","contentUrl":"https:\/\/matchamoya.cz\/wp-content\/uploads\/2025\/11\/moya-okashi-chawan-web.jpg","width":810,"height":1210,"caption":"elegantni-miska-na-matchu-okashi"},{"@type":"BreadcrumbList","@id":"https:\/\/matchamoya.cz\/en\/shop\/originalni-cajove-prislusenstvi\/chawan-okashi-elegantni-rucne-vyrabena-miska-z-honsu-moya\/#breadcrumb","itemListElement":[{"@type":"ListItem","position":1,"name":"Dom\u016f","item":"https:\/\/matchamoya.cz\/"},{"@type":"ListItem","position":2,"name":"E-SHOP","item":"https:\/\/matchamoya.cz\/shop\/"},{"@type":"ListItem","position":3,"name":"Chawan Okashi \u2013 Elegantn\u00ed ru\u010dn\u011b vyr\u00e1b\u011bn\u00e1 miska z Hon\u0161\u00fa &#8211; Moya"}]},{"@type":"WebSite","@id":"https:\/\/matchamoya.cz\/en\/#website","url":"https:\/\/matchamoya.cz\/en\/","name":"Matcha Moya","description":"Matcha Moya","publisher":{"@id":"https:\/\/matchamoya.cz\/en\/#organization"},"potentialAction":[{"@type":"SearchAction","target":{"@type":"EntryPoint","urlTemplate":"https:\/\/matchamoya.cz\/en\/?s={search_term_string}"},"query-input":{"@type":"PropertyValueSpecification","valueRequired":true,"valueName":"search_term_string"}}],"inLanguage":"en-US"},{"@type":"Organization","@id":"https:\/\/matchamoya.cz\/en\/#organization","name":"Moya Matcha","url":"https:\/\/matchamoya.cz\/en\/","logo":{"@type":"ImageObject","inLanguage":"en-US","@id":"https:\/\/matchamoya.cz\/en\/#\/schema\/logo\/image\/","url":"https:\/\/matchamoya.cz\/wp-content\/uploads\/2020\/03\/MOYA_Logo_Green-Black_02.png","contentUrl":"https:\/\/matchamoya.cz\/wp-content\/uploads\/2020\/03\/MOYA_Logo_Green-Black_02.png","width":313,"height":310,"caption":"Moya Matcha"},"image":{"@id":"https:\/\/matchamoya.cz\/en\/#\/schema\/logo\/image\/"}}]}},"_links":{"self":[{"href":"https:\/\/matchamoya.cz\/en\/wp-json\/wp\/v2\/product\/4493"}],"collection":[{"href":"https:\/\/matchamoya.cz\/en\/wp-json\/wp\/v2\/product"}],"about":[{"href":"https:\/\/matchamoya.cz\/en\/wp-json\/wp\/v2\/types\/product"}],"replies":[{"embeddable":true,"href":"https:\/\/matchamoya.cz\/en\/wp-json\/wp\/v2\/comments?post=4493"}],"wp:featuredmedia":[{"embeddable":true,"href":"https:\/\/matchamoya.cz\/en\/wp-json\/wp\/v2\/media\/4494"}],"wp:attachment":[{"href":"https:\/\/matchamoya.cz\/en\/wp-json\/wp\/v2\/media?parent=4493"}],"wp:term":[{"taxonomy":"product_cat","embeddable":true,"href":"https:\/\/matchamoya.cz\/en\/wp-json\/wp\/v2\/product_cat?post=4493"},{"taxonomy":"product_tag","embeddable":true,"href":"https:\/\/matchamoya.cz\/en\/wp-json\/wp\/v2\/product_tag?post=4493"}],"curies":[{"name":"wp","href":"https:\/\/api.w.org\/{rel}","templated":true}]}}