{"id":4496,"date":"2025-11-27T18:50:35","date_gmt":"2025-11-27T18:50:35","guid":{"rendered":"https:\/\/matchamoya.cz\/?post_type=product&#038;p=4496"},"modified":"2025-11-27T18:55:50","modified_gmt":"2025-11-27T18:55:50","slug":"chawan-fuyu-elegantni-rucne-vyrabena-miska-bila-moya","status":"publish","type":"product","link":"https:\/\/matchamoya.cz\/en\/shop\/originalni-cajove-prislusenstvi\/chawan-fuyu-elegantni-rucne-vyrabena-miska-bila-moya\/","title":{"rendered":"Chawan Fuyu \u2013 Elegantn\u00ed ru\u010dn\u011b vyr\u00e1b\u011bn\u00e1 miska b\u00edl\u00e1 &#8211; Moya"},"content":{"rendered":"<h1>Chawan Fuyu \u2013 Elegantn\u00ed ru\u010dn\u011b vyr\u00e1b\u011bn\u00e1 miska b\u00edl\u00e1 &#8211; Moya<\/h1>\n<div>\n<div>Matchawan<strong> Fuyu<\/strong> je ru\u010dn\u011b vyroben\u00fd na hrn\u010d\u00ed\u0159sk\u00e9m kruhu z \u0161ed\u00e9 hl\u00edny s jemn\u00fdm p\u0159\u00edm\u011bs\u00ed \u0161amotu a glazurou vyrobenou v souladu se staletou japonskou tradic\u00ed. Vznikl jako sou\u010d\u00e1st limitovan\u00e9 edice s\u00e9rie KOOE for MOYA, kterou vyr\u00e1b\u00ed krakovsk\u00e9 keramick\u00e9 studio KOOE, jeho\u017e v\u00fdrobky se vyzna\u010duj\u00ed nejen kr\u00e1sn\u00fdmi tvary, ale tak\u00e9 mimo\u0159\u00e1dnou odolnost\u00ed d\u00edky vysokoteplotn\u00edmu vypalov\u00e1n\u00ed. Ka\u017ed\u00fd matchawan v t\u00e9to s\u00e9rii je jedine\u010dn\u00fd kus, a proto se jeho vzhled a velikost mohou m\u00edrn\u011b li\u0161it od vyobrazen\u00e9ho.<\/div>\n<div><\/div>\n<\/div>\n<div><strong>Miska Fuyu<\/strong>\u00a0je ide\u00e1ln\u00ed pro p\u0159\u00edpravu matcha s vodou nebo va\u0161\u00edm obl\u00edben\u00fdm ml\u00e9kem. K tomuto \u00fa\u010delu doporu\u010dujeme pou\u017e\u00edt bambusovou metlu chasen.Jeho \u0161irok\u00e9 dno usnad\u0148uje m\u00edch\u00e1n\u00ed matchy ve vod\u011b pomoc\u00ed <a href=\"https:\/\/matchamoya.cz\/shop\/originalni-cajove-prislusenstvi\/chasen-tradicni-bambusova-metlicka-na-michani-matcha-caje\/\"><strong>chasen \u2013 bambusov\u00e9 metly<\/strong><\/a> pou\u017e\u00edvan\u00e9 k m\u00edch\u00e1n\u00ed matchy s vodou.<\/div>\n<p>Nezapome\u0148te pou\u017e\u00edt vodu s teplotou nep\u0159esahuj\u00edc\u00ed 80 \u00b0 C, abyste zachovali v\u0161echny vlastnosti matcha &#8211; video s n\u00e1vodem, <strong><a href=\"https:\/\/matchamoya.cz\/jak-pripravit-matchu\/\">jak p\u0159ipravit matcha \u010daj od Hitomi Saito zde<\/a><\/strong>.<\/p>\n<p><strong>Ru\u010dn\u011b vyr\u00e1b\u011bn\u00e1 miska na p\u0159\u00edpravu a pit\u00ed \u010daje matcha.\u00a0<\/strong><\/p>\n<p>OBJEM: 400 ml<br \/>\nV\u00dd\u0160KA: 7-8 cm<br \/>\nPR\u016eM\u011aR: 10-11 cm<br \/>\nZEM\u011a P\u016eVODU: Japonsko<\/p>\n<p>Vzhledem k tomu, \u017ee se jedn\u00e1 o ru\u010dn\u011b vyr\u00e1b\u011bn\u00fd v\u00fdrobek, rozm\u011bry se mohou m\u00edrn\u011b li\u0161it. <strong>Mo\u017eno m\u00fdt v my\u010dce.<\/strong><\/p>","protected":false},"excerpt":{"rendered":"<div>\n<div>Matchawan<strong> Fuyu<\/strong> je ru\u010dn\u011b vyroben\u00fd na hrn\u010d\u00ed\u0159sk\u00e9m kruhu z \u0161ed\u00e9 hl\u00edny s jemn\u00fdm p\u0159\u00edm\u011bs\u00ed \u0161amotu a glazurou vyrobenou v souladu se staletou japonskou tradic\u00ed. Vznikl jako sou\u010d\u00e1st limitovan\u00e9 edice s\u00e9rie KOOE for MOYA, kterou vyr\u00e1b\u00ed krakovsk\u00e9 keramick\u00e9 studio KOOE, jeho\u017e v\u00fdrobky se vyzna\u010duj\u00ed nejen kr\u00e1sn\u00fdmi tvary, ale tak\u00e9 mimo\u0159\u00e1dnou odolnost\u00ed d\u00edky vysokoteplotn\u00edmu vypalov\u00e1n\u00ed. Ka\u017ed\u00fd matchawan v t\u00e9to s\u00e9rii je jedine\u010dn\u00fd kus, a proto se jeho vzhled a velikost mohou m\u00edrn\u011b li\u0161it od vyobrazen\u00e9ho.<\/div>\n<div><\/div>\n<\/div>\n<div><strong>Miska Fuyu<\/strong>\u00a0je ide\u00e1ln\u00ed pro p\u0159\u00edpravu matcha s vodou nebo va\u0161\u00edm obl\u00edben\u00fdm ml\u00e9kem. K tomuto \u00fa\u010delu doporu\u010dujeme pou\u017e\u00edt bambusovou metlu chasen.Jeho \u0161irok\u00e9 dno usnad\u0148uje m\u00edch\u00e1n\u00ed matchy ve vod\u011b pomoc\u00ed <a href=\"https:\/\/matchamoya.cz\/shop\/originalni-cajove-prislusenstvi\/chasen-tradicni-bambusova-metlicka-na-michani-matcha-caje\/\"><strong>chasen \u2013 bambusov\u00e9 metly<\/strong><\/a> pou\u017e\u00edvan\u00e9 k m\u00edch\u00e1n\u00ed matchy s vodou.<\/div>\n<p>Nezapome\u0148te pou\u017e\u00edt vodu s teplotou nep\u0159esahuj\u00edc\u00ed 80 \u00b0 C, abyste zachovali v\u0161echny vlastnosti matcha &#8211; video s n\u00e1vodem, <strong><a href=\"https:\/\/matchamoya.cz\/jak-pripravit-matchu\/\">jak p\u0159ipravit matcha \u010daj od Hitomi Saito zde<\/a><\/strong>.<\/p>\n<p><strong>Ru\u010dn\u011b vyr\u00e1b\u011bn\u00e1 miska na p\u0159\u00edpravu a pit\u00ed \u010daje matcha.\u00a0<\/strong><\/p>\n<p>OBJEM: 400 ml<br \/>\nV\u00dd\u0160KA: 7-8 cm<br \/>\nPR\u016eM\u011aR: 10-11 cm<br \/>\nZEM\u011a P\u016eVODU: Japonsko<\/p>\n<p>Vzhledem k tomu, \u017ee se jedn\u00e1 o ru\u010dn\u011b vyr\u00e1b\u011bn\u00fd v\u00fdrobek, rozm\u011bry se mohou m\u00edrn\u011b li\u0161it. <strong>Mo\u017eno m\u00fdt v my\u010dce.<\/strong><\/p>","protected":false},"featured_media":4497,"comment_status":"open","ping_status":"closed","template":"","meta":[],"product_cat":[70],"product_tag":[],"class_list":{"0":"post-4496","1":"product","2":"type-product","3":"status-publish","4":"has-post-thumbnail","6":"product_cat-originalni-cajove-prislusenstvi","7":"product_shipping_class-dobra-dodani","9":"first","10":"instock","11":"featured","12":"taxable","13":"shipping-taxable","14":"purchasable","15":"product-type-simple"},"yoast_head":"<!-- This site is optimized with the Yoast SEO plugin v23.4 - https:\/\/yoast.com\/wordpress\/plugins\/seo\/ -->\n<title>Chawan Fuyu \u2013 Elegantn\u00ed ru\u010dn\u011b vyr\u00e1b\u011bn\u00e1 miska b\u00edl\u00e1 - Moya | Matcha Moya<\/title>\n<meta name=\"description\" content=\"Matchawan Fuyu je ru\u010dn\u011b vyroben\u00fd na hrn\u010d\u00ed\u0159sk\u00e9m kruhu z \u0161ed\u00e9 hl\u00edny s jemn\u00fdm p\u0159\u00edm\u011bs\u00ed \u0161amotu a glazurou vyrobenou v souladu se staletou japonskou tradic\u00ed.\" \/>\n<meta name=\"robots\" content=\"index, follow, max-snippet:-1, max-image-preview:large, max-video-preview:-1\" \/>\n<link rel=\"canonical\" href=\"https:\/\/matchamoya.cz\/en\/shop\/originalni-cajove-prislusenstvi\/chawan-fuyu-elegantni-rucne-vyrabena-miska-bila-moya\/\" \/>\n<meta property=\"og:locale\" content=\"en_US\" \/>\n<meta property=\"og:type\" content=\"article\" \/>\n<meta property=\"og:title\" content=\"Chawan Fuyu \u2013 Elegantn\u00ed ru\u010dn\u011b vyr\u00e1b\u011bn\u00e1 miska b\u00edl\u00e1 - Moya | Matcha Moya\" \/>\n<meta property=\"og:description\" content=\"Matchawan Fuyu je ru\u010dn\u011b vyroben\u00fd na hrn\u010d\u00ed\u0159sk\u00e9m kruhu z \u0161ed\u00e9 hl\u00edny s jemn\u00fdm p\u0159\u00edm\u011bs\u00ed \u0161amotu a glazurou vyrobenou v souladu se staletou japonskou tradic\u00ed.\" \/>\n<meta property=\"og:url\" content=\"https:\/\/matchamoya.cz\/en\/shop\/originalni-cajove-prislusenstvi\/chawan-fuyu-elegantni-rucne-vyrabena-miska-bila-moya\/\" \/>\n<meta property=\"og:site_name\" content=\"Matcha Moya\" \/>\n<meta property=\"article:modified_time\" content=\"2025-11-27T18:55:50+00:00\" \/>\n<meta property=\"og:image\" content=\"https:\/\/matchamoya.cz\/wp-content\/uploads\/2025\/11\/fuyu-matcha-bowl.jpg\" \/>\n\t<meta property=\"og:image:width\" content=\"810\" \/>\n\t<meta property=\"og:image:height\" content=\"1210\" \/>\n\t<meta property=\"og:image:type\" content=\"image\/jpeg\" \/>\n<meta name=\"twitter:card\" content=\"summary_large_image\" \/>\n<meta name=\"twitter:label1\" content=\"Est. reading time\" \/>\n\t<meta name=\"twitter:data1\" content=\"2 minutes\" \/>\n<!-- \/ Yoast SEO plugin. -->","yoast_head_json":{"title":"Chawan Fuyu \u2013 Elegantn\u00ed ru\u010dn\u011b vyr\u00e1b\u011bn\u00e1 miska b\u00edl\u00e1 - Moya | Matcha Moya","description":"Matchawan Fuyu je ru\u010dn\u011b vyroben\u00fd na hrn\u010d\u00ed\u0159sk\u00e9m kruhu z \u0161ed\u00e9 hl\u00edny s jemn\u00fdm p\u0159\u00edm\u011bs\u00ed \u0161amotu a glazurou vyrobenou v souladu se staletou japonskou tradic\u00ed.","robots":{"index":"index","follow":"follow","max-snippet":"max-snippet:-1","max-image-preview":"max-image-preview:large","max-video-preview":"max-video-preview:-1"},"canonical":"https:\/\/matchamoya.cz\/en\/shop\/originalni-cajove-prislusenstvi\/chawan-fuyu-elegantni-rucne-vyrabena-miska-bila-moya\/","og_locale":"en_US","og_type":"article","og_title":"Chawan Fuyu \u2013 Elegantn\u00ed ru\u010dn\u011b vyr\u00e1b\u011bn\u00e1 miska b\u00edl\u00e1 - Moya | Matcha Moya","og_description":"Matchawan Fuyu je ru\u010dn\u011b vyroben\u00fd na hrn\u010d\u00ed\u0159sk\u00e9m kruhu z \u0161ed\u00e9 hl\u00edny s jemn\u00fdm p\u0159\u00edm\u011bs\u00ed \u0161amotu a glazurou vyrobenou v souladu se staletou japonskou tradic\u00ed.","og_url":"https:\/\/matchamoya.cz\/en\/shop\/originalni-cajove-prislusenstvi\/chawan-fuyu-elegantni-rucne-vyrabena-miska-bila-moya\/","og_site_name":"Matcha Moya","article_modified_time":"2025-11-27T18:55:50+00:00","og_image":[{"width":810,"height":1210,"url":"https:\/\/matchamoya.cz\/wp-content\/uploads\/2025\/11\/fuyu-matcha-bowl.jpg","type":"image\/jpeg"}],"twitter_card":"summary_large_image","twitter_misc":{"Est. reading time":"2 minutes"},"schema":{"@context":"https:\/\/schema.org","@graph":[{"@type":"WebPage","@id":"https:\/\/matchamoya.cz\/en\/shop\/originalni-cajove-prislusenstvi\/chawan-fuyu-elegantni-rucne-vyrabena-miska-bila-moya\/","url":"https:\/\/matchamoya.cz\/en\/shop\/originalni-cajove-prislusenstvi\/chawan-fuyu-elegantni-rucne-vyrabena-miska-bila-moya\/","name":"Chawan Fuyu \u2013 Elegantn\u00ed ru\u010dn\u011b vyr\u00e1b\u011bn\u00e1 miska b\u00edl\u00e1 - Moya | Matcha Moya","isPartOf":{"@id":"https:\/\/matchamoya.cz\/en\/#website"},"primaryImageOfPage":{"@id":"https:\/\/matchamoya.cz\/en\/shop\/originalni-cajove-prislusenstvi\/chawan-fuyu-elegantni-rucne-vyrabena-miska-bila-moya\/#primaryimage"},"image":{"@id":"https:\/\/matchamoya.cz\/en\/shop\/originalni-cajove-prislusenstvi\/chawan-fuyu-elegantni-rucne-vyrabena-miska-bila-moya\/#primaryimage"},"thumbnailUrl":"https:\/\/matchamoya.cz\/wp-content\/uploads\/2025\/11\/fuyu-matcha-bowl.jpg","datePublished":"2025-11-27T18:50:35+00:00","dateModified":"2025-11-27T18:55:50+00:00","description":"Matchawan Fuyu je ru\u010dn\u011b vyroben\u00fd na hrn\u010d\u00ed\u0159sk\u00e9m kruhu z \u0161ed\u00e9 hl\u00edny s jemn\u00fdm p\u0159\u00edm\u011bs\u00ed \u0161amotu a glazurou vyrobenou v souladu se staletou japonskou tradic\u00ed.","breadcrumb":{"@id":"https:\/\/matchamoya.cz\/en\/shop\/originalni-cajove-prislusenstvi\/chawan-fuyu-elegantni-rucne-vyrabena-miska-bila-moya\/#breadcrumb"},"inLanguage":"en-US","potentialAction":[{"@type":"ReadAction","target":["https:\/\/matchamoya.cz\/en\/shop\/originalni-cajove-prislusenstvi\/chawan-fuyu-elegantni-rucne-vyrabena-miska-bila-moya\/"]}]},{"@type":"ImageObject","inLanguage":"en-US","@id":"https:\/\/matchamoya.cz\/en\/shop\/originalni-cajove-prislusenstvi\/chawan-fuyu-elegantni-rucne-vyrabena-miska-bila-moya\/#primaryimage","url":"https:\/\/matchamoya.cz\/wp-content\/uploads\/2025\/11\/fuyu-matcha-bowl.jpg","contentUrl":"https:\/\/matchamoya.cz\/wp-content\/uploads\/2025\/11\/fuyu-matcha-bowl.jpg","width":810,"height":1210,"caption":"chawan-fuyu-bily-krasny-japosky"},{"@type":"BreadcrumbList","@id":"https:\/\/matchamoya.cz\/en\/shop\/originalni-cajove-prislusenstvi\/chawan-fuyu-elegantni-rucne-vyrabena-miska-bila-moya\/#breadcrumb","itemListElement":[{"@type":"ListItem","position":1,"name":"Dom\u016f","item":"https:\/\/matchamoya.cz\/"},{"@type":"ListItem","position":2,"name":"E-SHOP","item":"https:\/\/matchamoya.cz\/shop\/"},{"@type":"ListItem","position":3,"name":"Chawan Fuyu \u2013 Elegantn\u00ed ru\u010dn\u011b vyr\u00e1b\u011bn\u00e1 miska b\u00edl\u00e1 &#8211; Moya"}]},{"@type":"WebSite","@id":"https:\/\/matchamoya.cz\/en\/#website","url":"https:\/\/matchamoya.cz\/en\/","name":"Matcha Moya","description":"Matcha Moya","publisher":{"@id":"https:\/\/matchamoya.cz\/en\/#organization"},"potentialAction":[{"@type":"SearchAction","target":{"@type":"EntryPoint","urlTemplate":"https:\/\/matchamoya.cz\/en\/?s={search_term_string}"},"query-input":{"@type":"PropertyValueSpecification","valueRequired":true,"valueName":"search_term_string"}}],"inLanguage":"en-US"},{"@type":"Organization","@id":"https:\/\/matchamoya.cz\/en\/#organization","name":"Moya Matcha","url":"https:\/\/matchamoya.cz\/en\/","logo":{"@type":"ImageObject","inLanguage":"en-US","@id":"https:\/\/matchamoya.cz\/en\/#\/schema\/logo\/image\/","url":"https:\/\/matchamoya.cz\/wp-content\/uploads\/2020\/03\/MOYA_Logo_Green-Black_02.png","contentUrl":"https:\/\/matchamoya.cz\/wp-content\/uploads\/2020\/03\/MOYA_Logo_Green-Black_02.png","width":313,"height":310,"caption":"Moya Matcha"},"image":{"@id":"https:\/\/matchamoya.cz\/en\/#\/schema\/logo\/image\/"}}]}},"_links":{"self":[{"href":"https:\/\/matchamoya.cz\/en\/wp-json\/wp\/v2\/product\/4496"}],"collection":[{"href":"https:\/\/matchamoya.cz\/en\/wp-json\/wp\/v2\/product"}],"about":[{"href":"https:\/\/matchamoya.cz\/en\/wp-json\/wp\/v2\/types\/product"}],"replies":[{"embeddable":true,"href":"https:\/\/matchamoya.cz\/en\/wp-json\/wp\/v2\/comments?post=4496"}],"wp:featuredmedia":[{"embeddable":true,"href":"https:\/\/matchamoya.cz\/en\/wp-json\/wp\/v2\/media\/4497"}],"wp:attachment":[{"href":"https:\/\/matchamoya.cz\/en\/wp-json\/wp\/v2\/media?parent=4496"}],"wp:term":[{"taxonomy":"product_cat","embeddable":true,"href":"https:\/\/matchamoya.cz\/en\/wp-json\/wp\/v2\/product_cat?post=4496"},{"taxonomy":"product_tag","embeddable":true,"href":"https:\/\/matchamoya.cz\/en\/wp-json\/wp\/v2\/product_tag?post=4496"}],"curies":[{"name":"wp","href":"https:\/\/api.w.org\/{rel}","templated":true}]}}