{"id":4507,"date":"2025-11-28T18:01:21","date_gmt":"2025-11-28T18:01:21","guid":{"rendered":"https:\/\/matchamoya.cz\/?post_type=product&#038;p=4507"},"modified":"2025-12-19T19:05:20","modified_gmt":"2025-12-19T19:05:20","slug":"keramicky-rucne-vyrabeny-hrnek-kanpai-na-piti-sypaneho-caje-moya","status":"publish","type":"product","link":"https:\/\/matchamoya.cz\/en\/shop\/originalni-cajove-prislusenstvi\/keramicky-rucne-vyrabeny-hrnek-kanpai-na-piti-sypaneho-caje-moya\/","title":{"rendered":"Keramick\u00fd ru\u010dn\u011b vyr\u00e1b\u011bn\u00fd hrnek Kanpai na pit\u00ed sypan\u00e9ho \u010daje &#8211; Moya"},"content":{"rendered":"<h1>Keramick\u00fd ru\u010dn\u011b vyr\u00e1b\u011bn\u00fd hrnek Kanpai na pit\u00ed sypan\u00e9ho \u010daje &#8211; Moya<\/h1>\n<div><strong>Hrnek Kanpai<\/strong> je unik\u00e1tn\u00ed n\u00e1doba na pit\u00ed sypan\u00e9ho \u010daje. Jeho barvy evokuj\u00ed sladk\u00e9 asociace \u2013 med, karamel, \u010dokol\u00e1da. Jedine\u010dn\u00fd design n\u00e1doby zp\u0159\u00edjemn\u00ed ka\u017edodenn\u00ed chv\u00edle s va\u0161\u00edm obl\u00edben\u00fdm \u010dajem. Hrnek Kanpai navrhlo a ru\u010dn\u011b vyrobilo ukrajinsk\u00e9 studio Pokutska Ceramics. Kanpai v japon\u0161tin\u011b znamen\u00e1 \u201ena zdrav\u00ed\u201c, proto si p\u0159ipijte lahodn\u00fdm n\u00e1levem.<\/div>\n<p><strong>Keramick\u00fd ru\u010dn\u011b vyr\u00e1b\u011bn\u00fd hrnek Kanpai na pit\u00ed sypan\u00e9ho \u010daje &#8211; Moya<\/strong><br \/>\nOBJEM: 200ml,<br \/>\nV\u00dd\u0160KA: 9 cm,<br \/>\nPR\u016eM\u011aR: 7 cm<br \/>\nZEM\u011a P\u016eVODU: Ukrajina<br \/>\nVzhledem k tomu, \u017ee se jedn\u00e1 o ru\u010dn\u00ed pr\u00e1ci, rozm\u011bry a barva se mohou m\u00edrn\u011b li\u0161it.<br \/>\n<strong>Vhodn\u00e9 do my\u010dky.<\/strong><\/p>","protected":false},"excerpt":{"rendered":"<div><strong>Hrnek Kanpai<\/strong> je unik\u00e1tn\u00ed n\u00e1doba na pit\u00ed sypan\u00e9ho \u010daje. Jeho barvy evokuj\u00ed sladk\u00e9 asociace \u2013 med, karamel, \u010dokol\u00e1da. Jedine\u010dn\u00fd design n\u00e1doby zp\u0159\u00edjemn\u00ed ka\u017edodenn\u00ed chv\u00edle s va\u0161\u00edm obl\u00edben\u00fdm \u010dajem. Hrnek Kanpai navrhlo a ru\u010dn\u011b vyrobilo ukrajinsk\u00e9 studio Pokutska Ceramics. Kanpai v japon\u0161tin\u011b znamen\u00e1 \u201ena zdrav\u00ed\u201c, proto si p\u0159ipijte lahodn\u00fdm n\u00e1levem.<\/div>\n<p><strong>Keramick\u00fd ru\u010dn\u011b vyr\u00e1b\u011bn\u00fd hrnek Kanpai na pit\u00ed sypan\u00e9ho \u010daje &#8211; Moya<\/strong><br \/>\nOBJEM: 200ml,<br \/>\nV\u00dd\u0160KA: 9 cm,<br \/>\nPR\u016eM\u011aR: 7 cm<br \/>\nZEM\u011a P\u016eVODU: Ukrajina<br \/>\nVzhledem k tomu, \u017ee se jedn\u00e1 o ru\u010dn\u00ed pr\u00e1ci, rozm\u011bry a barva se mohou m\u00edrn\u011b li\u0161it.<br \/>\n<strong>Vhodn\u00e9 do my\u010dky.<\/strong><\/p>","protected":false},"featured_media":4508,"comment_status":"open","ping_status":"closed","template":"","meta":[],"product_cat":[70],"product_tag":[],"class_list":{"0":"post-4507","1":"product","2":"type-product","3":"status-publish","4":"has-post-thumbnail","6":"product_cat-originalni-cajove-prislusenstvi","7":"product_shipping_class-dobra-dodani","9":"first","10":"instock","11":"taxable","12":"shipping-taxable","13":"purchasable","14":"product-type-simple"},"yoast_head":"<!-- This site is optimized with the Yoast SEO plugin v23.4 - https:\/\/yoast.com\/wordpress\/plugins\/seo\/ -->\n<title>Keramick\u00fd ru\u010dn\u011b vyr\u00e1b\u011bn\u00fd hrnek Kanpai na pit\u00ed sypan\u00e9ho \u010daje | Matcha Moya<\/title>\n<meta name=\"description\" content=\"Hrnek Kanpai je unik\u00e1tn\u00ed n\u00e1doba na pit\u00ed sypan\u00e9ho \u010daje. Jeho barvy evokuj\u00ed sladk\u00e9 asociace \u2013 med, karamel, \u010dokol\u00e1da. Skv\u011bl\u00fd hrnek na ka\u017edodenn\u00ed pit\u00ed \u010daje.\" \/>\n<meta name=\"robots\" content=\"index, follow, max-snippet:-1, max-image-preview:large, max-video-preview:-1\" \/>\n<link rel=\"canonical\" href=\"https:\/\/matchamoya.cz\/en\/shop\/originalni-cajove-prislusenstvi\/keramicky-rucne-vyrabeny-hrnek-kanpai-na-piti-sypaneho-caje-moya\/\" \/>\n<meta property=\"og:locale\" content=\"en_US\" \/>\n<meta property=\"og:type\" content=\"article\" \/>\n<meta property=\"og:title\" content=\"Keramick\u00fd ru\u010dn\u011b vyr\u00e1b\u011bn\u00fd hrnek Kanpai na pit\u00ed sypan\u00e9ho \u010daje | Matcha Moya\" \/>\n<meta property=\"og:description\" content=\"Hrnek Kanpai je unik\u00e1tn\u00ed n\u00e1doba na pit\u00ed sypan\u00e9ho \u010daje. Jeho barvy evokuj\u00ed sladk\u00e9 asociace \u2013 med, karamel, \u010dokol\u00e1da. Skv\u011bl\u00fd hrnek na ka\u017edodenn\u00ed pit\u00ed \u010daje.\" \/>\n<meta property=\"og:url\" content=\"https:\/\/matchamoya.cz\/en\/shop\/originalni-cajove-prislusenstvi\/keramicky-rucne-vyrabeny-hrnek-kanpai-na-piti-sypaneho-caje-moya\/\" \/>\n<meta property=\"og:site_name\" content=\"Matcha Moya\" \/>\n<meta property=\"article:modified_time\" content=\"2025-12-19T19:05:20+00:00\" \/>\n<meta property=\"og:image\" content=\"https:\/\/matchamoya.cz\/wp-content\/uploads\/2025\/11\/hrnek-na-caj-Kanpai.jpg\" \/>\n\t<meta property=\"og:image:width\" content=\"810\" \/>\n\t<meta property=\"og:image:height\" content=\"1213\" \/>\n\t<meta property=\"og:image:type\" content=\"image\/jpeg\" \/>\n<meta name=\"twitter:card\" content=\"summary_large_image\" \/>\n<meta name=\"twitter:label1\" content=\"Est. reading time\" \/>\n\t<meta name=\"twitter:data1\" content=\"1 minute\" \/>\n<!-- \/ Yoast SEO plugin. -->","yoast_head_json":{"title":"Keramick\u00fd ru\u010dn\u011b vyr\u00e1b\u011bn\u00fd hrnek Kanpai na pit\u00ed sypan\u00e9ho \u010daje | Matcha Moya","description":"Hrnek Kanpai je unik\u00e1tn\u00ed n\u00e1doba na pit\u00ed sypan\u00e9ho \u010daje. Jeho barvy evokuj\u00ed sladk\u00e9 asociace \u2013 med, karamel, \u010dokol\u00e1da. Skv\u011bl\u00fd hrnek na ka\u017edodenn\u00ed pit\u00ed \u010daje.","robots":{"index":"index","follow":"follow","max-snippet":"max-snippet:-1","max-image-preview":"max-image-preview:large","max-video-preview":"max-video-preview:-1"},"canonical":"https:\/\/matchamoya.cz\/en\/shop\/originalni-cajove-prislusenstvi\/keramicky-rucne-vyrabeny-hrnek-kanpai-na-piti-sypaneho-caje-moya\/","og_locale":"en_US","og_type":"article","og_title":"Keramick\u00fd ru\u010dn\u011b vyr\u00e1b\u011bn\u00fd hrnek Kanpai na pit\u00ed sypan\u00e9ho \u010daje | Matcha Moya","og_description":"Hrnek Kanpai je unik\u00e1tn\u00ed n\u00e1doba na pit\u00ed sypan\u00e9ho \u010daje. Jeho barvy evokuj\u00ed sladk\u00e9 asociace \u2013 med, karamel, \u010dokol\u00e1da. Skv\u011bl\u00fd hrnek na ka\u017edodenn\u00ed pit\u00ed \u010daje.","og_url":"https:\/\/matchamoya.cz\/en\/shop\/originalni-cajove-prislusenstvi\/keramicky-rucne-vyrabeny-hrnek-kanpai-na-piti-sypaneho-caje-moya\/","og_site_name":"Matcha Moya","article_modified_time":"2025-12-19T19:05:20+00:00","og_image":[{"width":810,"height":1213,"url":"https:\/\/matchamoya.cz\/wp-content\/uploads\/2025\/11\/hrnek-na-caj-Kanpai.jpg","type":"image\/jpeg"}],"twitter_card":"summary_large_image","twitter_misc":{"Est. reading time":"1 minute"},"schema":{"@context":"https:\/\/schema.org","@graph":[{"@type":"WebPage","@id":"https:\/\/matchamoya.cz\/en\/shop\/originalni-cajove-prislusenstvi\/keramicky-rucne-vyrabeny-hrnek-kanpai-na-piti-sypaneho-caje-moya\/","url":"https:\/\/matchamoya.cz\/en\/shop\/originalni-cajove-prislusenstvi\/keramicky-rucne-vyrabeny-hrnek-kanpai-na-piti-sypaneho-caje-moya\/","name":"Keramick\u00fd ru\u010dn\u011b vyr\u00e1b\u011bn\u00fd hrnek Kanpai na pit\u00ed sypan\u00e9ho \u010daje | Matcha Moya","isPartOf":{"@id":"https:\/\/matchamoya.cz\/en\/#website"},"primaryImageOfPage":{"@id":"https:\/\/matchamoya.cz\/en\/shop\/originalni-cajove-prislusenstvi\/keramicky-rucne-vyrabeny-hrnek-kanpai-na-piti-sypaneho-caje-moya\/#primaryimage"},"image":{"@id":"https:\/\/matchamoya.cz\/en\/shop\/originalni-cajove-prislusenstvi\/keramicky-rucne-vyrabeny-hrnek-kanpai-na-piti-sypaneho-caje-moya\/#primaryimage"},"thumbnailUrl":"https:\/\/matchamoya.cz\/wp-content\/uploads\/2025\/11\/hrnek-na-caj-Kanpai.jpg","datePublished":"2025-11-28T18:01:21+00:00","dateModified":"2025-12-19T19:05:20+00:00","description":"Hrnek Kanpai je unik\u00e1tn\u00ed n\u00e1doba na pit\u00ed sypan\u00e9ho \u010daje. Jeho barvy evokuj\u00ed sladk\u00e9 asociace \u2013 med, karamel, \u010dokol\u00e1da. Skv\u011bl\u00fd hrnek na ka\u017edodenn\u00ed pit\u00ed \u010daje.","breadcrumb":{"@id":"https:\/\/matchamoya.cz\/en\/shop\/originalni-cajove-prislusenstvi\/keramicky-rucne-vyrabeny-hrnek-kanpai-na-piti-sypaneho-caje-moya\/#breadcrumb"},"inLanguage":"en-US","potentialAction":[{"@type":"ReadAction","target":["https:\/\/matchamoya.cz\/en\/shop\/originalni-cajove-prislusenstvi\/keramicky-rucne-vyrabeny-hrnek-kanpai-na-piti-sypaneho-caje-moya\/"]}]},{"@type":"ImageObject","inLanguage":"en-US","@id":"https:\/\/matchamoya.cz\/en\/shop\/originalni-cajove-prislusenstvi\/keramicky-rucne-vyrabeny-hrnek-kanpai-na-piti-sypaneho-caje-moya\/#primaryimage","url":"https:\/\/matchamoya.cz\/wp-content\/uploads\/2025\/11\/hrnek-na-caj-Kanpai.jpg","contentUrl":"https:\/\/matchamoya.cz\/wp-content\/uploads\/2025\/11\/hrnek-na-caj-Kanpai.jpg","width":810,"height":1213,"caption":"krasny-hrnek-na-sypany-caj-kanpai-1"},{"@type":"BreadcrumbList","@id":"https:\/\/matchamoya.cz\/en\/shop\/originalni-cajove-prislusenstvi\/keramicky-rucne-vyrabeny-hrnek-kanpai-na-piti-sypaneho-caje-moya\/#breadcrumb","itemListElement":[{"@type":"ListItem","position":1,"name":"Dom\u016f","item":"https:\/\/matchamoya.cz\/"},{"@type":"ListItem","position":2,"name":"E-SHOP","item":"https:\/\/matchamoya.cz\/shop\/"},{"@type":"ListItem","position":3,"name":"Keramick\u00fd ru\u010dn\u011b vyr\u00e1b\u011bn\u00fd hrnek Kanpai na pit\u00ed sypan\u00e9ho \u010daje &#8211; Moya"}]},{"@type":"WebSite","@id":"https:\/\/matchamoya.cz\/en\/#website","url":"https:\/\/matchamoya.cz\/en\/","name":"Matcha Moya","description":"Matcha Moya","publisher":{"@id":"https:\/\/matchamoya.cz\/en\/#organization"},"potentialAction":[{"@type":"SearchAction","target":{"@type":"EntryPoint","urlTemplate":"https:\/\/matchamoya.cz\/en\/?s={search_term_string}"},"query-input":{"@type":"PropertyValueSpecification","valueRequired":true,"valueName":"search_term_string"}}],"inLanguage":"en-US"},{"@type":"Organization","@id":"https:\/\/matchamoya.cz\/en\/#organization","name":"Moya Matcha","url":"https:\/\/matchamoya.cz\/en\/","logo":{"@type":"ImageObject","inLanguage":"en-US","@id":"https:\/\/matchamoya.cz\/en\/#\/schema\/logo\/image\/","url":"https:\/\/matchamoya.cz\/wp-content\/uploads\/2020\/03\/MOYA_Logo_Green-Black_02.png","contentUrl":"https:\/\/matchamoya.cz\/wp-content\/uploads\/2020\/03\/MOYA_Logo_Green-Black_02.png","width":313,"height":310,"caption":"Moya Matcha"},"image":{"@id":"https:\/\/matchamoya.cz\/en\/#\/schema\/logo\/image\/"}}]}},"_links":{"self":[{"href":"https:\/\/matchamoya.cz\/en\/wp-json\/wp\/v2\/product\/4507"}],"collection":[{"href":"https:\/\/matchamoya.cz\/en\/wp-json\/wp\/v2\/product"}],"about":[{"href":"https:\/\/matchamoya.cz\/en\/wp-json\/wp\/v2\/types\/product"}],"replies":[{"embeddable":true,"href":"https:\/\/matchamoya.cz\/en\/wp-json\/wp\/v2\/comments?post=4507"}],"wp:featuredmedia":[{"embeddable":true,"href":"https:\/\/matchamoya.cz\/en\/wp-json\/wp\/v2\/media\/4508"}],"wp:attachment":[{"href":"https:\/\/matchamoya.cz\/en\/wp-json\/wp\/v2\/media?parent=4507"}],"wp:term":[{"taxonomy":"product_cat","embeddable":true,"href":"https:\/\/matchamoya.cz\/en\/wp-json\/wp\/v2\/product_cat?post=4507"},{"taxonomy":"product_tag","embeddable":true,"href":"https:\/\/matchamoya.cz\/en\/wp-json\/wp\/v2\/product_tag?post=4507"}],"curies":[{"name":"wp","href":"https:\/\/api.w.org\/{rel}","templated":true}]}}