{"id":4518,"date":"2025-11-28T18:29:33","date_gmt":"2025-11-28T18:29:33","guid":{"rendered":"https:\/\/matchamoya.cz\/?post_type=product&#038;p=4518"},"modified":"2025-12-01T13:55:53","modified_gmt":"2025-12-01T13:55:53","slug":"keramicky-rucne-vyrabeny-hrnek-kaiyo-na-piti-sypaneho-caje-moya","status":"publish","type":"product","link":"https:\/\/matchamoya.cz\/en\/shop\/originalni-cajove-prislusenstvi\/keramicky-rucne-vyrabeny-hrnek-kaiyo-na-piti-sypaneho-caje-moya\/","title":{"rendered":"Keramick\u00fd ru\u010dn\u011b vyr\u00e1b\u011bn\u00fd hrnek Kaiyo na pit\u00ed sypan\u00e9ho \u010daje &#8211; Moya"},"content":{"rendered":"<h1>Keramick\u00fd ru\u010dn\u011b vyr\u00e1b\u011bn\u00fd hrnek Kaiyo na pit\u00ed sypan\u00e9ho \u010daje &#8211; Moya<\/h1>\n<div>\n<div><strong>Hrnek Kaiyo<\/strong> je ru\u010dn\u011b vr\u017een\u00fd hrnek vyroben\u00fd z hrn\u010d\u00ed\u0159sk\u00e9 hl\u00edny. Jeho spodn\u00ed \u010d\u00e1st je neglazovan\u00e1 a surov\u00e1, zat\u00edmco horn\u00ed \u010d\u00e1st je glazovan\u00e1 v tmav\u011b tyrkysov\u00e9m odst\u00ednu. N\u00e1doba je vypalov\u00e1na v elektrick\u00e9 peci p\u0159i 1240 \u00b0C (2500 \u00b0F), co\u017e zaji\u0161\u0165uje v\u011bt\u0161\u00ed odolnost.<\/div>\n<div><\/div>\n<div>Hrnek Kaiyo je v\u00fdsledkem Moya spolupr\u00e1ce s keramick\u00fdm studiem Mruki, veden\u00fdm design\u00e9rkou Joannou Michalskou, kter\u00e1 do ka\u017ed\u00e9ho kusu vkl\u00e1d\u00e1 sv\u00e9 srdce a du\u0161i. D\u00edky intimn\u00ed atmosf\u00e9\u0159e studia jsou n\u00e1doby rafinovan\u00e9 a jedine\u010dn\u00e9.<\/div>\n<\/div>\n<p><strong>Keramick\u00fd ru\u010dn\u011b vyr\u00e1b\u011bn\u00fd hrnek Kaiyo na pit\u00ed sypan\u00e9ho \u010daje &#8211; Moya<\/strong><br \/>\nOBJEM: 200ml,<br \/>\nV\u00dd\u0160KA: 8 cm,<br \/>\nPR\u016eM\u011aR: 7 cm<br \/>\nZEM\u011a P\u016eVODU: Polsko<br \/>\nVzhledem k tomu, \u017ee se jedn\u00e1 o ru\u010dn\u00ed pr\u00e1ci, rozm\u011bry a barva se mohou m\u00edrn\u011b li\u0161it.<br \/>\n<strong>Vhodn\u00e9 do my\u010dky.<\/strong><\/p>","protected":false},"excerpt":{"rendered":"<div>\n<div><strong>Hrnek Kaiyo<\/strong> je ru\u010dn\u011b vr\u017een\u00fd hrnek vyroben\u00fd z hrn\u010d\u00ed\u0159sk\u00e9 hl\u00edny. Jeho spodn\u00ed \u010d\u00e1st je neglazovan\u00e1 a surov\u00e1, zat\u00edmco horn\u00ed \u010d\u00e1st je glazovan\u00e1 v tmav\u011b tyrkysov\u00e9m odst\u00ednu. N\u00e1doba je vypalov\u00e1na v elektrick\u00e9 peci p\u0159i 1240 \u00b0C (2500 \u00b0F), co\u017e zaji\u0161\u0165uje v\u011bt\u0161\u00ed odolnost.<\/div>\n<div><\/div>\n<div>Hrnek Kaiyo je v\u00fdsledkem Moya spolupr\u00e1ce s keramick\u00fdm studiem Mruki, veden\u00fdm design\u00e9rkou Joannou Michalskou, kter\u00e1 do ka\u017ed\u00e9ho kusu vkl\u00e1d\u00e1 sv\u00e9 srdce a du\u0161i. D\u00edky intimn\u00ed atmosf\u00e9\u0159e studia jsou n\u00e1doby rafinovan\u00e9 a jedine\u010dn\u00e9.<\/div>\n<\/div>\n<p><strong>Keramick\u00fd ru\u010dn\u011b vyr\u00e1b\u011bn\u00fd hrnek Kaiyo na pit\u00ed sypan\u00e9ho \u010daje &#8211; Moya<\/strong><br \/>\nOBJEM: 200ml,<br \/>\nV\u00dd\u0160KA: 8 cm,<br \/>\nPR\u016eM\u011aR: 7 cm<br \/>\nZEM\u011a P\u016eVODU: Polsko<br \/>\nVzhledem k tomu, \u017ee se jedn\u00e1 o ru\u010dn\u00ed pr\u00e1ci, rozm\u011bry a barva se mohou m\u00edrn\u011b li\u0161it.<br \/>\n<strong>Vhodn\u00e9 do my\u010dky.<\/strong><\/p>","protected":false},"featured_media":4519,"comment_status":"open","ping_status":"closed","template":"","meta":[],"product_cat":[70],"product_tag":[],"class_list":{"0":"post-4518","1":"product","2":"type-product","3":"status-publish","4":"has-post-thumbnail","6":"product_cat-originalni-cajove-prislusenstvi","7":"product_shipping_class-dobra-dodani","9":"first","10":"instock","11":"taxable","12":"shipping-taxable","13":"purchasable","14":"product-type-simple"},"yoast_head":"<!-- This site is optimized with the Yoast SEO plugin v23.4 - https:\/\/yoast.com\/wordpress\/plugins\/seo\/ -->\n<title>Keramick\u00fd ru\u010dn\u011b vyr\u00e1b\u011bn\u00fd hrnek Kaiyo na pit\u00ed sypan\u00e9ho \u010daje | Matcha Moya<\/title>\n<meta name=\"description\" content=\"Hrnek Kaiyo je ru\u010dn\u011b vr\u017een\u00fd hrnek vyroben\u00fd z hrn\u010d\u00ed\u0159sk\u00e9 hl\u00edny. Jeho spodn\u00ed \u010d\u00e1st je neglazovan\u00e1, zat\u00edmco horn\u00ed \u010d\u00e1st je glazovan\u00e1 v tmav\u011b tyrkysov\u00e9m odst\u00ednu.\" \/>\n<meta name=\"robots\" content=\"index, follow, max-snippet:-1, max-image-preview:large, max-video-preview:-1\" \/>\n<link rel=\"canonical\" href=\"https:\/\/matchamoya.cz\/en\/shop\/originalni-cajove-prislusenstvi\/keramicky-rucne-vyrabeny-hrnek-kaiyo-na-piti-sypaneho-caje-moya\/\" \/>\n<meta property=\"og:locale\" content=\"en_US\" \/>\n<meta property=\"og:type\" content=\"article\" \/>\n<meta property=\"og:title\" content=\"Keramick\u00fd ru\u010dn\u011b vyr\u00e1b\u011bn\u00fd hrnek Kaiyo na pit\u00ed sypan\u00e9ho \u010daje | Matcha Moya\" \/>\n<meta property=\"og:description\" content=\"Hrnek Kaiyo je ru\u010dn\u011b vr\u017een\u00fd hrnek vyroben\u00fd z hrn\u010d\u00ed\u0159sk\u00e9 hl\u00edny. Jeho spodn\u00ed \u010d\u00e1st je neglazovan\u00e1, zat\u00edmco horn\u00ed \u010d\u00e1st je glazovan\u00e1 v tmav\u011b tyrkysov\u00e9m odst\u00ednu.\" \/>\n<meta property=\"og:url\" content=\"https:\/\/matchamoya.cz\/en\/shop\/originalni-cajove-prislusenstvi\/keramicky-rucne-vyrabeny-hrnek-kaiyo-na-piti-sypaneho-caje-moya\/\" \/>\n<meta property=\"og:site_name\" content=\"Matcha Moya\" \/>\n<meta property=\"article:modified_time\" content=\"2025-12-01T13:55:53+00:00\" \/>\n<meta property=\"og:image\" content=\"https:\/\/matchamoya.cz\/wp-content\/uploads\/2025\/11\/hrnek-na-caj-kaiyo-1.jpg\" \/>\n\t<meta property=\"og:image:width\" content=\"768\" \/>\n\t<meta property=\"og:image:height\" content=\"1150\" \/>\n\t<meta property=\"og:image:type\" content=\"image\/jpeg\" \/>\n<meta name=\"twitter:card\" content=\"summary_large_image\" \/>\n<meta name=\"twitter:label1\" content=\"Est. reading time\" \/>\n\t<meta name=\"twitter:data1\" content=\"1 minute\" \/>\n<!-- \/ Yoast SEO plugin. -->","yoast_head_json":{"title":"Keramick\u00fd ru\u010dn\u011b vyr\u00e1b\u011bn\u00fd hrnek Kaiyo na pit\u00ed sypan\u00e9ho \u010daje | Matcha Moya","description":"Hrnek Kaiyo je ru\u010dn\u011b vr\u017een\u00fd hrnek vyroben\u00fd z hrn\u010d\u00ed\u0159sk\u00e9 hl\u00edny. Jeho spodn\u00ed \u010d\u00e1st je neglazovan\u00e1, zat\u00edmco horn\u00ed \u010d\u00e1st je glazovan\u00e1 v tmav\u011b tyrkysov\u00e9m odst\u00ednu.","robots":{"index":"index","follow":"follow","max-snippet":"max-snippet:-1","max-image-preview":"max-image-preview:large","max-video-preview":"max-video-preview:-1"},"canonical":"https:\/\/matchamoya.cz\/en\/shop\/originalni-cajove-prislusenstvi\/keramicky-rucne-vyrabeny-hrnek-kaiyo-na-piti-sypaneho-caje-moya\/","og_locale":"en_US","og_type":"article","og_title":"Keramick\u00fd ru\u010dn\u011b vyr\u00e1b\u011bn\u00fd hrnek Kaiyo na pit\u00ed sypan\u00e9ho \u010daje | Matcha Moya","og_description":"Hrnek Kaiyo je ru\u010dn\u011b vr\u017een\u00fd hrnek vyroben\u00fd z hrn\u010d\u00ed\u0159sk\u00e9 hl\u00edny. Jeho spodn\u00ed \u010d\u00e1st je neglazovan\u00e1, zat\u00edmco horn\u00ed \u010d\u00e1st je glazovan\u00e1 v tmav\u011b tyrkysov\u00e9m odst\u00ednu.","og_url":"https:\/\/matchamoya.cz\/en\/shop\/originalni-cajove-prislusenstvi\/keramicky-rucne-vyrabeny-hrnek-kaiyo-na-piti-sypaneho-caje-moya\/","og_site_name":"Matcha Moya","article_modified_time":"2025-12-01T13:55:53+00:00","og_image":[{"width":768,"height":1150,"url":"https:\/\/matchamoya.cz\/wp-content\/uploads\/2025\/11\/hrnek-na-caj-kaiyo-1.jpg","type":"image\/jpeg"}],"twitter_card":"summary_large_image","twitter_misc":{"Est. reading time":"1 minute"},"schema":{"@context":"https:\/\/schema.org","@graph":[{"@type":"WebPage","@id":"https:\/\/matchamoya.cz\/en\/shop\/originalni-cajove-prislusenstvi\/keramicky-rucne-vyrabeny-hrnek-kaiyo-na-piti-sypaneho-caje-moya\/","url":"https:\/\/matchamoya.cz\/en\/shop\/originalni-cajove-prislusenstvi\/keramicky-rucne-vyrabeny-hrnek-kaiyo-na-piti-sypaneho-caje-moya\/","name":"Keramick\u00fd ru\u010dn\u011b vyr\u00e1b\u011bn\u00fd hrnek Kaiyo na pit\u00ed sypan\u00e9ho \u010daje | Matcha Moya","isPartOf":{"@id":"https:\/\/matchamoya.cz\/en\/#website"},"primaryImageOfPage":{"@id":"https:\/\/matchamoya.cz\/en\/shop\/originalni-cajove-prislusenstvi\/keramicky-rucne-vyrabeny-hrnek-kaiyo-na-piti-sypaneho-caje-moya\/#primaryimage"},"image":{"@id":"https:\/\/matchamoya.cz\/en\/shop\/originalni-cajove-prislusenstvi\/keramicky-rucne-vyrabeny-hrnek-kaiyo-na-piti-sypaneho-caje-moya\/#primaryimage"},"thumbnailUrl":"https:\/\/matchamoya.cz\/wp-content\/uploads\/2025\/11\/hrnek-na-caj-kaiyo-1.jpg","datePublished":"2025-11-28T18:29:33+00:00","dateModified":"2025-12-01T13:55:53+00:00","description":"Hrnek Kaiyo je ru\u010dn\u011b vr\u017een\u00fd hrnek vyroben\u00fd z hrn\u010d\u00ed\u0159sk\u00e9 hl\u00edny. Jeho spodn\u00ed \u010d\u00e1st je neglazovan\u00e1, zat\u00edmco horn\u00ed \u010d\u00e1st je glazovan\u00e1 v tmav\u011b tyrkysov\u00e9m odst\u00ednu.","breadcrumb":{"@id":"https:\/\/matchamoya.cz\/en\/shop\/originalni-cajove-prislusenstvi\/keramicky-rucne-vyrabeny-hrnek-kaiyo-na-piti-sypaneho-caje-moya\/#breadcrumb"},"inLanguage":"en-US","potentialAction":[{"@type":"ReadAction","target":["https:\/\/matchamoya.cz\/en\/shop\/originalni-cajove-prislusenstvi\/keramicky-rucne-vyrabeny-hrnek-kaiyo-na-piti-sypaneho-caje-moya\/"]}]},{"@type":"ImageObject","inLanguage":"en-US","@id":"https:\/\/matchamoya.cz\/en\/shop\/originalni-cajove-prislusenstvi\/keramicky-rucne-vyrabeny-hrnek-kaiyo-na-piti-sypaneho-caje-moya\/#primaryimage","url":"https:\/\/matchamoya.cz\/wp-content\/uploads\/2025\/11\/hrnek-na-caj-kaiyo-1.jpg","contentUrl":"https:\/\/matchamoya.cz\/wp-content\/uploads\/2025\/11\/hrnek-na-caj-kaiyo-1.jpg","width":768,"height":1150,"caption":"hrnek-kaiyo-krasny-hrnek-na-caj"},{"@type":"BreadcrumbList","@id":"https:\/\/matchamoya.cz\/en\/shop\/originalni-cajove-prislusenstvi\/keramicky-rucne-vyrabeny-hrnek-kaiyo-na-piti-sypaneho-caje-moya\/#breadcrumb","itemListElement":[{"@type":"ListItem","position":1,"name":"Dom\u016f","item":"https:\/\/matchamoya.cz\/"},{"@type":"ListItem","position":2,"name":"E-SHOP","item":"https:\/\/matchamoya.cz\/shop\/"},{"@type":"ListItem","position":3,"name":"Keramick\u00fd ru\u010dn\u011b vyr\u00e1b\u011bn\u00fd hrnek Kaiyo na pit\u00ed sypan\u00e9ho \u010daje &#8211; Moya"}]},{"@type":"WebSite","@id":"https:\/\/matchamoya.cz\/en\/#website","url":"https:\/\/matchamoya.cz\/en\/","name":"Matcha Moya","description":"Matcha Moya","publisher":{"@id":"https:\/\/matchamoya.cz\/en\/#organization"},"potentialAction":[{"@type":"SearchAction","target":{"@type":"EntryPoint","urlTemplate":"https:\/\/matchamoya.cz\/en\/?s={search_term_string}"},"query-input":{"@type":"PropertyValueSpecification","valueRequired":true,"valueName":"search_term_string"}}],"inLanguage":"en-US"},{"@type":"Organization","@id":"https:\/\/matchamoya.cz\/en\/#organization","name":"Moya Matcha","url":"https:\/\/matchamoya.cz\/en\/","logo":{"@type":"ImageObject","inLanguage":"en-US","@id":"https:\/\/matchamoya.cz\/en\/#\/schema\/logo\/image\/","url":"https:\/\/matchamoya.cz\/wp-content\/uploads\/2020\/03\/MOYA_Logo_Green-Black_02.png","contentUrl":"https:\/\/matchamoya.cz\/wp-content\/uploads\/2020\/03\/MOYA_Logo_Green-Black_02.png","width":313,"height":310,"caption":"Moya Matcha"},"image":{"@id":"https:\/\/matchamoya.cz\/en\/#\/schema\/logo\/image\/"}}]}},"_links":{"self":[{"href":"https:\/\/matchamoya.cz\/en\/wp-json\/wp\/v2\/product\/4518"}],"collection":[{"href":"https:\/\/matchamoya.cz\/en\/wp-json\/wp\/v2\/product"}],"about":[{"href":"https:\/\/matchamoya.cz\/en\/wp-json\/wp\/v2\/types\/product"}],"replies":[{"embeddable":true,"href":"https:\/\/matchamoya.cz\/en\/wp-json\/wp\/v2\/comments?post=4518"}],"wp:featuredmedia":[{"embeddable":true,"href":"https:\/\/matchamoya.cz\/en\/wp-json\/wp\/v2\/media\/4519"}],"wp:attachment":[{"href":"https:\/\/matchamoya.cz\/en\/wp-json\/wp\/v2\/media?parent=4518"}],"wp:term":[{"taxonomy":"product_cat","embeddable":true,"href":"https:\/\/matchamoya.cz\/en\/wp-json\/wp\/v2\/product_cat?post=4518"},{"taxonomy":"product_tag","embeddable":true,"href":"https:\/\/matchamoya.cz\/en\/wp-json\/wp\/v2\/product_tag?post=4518"}],"curies":[{"name":"wp","href":"https:\/\/api.w.org\/{rel}","templated":true}]}}