{"id":4548,"date":"2025-12-01T18:22:06","date_gmt":"2025-12-01T18:22:06","guid":{"rendered":"https:\/\/matchamoya.cz\/?post_type=product&#038;p=4548"},"modified":"2026-03-05T17:02:06","modified_gmt":"2026-03-05T17:02:06","slug":"premiovy-kompletni-darkovy-cajovy-set-matcha-ceremonial-shoku-moya-kopirovat","status":"publish","type":"product","link":"https:\/\/matchamoya.cz\/en\/shop\/matcha-vyhodne-darkove-sety\/premiovy-kompletni-darkovy-cajovy-set-matcha-ceremonial-shoku-moya-kopirovat\/","title":{"rendered":"Pr\u00e9miov\u00fd kompletn\u00ed d\u00e1rkov\u00fd \u010dajov\u00fd set MATCHA CEREMONIAL SHOKU &#8211; Moya"},"content":{"rendered":"<h1>Pr\u00e9miov\u00fd kompletn\u00ed d\u00e1rkov\u00fd \u010dajov\u00fd set MATCHA CEREMONIAL SHOKU &#8211; Moya<\/h1>\n<p><strong>Matcha Premium Ceremonial D\u00e1rkov\u00fd Set<\/strong> je perfektn\u00ed kompletn\u00ed sada pro v\u0161echny p\u0159\u00edznivce \u010daje a je vhodn\u00fd pro tradi\u010dn\u00ed japonsk\u00fd \u010dajov\u00fd ob\u0159ad matcha naz\u00fdvan\u00fd \u201eCesta \u010daje\u201c nebo na ka\u017edodenn\u00ed p\u0159\u00edpravu lahodn\u00e9ho n\u00e1poje Matcha Moya Premium.<\/p>\n<p><strong>Pr\u00e9miov\u00fd kompletn\u00ed d\u00e1rkov\u00fd \u010dajov\u00fd set MATCHA CEREMONIAL &#8211; Moya obsahuje:<\/strong><\/p>\n<p><strong>1x <a href=\"https:\/\/matchamoya.cz\/matcha-caje-moya\/bio-moya-matcha-premium-30-g-v-tube\/\">BIO MOYA MATCHA PREMIUM TUBA 30g<\/a><\/strong><\/p>\n<p><strong><a href=\"https:\/\/matchamoya.cz\/moya-matcha-stupne-kvality\/\">Nejvy\u0161\u0161\u00ed kvalitativn\u00ed stupe\u0148<\/a> <\/strong>organick\u00e9 moya matcha \u00a0z nejmlad\u0161\u00edch a nejjemn\u011bj\u0161\u00edch l\u00edstk\u016f prvn\u00ed sklizn\u011b. Pou\u017e\u00edv\u00e1 se pro tradi\u010dn\u00ed \u010dajov\u00fd ob\u0159ad, m\u00e1 bohatou jemnou sladkou chu\u0165 a kr\u00e9movou texturu a vyzna\u010duje se z\u00e1\u0159ivou zelenou barvou. Moya Matcha Premium se z\u00edsk\u00e1v\u00e1 v 1. sklizni z \u010dajovn\u00edk\u016f, kter\u00e9 jsou speci\u00e1ln\u011b zast\u00edn\u011bny p\u0159ed p\u0159\u00edm\u00fdm slune\u010dn\u00edm sv\u011btlem. V\u00fdsledkem je vy\u0161\u0161\u00ed obsah chlorofylu a L-theaninu a bohat\u0161\u00ed, zelen\u011bj\u0161\u00ed barva.<\/p>\n<p>Kvalitn\u00ed \u010daj BIO Moya Matcha Premium je pe\u010dliv\u011b <a href=\"https:\/\/matchamoya.cz\/produkce-a-puvod\/\"><strong>p\u011bstov\u00e1na<\/strong><\/a> na mal\u00fdch, rodinn\u00fdch biocertifikovan\u00fdch pol\u00edch v japonsk\u00e9m Uji, regionu zn\u00e1m\u00e9m pro nejvy\u0161\u0161\u00ed kvalitu zelen\u00e9ho \u010daje matcha d\u00edky sv\u00e9mu jedine\u010dn\u00e9mu mikroklimatu. Ka\u017ed\u00e1 \u0161ar\u017ee na\u0161eho organick\u00e9ho matcha je pe\u010dliv\u011b kontrolov\u00e1na na mo\u017en\u00e9 chemick\u00e9 zbytky a jeho kvalita je potvrzena p\u0159\u00edsn\u00fdmi japonsk\u00fdmi standardy a ekologickou certifikac\u00ed. Moya Matcha se pak zpracov\u00e1v\u00e1 lok\u00e1ln\u011b, hermeticky zabal\u00ed a expeduje v mal\u00fdch d\u00e1vk\u00e1ch, aby se zajistila maxim\u00e1ln\u00ed \u010derstvost.<\/p>\n<p><strong>1x <a href=\"https:\/\/matchamoya.cz\/shop\/originalni-cajove-prislusenstvi\/chawan-shoku-krasna-hneda-hlinena-miska-na-piti-matcha-caje-moya\/\">Chawan SKOKU<\/a> \u2013 TOP hlin\u011bn\u00e1 miska na matchu<\/strong><\/p>\n<div>\n<div>Matchawan byl ru\u010dn\u011b vyroben na hrn\u010d\u00ed\u0159sk\u00e9m kruhu z \u0161ed\u00e9 hl\u00edny s jemn\u00fdm p\u0159\u00eddavkem \u0161amotu a glazury vyroben\u00e9 v souladu se staletou japonskou tradic\u00ed. Matchawan je tradi\u010dn\u00ed n\u00e1stroj pou\u017e\u00edvan\u00fd p\u0159i japonsk\u00e9m \u010dajov\u00e9m ob\u0159adu. Je to tak\u00e9 nepochybn\u011b nejpohodln\u011bj\u0161\u00ed n\u00e1doba na pit\u00ed matchy, kter\u00e1 se nejl\u00e9pe \u0161leh\u00e1 bambusovou metli\u010dkou (zvanou chasen). Svisl\u00e9 st\u011bny a \u0161irok\u00e9 dno misky umo\u017e\u0148uj\u00ed snadn\u00e9 a pohodln\u00e9 \u0161leh\u00e1n\u00ed matchy ve vod\u011b, \u010d\u00edm\u017e se na povrchu rychle vytvo\u0159\u00ed vrstva p\u011bny. Je d\u016fle\u017eit\u00e9 si uv\u011bdomit, \u017ee teplota vody, ve kter\u00e9 se matcha p\u0159ipravuje, by nem\u011bla p\u0159ekro\u010dit 80 \u00b0C. Matchawan byl vytvo\u0159en jako sou\u010d\u00e1st speci\u00e1ln\u011b limitovan\u00e9 s\u00e9rie KOOE pro MOYA, kterou vyr\u00e1b\u00ed krakovsk\u00e9 keramick\u00e9 studio KOOE, jeho\u017e v\u00fdrobky se vyzna\u010duj\u00ed nejen kr\u00e1sn\u00fdmi tvary, ale tak\u00e9 mimo\u0159\u00e1dnou odolnost\u00ed d\u00edky vysokoteplotn\u00edmu vypalov\u00e1n\u00ed.<\/div>\n<div><\/div>\n<div>N\u00e1doba je vhodn\u00e1 do my\u010dky n\u00e1dob\u00ed.<\/div>\n<\/div>\n<div><\/div>\n<div>Ru\u010dn\u011b vyroben\u00fd na hrn\u010d\u00ed\u0159sk\u00e9m kruhu se m\u016f\u017ee m\u00edrn\u011b li\u0161it od vyobrazen\u00e9ho. N\u00e1doba je vhodn\u00e1 do my\u010dky na \u0161etrn\u00fd cyklus.<\/div>\n<p>Nezapome\u0148te pou\u017e\u00edt vodu s teplotou nep\u0159esahuj\u00edc\u00ed 80 \u00b0 C, abyste zachovali v\u0161echny vlastnosti matcha.<\/p>\n<p>Objem: 350 ml V\u00fd\u0161ka: 7-8 cm Pr\u016fm\u011br: 10-11 cm. Rozm\u011br se m\u016f\u017ee m\u00edrn\u011b li\u0161it. Zem\u011b p\u016fvodu: Japonsko. Mo\u017eno m\u00fdt v my\u010dce.<\/p>\n<p><strong>1x <a href=\"https:\/\/matchamoya.cz\/originalni-cajove-prislusenstvi\/chasen-tradicni-bambusova-metlicka-na-michani-matcha-caje\/\">CHASEN \u2013 Tradi\u010dn\u00ed bambusov\u00e1 metli\u010dka na m\u00edch\u00e1n\u00ed matcha \u010daje<\/a><\/strong><\/p>\n<p>Tradi\u010dn\u00ed bambusov\u00e1 metli\u010dka nebo \u201echasen\u201c je nezbytn\u00fdm n\u00e1strojem japonsk\u00e9ho \u010dajov\u00e9ho ob\u0159adu matcha. Jemn\u00e9, ru\u010dn\u011b vyr\u00e1b\u011bn\u00e9 vl\u00e1kna jsou vy\u0159ez\u00e1v\u00e1ny v jedin\u00e9m kusu bambusu \u0159emesln\u00edky, jejich\u017e dovednosti jsou p\u0159ed\u00e1v\u00e1ny z generace na generaci. Metli\u010dka se 100 vl\u00e1kny. Nen\u00ed vhodn\u00e9 m\u00fdt v my\u010dce.<\/p>\n<p><strong>1x <a href=\"https:\/\/matchamoya.cz\/originalni-cajove-prislusenstvi\/tradicni-drzak-na-bambusovou-metlicku-chasen-naoshi\/\">Tradi\u010dn\u00ed dr\u017e\u00e1k na bambusovou metli\u010dku (chasen) NAOSHI<\/a><\/strong><\/p>\n<p>Tradi\u010dn\u00ed dr\u017e\u00e1k na metli\u010dku (chasen) nen\u00ed jen kr\u00e1sn\u00fdm prvkem tradi\u010dn\u00ed japonsk\u00e9 \u010dajov\u00e9 sady matcha, jedn\u00e1 se o velmi praktick\u00fd n\u00e1stroj, kter\u00fd pom\u00e1h\u00e1 chasenu rychleji vysychat, udr\u017euje jeho tvar a odolnost.<\/p>\n<p>Materi\u00e1l: porcel\u00e1n. Velikost: 7 cm (v\u00fd\u0161ka) x 6 cm (pr\u016fm\u011br). Barva: Onyx \u010dern\u00e1. Mo\u017eno m\u00fdt v my\u010dce.<\/p>\n<p><strong>1x <a href=\"https:\/\/matchamoya.cz\/originalni-cajove-prislusenstvi\/chaschaku-svetla-rucne-vyrabena-bambusova-lzice-na-matchu\/\">CHASCHAKU sv\u011btl\u00e1 \u2013 Ru\u010dn\u011b vyr\u00e1b\u011bn\u00e1 bambusov\u00e1 l\u017e\u00edce na matchu<\/a><\/strong><\/p>\n<p>Chashaku je tradi\u010dn\u00ed japonsk\u00e1 l\u017e\u00edce slou\u017e\u00edc\u00ed k serv\u00edrov\u00e1n\u00ed matcha a ned\u00edln\u00e1 sou\u010d\u00e1st \u010dajov\u00e9ho ob\u0159adu. Zak\u0159iven\u00e1 \u010d\u00e1st l\u017e\u00edce se pou\u017e\u00edv\u00e1 k nab\u00edr\u00e1n\u00ed mal\u00e9 d\u00e1vce \u010daje a um\u00edst\u011bn\u00ed do m\u00edsy (matchawan). Sm\u011bs se potom roz\u0161leh\u00e1 na rovnom\u011brnou konzistenci pomoc\u00ed tradi\u010dn\u00ed metli\u010dky (chasen). Optim\u00e1ln\u011b vyv\u00e1\u017een\u00fd \u010daj se p\u0159ipravuje z jedn\u00e9 nebo dvou chashaku matcha a p\u0159ibli\u017en\u011b 100 ml vody.<\/p>\n<p>Materi\u00e1l: Bambus. D\u00e9lka: 18cm. Nen\u00ed vhodn\u00e9 do my\u010dky.<\/p>","protected":false},"excerpt":{"rendered":"<p><strong>Pr\u00e9miov\u00fd kompletn\u00ed d\u00e1rkov\u00fd \u010dajov\u00fd set MATCHA CEREMONIAL SHOKU<\/strong>\u00a0je perfektn\u00ed kompletn\u00ed sada pro v\u0161echny p\u0159\u00edznivce \u010daje a je vhodn\u00fd pro tradi\u010dn\u00ed japonsk\u00fd \u010dajov\u00fd ob\u0159ad matcha naz\u00fdvan\u00fd \u201eCesta \u010daje\u201c nebo na ka\u017edodenn\u00ed p\u0159\u00edpravu lahodn\u00e9ho n\u00e1poje <strong>Matcha Moya Premium<\/strong>.<\/p>\n<p><strong>Exluzivn\u00ed novinka s kr\u00e1sn\u011b tvarovan\u00fdm ru\u010dn\u011b vyr\u00e1b\u011bn\u00fdm Chawanem SHOKU pro je\u0161t\u011b lep\u0161\u00ed chu\u0165 matcha \u010daje Moya z regionu UJI.\u00a0<\/strong><\/p>\n<p><strong>Pr\u00e9miov\u00fd kompletn\u00ed d\u00e1rkov\u00fd \u010dajov\u00fd set MATCHA CEREMONIAL &#8211; Moya obsahuje:<\/strong><\/p>\n<p><strong>1x <a href=\"https:\/\/matchamoya.cz\/matcha-caje-moya\/bio-moya-matcha-premium-30-g-v-tube\/\">BIO MOYA MATCHA PREMIUM TUBA 30g<\/a><\/strong><\/p>\n<p><strong>1x <a href=\"https:\/\/matchamoya.cz\/shop\/originalni-cajove-prislusenstvi\/chawan-shoku-krasna-hneda-hlinena-miska-na-piti-matcha-caje-moya\/\">Chawan SKOKU<\/a> \u2013 TOP hlin\u011bn\u00e1 miska na matchu<\/strong><\/p>\n<p><strong><a href=\"https:\/\/matchamoya.cz\/moya-prislusenstvi\/tradicni-matcha-bambusova-metlicka-chasen\/\">1x <\/a><a href=\"https:\/\/matchamoya.cz\/originalni-cajove-prislusenstvi\/chasen-tradicni-bambusova-metlicka-na-michani-matcha-caje\/\">CHASEN \u2013 Tradi\u010dn\u00ed bambusov\u00e1 metli\u010dka na m\u00edch\u00e1n\u00ed matcha \u010daje<\/a> se 100 vl\u00e1kny<\/strong><\/p>\n<p><strong>1x <a href=\"https:\/\/matchamoya.cz\/originalni-cajove-prislusenstvi\/tradicni-drzak-na-bambusovou-metlicku-chasen-naoshi\/\">Tradi\u010dn\u00ed dr\u017e\u00e1k na bambusovou metli\u010dku (chasen) NAOSHI<\/a><\/strong><\/p>\n<p><strong>1x <a href=\"https:\/\/matchamoya.cz\/originalni-cajove-prislusenstvi\/chaschaku-svetla-rucne-vyrabena-bambusova-lzice-na-matchu\/\">CHASCHAKU sv\u011btl\u00e1 \u2013 Ru\u010dn\u011b vyr\u00e1b\u011bn\u00e1 bambusov\u00e1 l\u017e\u00edce na matchu<\/a><\/strong><\/p>","protected":false},"featured_media":4549,"comment_status":"open","ping_status":"closed","template":"","meta":[],"product_cat":[72],"product_tag":[],"class_list":{"0":"post-4548","1":"product","2":"type-product","3":"status-publish","4":"has-post-thumbnail","6":"product_cat-matcha-vyhodne-darkove-sety","7":"product_shipping_class-dobra-dodani","9":"first","10":"instock","11":"featured","12":"taxable","13":"shipping-taxable","14":"purchasable","15":"product-type-simple"},"yoast_head":"<!-- This site is optimized with the Yoast SEO plugin v23.4 - https:\/\/yoast.com\/wordpress\/plugins\/seo\/ -->\n<title>Pr\u00e9miov\u00fd kompletn\u00ed d\u00e1rkov\u00fd \u010dajov\u00fd set MATCHA CEREMONIAL SHOKU - Moya | Matcha Moya<\/title>\n<meta name=\"description\" content=\"Pr\u00e9miov\u00fd kompletn\u00ed d\u00e1rkov\u00fd \u010dajov\u00fd set MATCHA CEREMONIAL SHOKU - Moya je perfektn\u00ed kompletn\u00ed sada pro v\u0161echny p\u0159\u00edznivce \u010daje.\" \/>\n<meta name=\"robots\" content=\"index, follow, max-snippet:-1, max-image-preview:large, max-video-preview:-1\" \/>\n<link rel=\"canonical\" href=\"https:\/\/matchamoya.cz\/en\/shop\/matcha-vyhodne-darkove-sety\/premiovy-kompletni-darkovy-cajovy-set-matcha-ceremonial-shoku-moya-kopirovat\/\" \/>\n<meta property=\"og:locale\" content=\"en_US\" \/>\n<meta property=\"og:type\" content=\"article\" \/>\n<meta property=\"og:title\" content=\"Pr\u00e9miov\u00fd kompletn\u00ed d\u00e1rkov\u00fd \u010dajov\u00fd set MATCHA CEREMONIAL SHOKU - Moya | Matcha Moya\" \/>\n<meta property=\"og:description\" content=\"Pr\u00e9miov\u00fd kompletn\u00ed d\u00e1rkov\u00fd \u010dajov\u00fd set MATCHA CEREMONIAL SHOKU - Moya je perfektn\u00ed kompletn\u00ed sada pro v\u0161echny p\u0159\u00edznivce \u010daje.\" \/>\n<meta property=\"og:url\" content=\"https:\/\/matchamoya.cz\/en\/shop\/matcha-vyhodne-darkove-sety\/premiovy-kompletni-darkovy-cajovy-set-matcha-ceremonial-shoku-moya-kopirovat\/\" \/>\n<meta property=\"og:site_name\" content=\"Matcha Moya\" \/>\n<meta property=\"article:modified_time\" content=\"2026-03-05T17:02:06+00:00\" \/>\n<meta property=\"og:image\" content=\"https:\/\/matchamoya.cz\/wp-content\/uploads\/2025\/12\/ceremonialni-set-na-matchu-shoku-moya-1.jpg\" \/>\n\t<meta property=\"og:image:width\" content=\"810\" \/>\n\t<meta property=\"og:image:height\" content=\"1213\" \/>\n\t<meta property=\"og:image:type\" content=\"image\/jpeg\" \/>\n<meta name=\"twitter:card\" content=\"summary_large_image\" \/>\n<meta name=\"twitter:label1\" content=\"Est. reading time\" \/>\n\t<meta name=\"twitter:data1\" content=\"4 minutes\" \/>\n<!-- \/ Yoast SEO plugin. -->","yoast_head_json":{"title":"Pr\u00e9miov\u00fd kompletn\u00ed d\u00e1rkov\u00fd \u010dajov\u00fd set MATCHA CEREMONIAL SHOKU - Moya | Matcha Moya","description":"Pr\u00e9miov\u00fd kompletn\u00ed d\u00e1rkov\u00fd \u010dajov\u00fd set MATCHA CEREMONIAL SHOKU - Moya je perfektn\u00ed kompletn\u00ed sada pro v\u0161echny p\u0159\u00edznivce \u010daje.","robots":{"index":"index","follow":"follow","max-snippet":"max-snippet:-1","max-image-preview":"max-image-preview:large","max-video-preview":"max-video-preview:-1"},"canonical":"https:\/\/matchamoya.cz\/en\/shop\/matcha-vyhodne-darkove-sety\/premiovy-kompletni-darkovy-cajovy-set-matcha-ceremonial-shoku-moya-kopirovat\/","og_locale":"en_US","og_type":"article","og_title":"Pr\u00e9miov\u00fd kompletn\u00ed d\u00e1rkov\u00fd \u010dajov\u00fd set MATCHA CEREMONIAL SHOKU - Moya | Matcha Moya","og_description":"Pr\u00e9miov\u00fd kompletn\u00ed d\u00e1rkov\u00fd \u010dajov\u00fd set MATCHA CEREMONIAL SHOKU - Moya je perfektn\u00ed kompletn\u00ed sada pro v\u0161echny p\u0159\u00edznivce \u010daje.","og_url":"https:\/\/matchamoya.cz\/en\/shop\/matcha-vyhodne-darkove-sety\/premiovy-kompletni-darkovy-cajovy-set-matcha-ceremonial-shoku-moya-kopirovat\/","og_site_name":"Matcha Moya","article_modified_time":"2026-03-05T17:02:06+00:00","og_image":[{"width":810,"height":1213,"url":"https:\/\/matchamoya.cz\/wp-content\/uploads\/2025\/12\/ceremonialni-set-na-matchu-shoku-moya-1.jpg","type":"image\/jpeg"}],"twitter_card":"summary_large_image","twitter_misc":{"Est. reading time":"4 minutes"},"schema":{"@context":"https:\/\/schema.org","@graph":[{"@type":"WebPage","@id":"https:\/\/matchamoya.cz\/en\/shop\/matcha-vyhodne-darkove-sety\/premiovy-kompletni-darkovy-cajovy-set-matcha-ceremonial-shoku-moya-kopirovat\/","url":"https:\/\/matchamoya.cz\/en\/shop\/matcha-vyhodne-darkove-sety\/premiovy-kompletni-darkovy-cajovy-set-matcha-ceremonial-shoku-moya-kopirovat\/","name":"Pr\u00e9miov\u00fd kompletn\u00ed d\u00e1rkov\u00fd \u010dajov\u00fd set MATCHA CEREMONIAL SHOKU - Moya | Matcha Moya","isPartOf":{"@id":"https:\/\/matchamoya.cz\/en\/#website"},"primaryImageOfPage":{"@id":"https:\/\/matchamoya.cz\/en\/shop\/matcha-vyhodne-darkove-sety\/premiovy-kompletni-darkovy-cajovy-set-matcha-ceremonial-shoku-moya-kopirovat\/#primaryimage"},"image":{"@id":"https:\/\/matchamoya.cz\/en\/shop\/matcha-vyhodne-darkove-sety\/premiovy-kompletni-darkovy-cajovy-set-matcha-ceremonial-shoku-moya-kopirovat\/#primaryimage"},"thumbnailUrl":"https:\/\/matchamoya.cz\/wp-content\/uploads\/2025\/12\/ceremonialni-set-na-matchu-shoku-moya-1.jpg","datePublished":"2025-12-01T18:22:06+00:00","dateModified":"2026-03-05T17:02:06+00:00","description":"Pr\u00e9miov\u00fd kompletn\u00ed d\u00e1rkov\u00fd \u010dajov\u00fd set MATCHA CEREMONIAL SHOKU - Moya je perfektn\u00ed kompletn\u00ed sada pro v\u0161echny p\u0159\u00edznivce \u010daje.","breadcrumb":{"@id":"https:\/\/matchamoya.cz\/en\/shop\/matcha-vyhodne-darkove-sety\/premiovy-kompletni-darkovy-cajovy-set-matcha-ceremonial-shoku-moya-kopirovat\/#breadcrumb"},"inLanguage":"en-US","potentialAction":[{"@type":"ReadAction","target":["https:\/\/matchamoya.cz\/en\/shop\/matcha-vyhodne-darkove-sety\/premiovy-kompletni-darkovy-cajovy-set-matcha-ceremonial-shoku-moya-kopirovat\/"]}]},{"@type":"ImageObject","inLanguage":"en-US","@id":"https:\/\/matchamoya.cz\/en\/shop\/matcha-vyhodne-darkove-sety\/premiovy-kompletni-darkovy-cajovy-set-matcha-ceremonial-shoku-moya-kopirovat\/#primaryimage","url":"https:\/\/matchamoya.cz\/wp-content\/uploads\/2025\/12\/ceremonialni-set-na-matchu-shoku-moya-1.jpg","contentUrl":"https:\/\/matchamoya.cz\/wp-content\/uploads\/2025\/12\/ceremonialni-set-na-matchu-shoku-moya-1.jpg","width":810,"height":1213,"caption":"premiovy-set-shoku-kompletni-matcha-sestava"},{"@type":"BreadcrumbList","@id":"https:\/\/matchamoya.cz\/en\/shop\/matcha-vyhodne-darkove-sety\/premiovy-kompletni-darkovy-cajovy-set-matcha-ceremonial-shoku-moya-kopirovat\/#breadcrumb","itemListElement":[{"@type":"ListItem","position":1,"name":"Dom\u016f","item":"https:\/\/matchamoya.cz\/"},{"@type":"ListItem","position":2,"name":"E-SHOP","item":"https:\/\/matchamoya.cz\/shop\/"},{"@type":"ListItem","position":3,"name":"Pr\u00e9miov\u00fd kompletn\u00ed d\u00e1rkov\u00fd \u010dajov\u00fd set MATCHA CEREMONIAL SHOKU &#8211; Moya"}]},{"@type":"WebSite","@id":"https:\/\/matchamoya.cz\/en\/#website","url":"https:\/\/matchamoya.cz\/en\/","name":"Matcha Moya","description":"Matcha Moya","publisher":{"@id":"https:\/\/matchamoya.cz\/en\/#organization"},"potentialAction":[{"@type":"SearchAction","target":{"@type":"EntryPoint","urlTemplate":"https:\/\/matchamoya.cz\/en\/?s={search_term_string}"},"query-input":{"@type":"PropertyValueSpecification","valueRequired":true,"valueName":"search_term_string"}}],"inLanguage":"en-US"},{"@type":"Organization","@id":"https:\/\/matchamoya.cz\/en\/#organization","name":"Moya Matcha","url":"https:\/\/matchamoya.cz\/en\/","logo":{"@type":"ImageObject","inLanguage":"en-US","@id":"https:\/\/matchamoya.cz\/en\/#\/schema\/logo\/image\/","url":"https:\/\/matchamoya.cz\/wp-content\/uploads\/2020\/03\/MOYA_Logo_Green-Black_02.png","contentUrl":"https:\/\/matchamoya.cz\/wp-content\/uploads\/2020\/03\/MOYA_Logo_Green-Black_02.png","width":313,"height":310,"caption":"Moya Matcha"},"image":{"@id":"https:\/\/matchamoya.cz\/en\/#\/schema\/logo\/image\/"}}]}},"_links":{"self":[{"href":"https:\/\/matchamoya.cz\/en\/wp-json\/wp\/v2\/product\/4548"}],"collection":[{"href":"https:\/\/matchamoya.cz\/en\/wp-json\/wp\/v2\/product"}],"about":[{"href":"https:\/\/matchamoya.cz\/en\/wp-json\/wp\/v2\/types\/product"}],"replies":[{"embeddable":true,"href":"https:\/\/matchamoya.cz\/en\/wp-json\/wp\/v2\/comments?post=4548"}],"wp:featuredmedia":[{"embeddable":true,"href":"https:\/\/matchamoya.cz\/en\/wp-json\/wp\/v2\/media\/4549"}],"wp:attachment":[{"href":"https:\/\/matchamoya.cz\/en\/wp-json\/wp\/v2\/media?parent=4548"}],"wp:term":[{"taxonomy":"product_cat","embeddable":true,"href":"https:\/\/matchamoya.cz\/en\/wp-json\/wp\/v2\/product_cat?post=4548"},{"taxonomy":"product_tag","embeddable":true,"href":"https:\/\/matchamoya.cz\/en\/wp-json\/wp\/v2\/product_tag?post=4548"}],"curies":[{"name":"wp","href":"https:\/\/api.w.org\/{rel}","templated":true}]}}