{"id":4571,"date":"2025-12-02T18:19:42","date_gmt":"2025-12-02T18:19:42","guid":{"rendered":"https:\/\/matchamoya.cz\/?post_type=product&#038;p=4571"},"modified":"2026-03-30T21:36:23","modified_gmt":"2026-03-30T21:36:23","slug":"japonsky-set-zeleny-caj-dle-vyberu-a-matcha-med-moya","status":"publish","type":"product","link":"https:\/\/matchamoya.cz\/en\/shop\/matcha-vyhodne-darkove-sety\/japonsky-set-zeleny-caj-dle-vyberu-a-matcha-med-moya\/","title":{"rendered":"Japonsk\u00fd set-Zelen\u00fd \u010daj DLE V\u00ddB\u011aRU a matcha MED Moya"},"content":{"rendered":"<h1>Japonsk\u00fd set-Zelen\u00fd \u010daj DLE V\u00ddB\u011aRU a matcha MED Moya<\/h1>\n<p><strong>Japonsk\u00fd set-Zelen\u00fd \u010daj DLE V\u00ddB\u011aRU a matcha MED Moya<\/strong> je perfektn\u00ed sada pro v\u0161echny p\u0159\u00edznivce \u010daje a zdrav\u00e9ho \u017eivotn\u00edho stylu. Je to tak\u00e9 skv\u011bl\u00fd d\u00e1rek.<\/p>\n<p><strong>Japonsk\u00fd set-Zelen\u00fd \u010daj DLE V\u00ddB\u011aRU a matcha MED Moya obsahuje (nap\u0159.):<\/strong><\/p>\n<p><strong>1x <a href=\"https:\/\/matchamoya.cz\/shop\/tradicni-japonske-listove-zelene-caje\/yuzu-tea-japonsky-bio-caj-plny-vitaminu-c-pro-lepsi-imunitu-moya\/\">Yuzu Tea \u2013 japonsk\u00fd bio \u010daj pln\u00fd vitaminu C pro lep\u0161\u00ed imunitu \u2013 Moya 60 g<\/a><\/strong><\/p>\n<p>Yuzu \u010daj \u7384\u7c73\u8336 je sm\u011bs nejlahodn\u011bj\u0161\u00edho zelen\u00e9ho \u010daje a k\u016fry citrus\u016f odr\u016fdy yuzu, aromatick\u00e9ho asijsk\u00e9ho ovoce p\u0159ipom\u00ednaj\u00edc\u00edho mandarinku. Yuzu je jedine\u010dn\u00e9 ovoce s tvrdou \u017elutozelenou slupkou, kter\u00e9 se v Asii p\u011bstuje po stalet\u00ed. \u010caj byl slo\u017een tak, aby dos\u00e1hl rovnov\u00e1hy mezi such\u00fdm, jemn\u00fdm zelen\u00fdm \u010dajem a citrusov\u00fdm ovocem. Jeho v\u016fn\u011b je intenzivn\u011b citrusov\u00e1 a sv\u011b\u017e\u00ed, barva je slune\u010dn\u00e1 a chu\u0165 citronov\u011b m\u00e1slov\u00e1. \u010caj Yuzu se doporu\u010duje p\u00edt kdykoli, zejm\u00e9na v prvn\u00ed polovin\u011b dne. Oslov\u00ed p\u0159edev\u0161\u00edm milovn\u00edky zelen\u00fdch a ovocn\u00fdch \u010daj\u016f.<\/p>\n<p><strong>100% organick\u00fd zelen\u00fd japonsk\u00fd \u010daj YUZU TEA<\/strong><\/p>\n<p><strong>Zem\u011b p\u016fvodu:<\/strong>\u00a0Japonsko, Kagoshima region, Ostrov Honsh\u00fa<\/p>\n<p><strong>Chu\u0165:<\/strong>\u00a0Citrusovo-m\u00e1slov\u00e1.<\/p>\n<p><strong>Barva:<\/strong>\u00a0sv\u011btle \u017elut\u00e1<\/p>\n<p><strong>Slo\u017een\u00ed:<\/strong>\u00a070% bio zelen\u00fd japonsk\u00fd \u010daj, 30% bio su\u0161en\u00e1 k\u016fra citrus\u016f yuzu.<\/p>\n<p><strong>Doba sklizn\u011b:\u00a0<\/strong>V\u017edy aktu\u00e1ln\u00ed leto\u0161n\u00ed sklize\u0148<\/p>\n<p><strong>Hmotnost:<\/strong>\u00a060 g<\/p>\n<p><strong><span style=\"color: #ff0000;\">NEBO KTER\u00ddKOLIV Z NA\u0160ICH LISTOV\u00ddCH \u010cAJ\u016e &#8211; POT\u0158EBA NAPSAT DO POZN\u00c1MKY.\u00a0<\/span><\/strong><\/p>\n<p><strong>\u010caje dostupn\u00e9 v sad\u011b:<\/strong> Sencha 60g, Genmaicha 60g, Kukicha 60g, Hojicha 60g, Bancha 60g, Wakocha 60g, Matcha Iri Genmaicha 60g, Yuzu Tea 60g<\/p>\n<p><strong>1x <a href=\"https:\/\/matchamoya.cz\/shop\/matcha-sladkosti\/organicky-med-s-japonskym-cajem-matcha-200g-moya\/\">Organick\u00fd med s japonsk\u00fdm \u010dajem matcha 200 g \u2013 Moya<\/a><\/strong><\/p>\n<p><strong>Organick\u00fd med s japonsk\u00fdm \u010dajem matcha Daily 200 g<\/strong>\u00a0je lahodn\u00e1 origin\u00e1ln\u00ed kombinace p\u0159\u00edrodn\u00edho estonsk\u00e9ho medu a Daily Matcha.\u00a0<strong>Med je v\u00edcekv\u011bt\u00fd<\/strong>, p\u0159evl\u00e1daj\u00ed v n\u011bm kvetouc\u00ed vrby, javor a pampeli\u0161ka, letn\u00ed malin\u00edk, vrbovka a jetel \u2013 to je v\u00fdb\u011br rostlin, ze kter\u00fdch estonsk\u00e9 v\u010dely sb\u00edraj\u00ed nejv\u00edce nektaru. Jeho sladkost je sn\u00ed\u017eena jemnou ho\u0159kost\u00ed japonsk\u00e9 Daily Matcha poch\u00e1zej\u00edc\u00ed z druh\u00e9 a t\u0159et\u00ed sklizn\u011b.\u00a0<strong>Je dokonale vyv\u00e1\u017een\u011b sladk\u00fd, s hustou konzistenc\u00ed ztu\u017eenou matchou<\/strong>. Hod\u00ed se k dezert\u016fm, sendvi\u010d\u016fm a toast\u016fm, \u010daj\u016fm a n\u00e1lev\u016fm a samoz\u0159ejm\u011b ke konzumaci l\u017ei\u010dkou p\u0159\u00edmo z d\u00f3zy. N\u00e1\u0161 BIO med je uzav\u0159en\u00fd ve sklen\u011bn\u00e9 n\u00e1dob\u011b s kovov\u00fdm v\u00ed\u010dkem a m\u00e1 BIO certifik\u00e1t, kter\u00fd potvrzuje zelen\u00fd l\u00edste\u010dek na obalu.<\/p>\n<p><strong>\u010cIST\u00c1 HMOTNOST:<\/strong>\u00a0200g<br \/>\n<strong>SLO\u017dEN\u00cd:<\/strong>\u00a0BIO v\u00edcekv\u011bt\u00fd med 95%, BIO Moya Matcha Daily 5%<br \/>\n<strong>ZEM\u011a P\u016eVODU:<\/strong>\u00a0Polsko (Organick\u00fd med) \/ Japonsko (Organick\u00e1 Matcha Moya)<\/p>\n<p><strong>1x Luxusn\u00ed d\u00e1rkovou krabi\u010dku Moya na zelen\u00fd \u010daj\u00a0<\/strong><\/p>","protected":false},"excerpt":{"rendered":"<p><strong>Japonsk\u00fd set-Zelen\u00fd \u010daj DLE V\u00ddB\u011aRU a matcha MED Moya<\/strong> je perfektn\u00ed sada pro v\u0161echny p\u0159\u00edznivce \u010daje a zdrav\u00e9ho \u017eivotn\u00edho stylu. Je to tak\u00e9 skv\u011bl\u00fd d\u00e1rek.<\/p>\n<p><strong>Japonsk\u00fd set-Zelen\u00fd \u010daj DLE V\u00ddBERU a matcha MED Moya obsahuje (nap\u0159.):<\/strong><\/p>\n<p><strong>1x <a href=\"https:\/\/matchamoya.cz\/shop\/tradicni-japonske-listove-zelene-caje\/yuzu-tea-japonsky-bio-caj-plny-vitaminu-c-pro-lepsi-imunitu-moya\/\">Yuzu Tea \u2013 japonsk\u00fd bio \u010daj pln\u00fd vitaminu C pro lep\u0161\u00ed imunitu \u2013 Moya 60 g<\/a><\/strong><\/p>\n<p><strong>1x <a href=\"https:\/\/matchamoya.cz\/shop\/matcha-sladkosti\/organicky-med-s-japonskym-cajem-matcha-200g-moya\/\">Organick\u00fd med s japonsk\u00fdm \u010dajem matcha 200 g \u2013 Moya<\/a><\/strong><\/p>\n<p><strong>1x Luxusn\u00ed d\u00e1rkovou krabi\u010dku Moya na zelen\u00fd \u010daj\u00a0<\/strong><\/p>\n<p><strong><span style=\"color: #ff0000;\">NEBO KTER\u00ddKOLIV Z NA\u0160ICH LISTOV\u00ddCH \u010cAJ\u016e &#8211; POT\u0158EBA NAPSAT DO POZN\u00c1MKY.\u00a0<\/span><\/strong><\/p>\n<p><strong>\u010caje dostupn\u00e9 v sad\u011b:<\/strong> Sencha 60g, Genmaicha 60g, Kukicha 60g, Hojicha 60g, Bancha 60g, Wakocha 60g, Matcha Iri Genmaicha 60g, Yuzu Tea 60g<\/p>","protected":false},"featured_media":4572,"comment_status":"open","ping_status":"closed","template":"","meta":[],"product_cat":[76,72,75],"product_tag":[],"class_list":{"0":"post-4571","1":"product","2":"type-product","3":"status-publish","4":"has-post-thumbnail","6":"product_cat-matcha-sladkosti","7":"product_cat-matcha-vyhodne-darkove-sety","8":"product_cat-tradicni-japonske-listove-zelene-caje","9":"product_shipping_class-dobra-dodani","11":"first","12":"instock","13":"featured","14":"taxable","15":"shipping-taxable","16":"purchasable","17":"product-type-simple"},"yoast_head":"<!-- This site is optimized with the Yoast SEO plugin v23.4 - https:\/\/yoast.com\/wordpress\/plugins\/seo\/ -->\n<title>Japonsk\u00fd set-Zelen\u00fd \u010daj DLE V\u00ddB\u011aRU a matcha MED Moya | Matcha Moya<\/title>\n<meta name=\"description\" content=\"Japonsk\u00fd set-Zelen\u00fd \u010daj DLE V\u00ddB\u011aRU a matcha MED Moya je perfektn\u00ed sada pro v\u0161echny p\u0159\u00edznivce \u010daje a zdrav\u00e9ho \u017eivotn\u00edho stylu. Je to tak\u00e9 skv\u011bl\u00fd d\u00e1rek.\" \/>\n<meta name=\"robots\" content=\"index, follow, max-snippet:-1, max-image-preview:large, max-video-preview:-1\" \/>\n<link rel=\"canonical\" href=\"https:\/\/matchamoya.cz\/en\/shop\/matcha-vyhodne-darkove-sety\/japonsky-set-zeleny-caj-dle-vyberu-a-matcha-med-moya\/\" \/>\n<meta property=\"og:locale\" content=\"en_US\" \/>\n<meta property=\"og:type\" content=\"article\" \/>\n<meta property=\"og:title\" content=\"Japonsk\u00fd set-Zelen\u00fd \u010daj DLE V\u00ddB\u011aRU a matcha MED Moya | Matcha Moya\" \/>\n<meta property=\"og:description\" content=\"Japonsk\u00fd set-Zelen\u00fd \u010daj DLE V\u00ddB\u011aRU a matcha MED Moya je perfektn\u00ed sada pro v\u0161echny p\u0159\u00edznivce \u010daje a zdrav\u00e9ho \u017eivotn\u00edho stylu. Je to tak\u00e9 skv\u011bl\u00fd d\u00e1rek.\" \/>\n<meta property=\"og:url\" content=\"https:\/\/matchamoya.cz\/en\/shop\/matcha-vyhodne-darkove-sety\/japonsky-set-zeleny-caj-dle-vyberu-a-matcha-med-moya\/\" \/>\n<meta property=\"og:site_name\" content=\"Matcha Moya\" \/>\n<meta property=\"article:modified_time\" content=\"2026-03-30T21:36:23+00:00\" \/>\n<meta property=\"og:image\" content=\"https:\/\/matchamoya.cz\/wp-content\/uploads\/2025\/12\/matcha-caj-japonsky-a-med-v-setu-1.jpg\" \/>\n\t<meta property=\"og:image:width\" content=\"810\" \/>\n\t<meta property=\"og:image:height\" content=\"1210\" \/>\n\t<meta property=\"og:image:type\" content=\"image\/jpeg\" \/>\n<meta name=\"twitter:card\" content=\"summary_large_image\" \/>\n<meta name=\"twitter:label1\" content=\"Est. reading time\" \/>\n\t<meta name=\"twitter:data1\" content=\"3 minutes\" \/>\n<!-- \/ Yoast SEO plugin. -->","yoast_head_json":{"title":"Japonsk\u00fd set-Zelen\u00fd \u010daj DLE V\u00ddB\u011aRU a matcha MED Moya | Matcha Moya","description":"Japonsk\u00fd set-Zelen\u00fd \u010daj DLE V\u00ddB\u011aRU a matcha MED Moya je perfektn\u00ed sada pro v\u0161echny p\u0159\u00edznivce \u010daje a zdrav\u00e9ho \u017eivotn\u00edho stylu. Je to tak\u00e9 skv\u011bl\u00fd d\u00e1rek.","robots":{"index":"index","follow":"follow","max-snippet":"max-snippet:-1","max-image-preview":"max-image-preview:large","max-video-preview":"max-video-preview:-1"},"canonical":"https:\/\/matchamoya.cz\/en\/shop\/matcha-vyhodne-darkove-sety\/japonsky-set-zeleny-caj-dle-vyberu-a-matcha-med-moya\/","og_locale":"en_US","og_type":"article","og_title":"Japonsk\u00fd set-Zelen\u00fd \u010daj DLE V\u00ddB\u011aRU a matcha MED Moya | Matcha Moya","og_description":"Japonsk\u00fd set-Zelen\u00fd \u010daj DLE V\u00ddB\u011aRU a matcha MED Moya je perfektn\u00ed sada pro v\u0161echny p\u0159\u00edznivce \u010daje a zdrav\u00e9ho \u017eivotn\u00edho stylu. Je to tak\u00e9 skv\u011bl\u00fd d\u00e1rek.","og_url":"https:\/\/matchamoya.cz\/en\/shop\/matcha-vyhodne-darkove-sety\/japonsky-set-zeleny-caj-dle-vyberu-a-matcha-med-moya\/","og_site_name":"Matcha Moya","article_modified_time":"2026-03-30T21:36:23+00:00","og_image":[{"width":810,"height":1210,"url":"https:\/\/matchamoya.cz\/wp-content\/uploads\/2025\/12\/matcha-caj-japonsky-a-med-v-setu-1.jpg","type":"image\/jpeg"}],"twitter_card":"summary_large_image","twitter_misc":{"Est. reading time":"3 minutes"},"schema":{"@context":"https:\/\/schema.org","@graph":[{"@type":"WebPage","@id":"https:\/\/matchamoya.cz\/en\/shop\/matcha-vyhodne-darkove-sety\/japonsky-set-zeleny-caj-dle-vyberu-a-matcha-med-moya\/","url":"https:\/\/matchamoya.cz\/en\/shop\/matcha-vyhodne-darkove-sety\/japonsky-set-zeleny-caj-dle-vyberu-a-matcha-med-moya\/","name":"Japonsk\u00fd set-Zelen\u00fd \u010daj DLE V\u00ddB\u011aRU a matcha MED Moya | Matcha Moya","isPartOf":{"@id":"https:\/\/matchamoya.cz\/en\/#website"},"primaryImageOfPage":{"@id":"https:\/\/matchamoya.cz\/en\/shop\/matcha-vyhodne-darkove-sety\/japonsky-set-zeleny-caj-dle-vyberu-a-matcha-med-moya\/#primaryimage"},"image":{"@id":"https:\/\/matchamoya.cz\/en\/shop\/matcha-vyhodne-darkove-sety\/japonsky-set-zeleny-caj-dle-vyberu-a-matcha-med-moya\/#primaryimage"},"thumbnailUrl":"https:\/\/matchamoya.cz\/wp-content\/uploads\/2025\/12\/matcha-caj-japonsky-a-med-v-setu-1.jpg","datePublished":"2025-12-02T18:19:42+00:00","dateModified":"2026-03-30T21:36:23+00:00","description":"Japonsk\u00fd set-Zelen\u00fd \u010daj DLE V\u00ddB\u011aRU a matcha MED Moya je perfektn\u00ed sada pro v\u0161echny p\u0159\u00edznivce \u010daje a zdrav\u00e9ho \u017eivotn\u00edho stylu. Je to tak\u00e9 skv\u011bl\u00fd d\u00e1rek.","breadcrumb":{"@id":"https:\/\/matchamoya.cz\/en\/shop\/matcha-vyhodne-darkove-sety\/japonsky-set-zeleny-caj-dle-vyberu-a-matcha-med-moya\/#breadcrumb"},"inLanguage":"en-US","potentialAction":[{"@type":"ReadAction","target":["https:\/\/matchamoya.cz\/en\/shop\/matcha-vyhodne-darkove-sety\/japonsky-set-zeleny-caj-dle-vyberu-a-matcha-med-moya\/"]}]},{"@type":"ImageObject","inLanguage":"en-US","@id":"https:\/\/matchamoya.cz\/en\/shop\/matcha-vyhodne-darkove-sety\/japonsky-set-zeleny-caj-dle-vyberu-a-matcha-med-moya\/#primaryimage","url":"https:\/\/matchamoya.cz\/wp-content\/uploads\/2025\/12\/matcha-caj-japonsky-a-med-v-setu-1.jpg","contentUrl":"https:\/\/matchamoya.cz\/wp-content\/uploads\/2025\/12\/matcha-caj-japonsky-a-med-v-setu-1.jpg","width":810,"height":1210,"caption":"matcha-caj-set-zdravy-zivotni-styl-a-darek"},{"@type":"BreadcrumbList","@id":"https:\/\/matchamoya.cz\/en\/shop\/matcha-vyhodne-darkove-sety\/japonsky-set-zeleny-caj-dle-vyberu-a-matcha-med-moya\/#breadcrumb","itemListElement":[{"@type":"ListItem","position":1,"name":"Dom\u016f","item":"https:\/\/matchamoya.cz\/"},{"@type":"ListItem","position":2,"name":"E-SHOP","item":"https:\/\/matchamoya.cz\/shop\/"},{"@type":"ListItem","position":3,"name":"Japonsk\u00fd set-Zelen\u00fd \u010daj DLE V\u00ddB\u011aRU a matcha MED Moya"}]},{"@type":"WebSite","@id":"https:\/\/matchamoya.cz\/en\/#website","url":"https:\/\/matchamoya.cz\/en\/","name":"Matcha Moya","description":"Matcha Moya","publisher":{"@id":"https:\/\/matchamoya.cz\/en\/#organization"},"potentialAction":[{"@type":"SearchAction","target":{"@type":"EntryPoint","urlTemplate":"https:\/\/matchamoya.cz\/en\/?s={search_term_string}"},"query-input":{"@type":"PropertyValueSpecification","valueRequired":true,"valueName":"search_term_string"}}],"inLanguage":"en-US"},{"@type":"Organization","@id":"https:\/\/matchamoya.cz\/en\/#organization","name":"Moya Matcha","url":"https:\/\/matchamoya.cz\/en\/","logo":{"@type":"ImageObject","inLanguage":"en-US","@id":"https:\/\/matchamoya.cz\/en\/#\/schema\/logo\/image\/","url":"https:\/\/matchamoya.cz\/wp-content\/uploads\/2020\/03\/MOYA_Logo_Green-Black_02.png","contentUrl":"https:\/\/matchamoya.cz\/wp-content\/uploads\/2020\/03\/MOYA_Logo_Green-Black_02.png","width":313,"height":310,"caption":"Moya Matcha"},"image":{"@id":"https:\/\/matchamoya.cz\/en\/#\/schema\/logo\/image\/"}}]}},"_links":{"self":[{"href":"https:\/\/matchamoya.cz\/en\/wp-json\/wp\/v2\/product\/4571"}],"collection":[{"href":"https:\/\/matchamoya.cz\/en\/wp-json\/wp\/v2\/product"}],"about":[{"href":"https:\/\/matchamoya.cz\/en\/wp-json\/wp\/v2\/types\/product"}],"replies":[{"embeddable":true,"href":"https:\/\/matchamoya.cz\/en\/wp-json\/wp\/v2\/comments?post=4571"}],"wp:featuredmedia":[{"embeddable":true,"href":"https:\/\/matchamoya.cz\/en\/wp-json\/wp\/v2\/media\/4572"}],"wp:attachment":[{"href":"https:\/\/matchamoya.cz\/en\/wp-json\/wp\/v2\/media?parent=4571"}],"wp:term":[{"taxonomy":"product_cat","embeddable":true,"href":"https:\/\/matchamoya.cz\/en\/wp-json\/wp\/v2\/product_cat?post=4571"},{"taxonomy":"product_tag","embeddable":true,"href":"https:\/\/matchamoya.cz\/en\/wp-json\/wp\/v2\/product_tag?post=4571"}],"curies":[{"name":"wp","href":"https:\/\/api.w.org\/{rel}","templated":true}]}}